{"id":21195,"date":"2025-03-26T13:26:28","date_gmt":"2025-03-26T13:26:28","guid":{"rendered":"https:\/\/freeshopswiss.alesca.org\/shop\/ysl-mascara-volume-effet-faux-cils-01-noir-haute-densite\/"},"modified":"2025-03-26T13:36:47","modified_gmt":"2025-03-26T13:36:47","slug":"ysl-mascara-volume-effet-faux-cils-01-noir-haute-densite","status":"publish","type":"product","link":"https:\/\/www.freeshopfrontiera.ch\/fr\/shop\/ysl-mascara-volume-effet-faux-cils-01-noir-haute-densite\/","title":{"rendered":"YSL Mascara Volume Effet Faux Cils &#8211; 01 Noir Haute Densite"},"content":{"rendered":"<p class=\"\" data-start=\"3009\" data-end=\"3361\">Le <strong data-start=\"3012\" data-end=\"3072\">YSL Mascara Volume Effet Faux Cils 01 Noir Haute Densit\u00e9<\/strong> est le mascara iconique d\u2019Yves Saint Laurent, con\u00e7u pour offrir un <strong data-start=\"3140\" data-end=\"3194\">volume spectaculaire et un effet faux cils intense<\/strong>. Id\u00e9al pour celles qui r\u00eavent de cils plus \u00e9pais et plus volumineux en un seul geste, ce mascara allie luxe et performance pour un regard transform\u00e9 instantan\u00e9ment.<\/p>\n<p class=\"\" data-start=\"3363\" data-end=\"3658\">Sa texture cr\u00e9meuse et ultra-pigment\u00e9e enrobe chaque cil de la racine \u00e0 la pointe, cr\u00e9ant un <strong data-start=\"3456\" data-end=\"3475\">effet faux cils<\/strong> sans paquets. La teinte <strong data-start=\"3500\" data-end=\"3522\">Noir Haute Densit\u00e9<\/strong>, un noir profond et intense, sublime le regard et le rend irr\u00e9sistiblement magn\u00e9tique, parfait pour un look audacieux et sophistiqu\u00e9.<\/p>\n<p class=\"\" data-start=\"3660\" data-end=\"3950\">Sa formule est enrichie en <strong data-start=\"3687\" data-end=\"3702\">actifs soin<\/strong>, notamment en huile d\u2019argan et en provitamine B5, qui nourrissent et fortifient les cils tout en les gardant souples et l\u00e9gers. Gr\u00e2ce \u00e0 sa technologie anti-bavures, la tenue est impeccable tout au long de la journ\u00e9e, sans n\u00e9cessit\u00e9 de retouches.<\/p>\n<p class=\"\" data-start=\"3952\" data-end=\"4177\">Sa brosse dense et ergonomique attrape chaque cil, r\u00e9partissant la mati\u00e8re de mani\u00e8re homog\u00e8ne pour un <strong data-start=\"4055\" data-end=\"4095\">volume imm\u00e9diat et un regard intense<\/strong>. R\u00e9sultat : des cils magnifiquement \u00e9toff\u00e9s, s\u00e9par\u00e9s et galb\u00e9s \u00e0 la perfection.<\/p>\n<p class=\"\" data-start=\"4179\" data-end=\"4361\">Parfait pour toutes les occasions, le <strong data-start=\"4217\" data-end=\"4255\">YSL Mascara Volume Effet Faux Cils<\/strong> est l\u2019alli\u00e9 id\u00e9al pour un regard glamour et sophistiqu\u00e9, avec un effet professionnel digne des podiums.<\/p>\n<p data-start=\"1328\" data-end=\"1517\">Follow us! <a href=\"https:\/\/www.instagram.com\/freeshopswiss\/\" target=\"_blank\" rel=\"noopener\">@freeshopswiss<\/a><\/p>\n","protected":false},"excerpt":{"rendered":"<p>Le YSL Mascara Volume Effet Faux Cils 01 Noir Haute Densit\u00e9 est le mascara iconique d\u2019Yves Saint Laurent, con\u00e7u pour offrir un volume spectaculaire et un effet faux cils intense. Id\u00e9al pour celles qui r\u00eavent de cils plus \u00e9pais et plus volumineux en un seul geste, ce mascara allie luxe et performance pour un regard [&hellip;]<\/p>\n","protected":false},"featured_media":21191,"comment_status":"open","ping_status":"closed","template":"","meta":[],"pwb-brand":[268],"product_brand":[],"product_cat":[109,566,536],"product_tag":[296,477,471],"class_list":{"0":"post-21195","1":"product","2":"type-product","3":"status-publish","4":"has-post-thumbnail","6":"pwb-brand-yves-saint-laurent","7":"product_cat-pour-elle","8":"product_cat-make-up-fr-2","9":"product_cat-maquillage-des-yeux","10":"product_tag-femme","11":"product_tag-maquillage","12":"product_tag-maquillage-des-yeux","14":"first","15":"instock","16":"sale","17":"taxable","18":"shipping-taxable","19":"purchasable","20":"product-type-simple"},"brands":[{"id":268,"name":"Yves Saint Laurent","slug":"yves-saint-laurent"}],"_links":{"self":[{"href":"https:\/\/www.freeshopfrontiera.ch\/fr\/wp-json\/wp\/v2\/product\/21195","targetHints":{"allow":["GET"]}}],"collection":[{"href":"https:\/\/www.freeshopfrontiera.ch\/fr\/wp-json\/wp\/v2\/product"}],"about":[{"href":"https:\/\/www.freeshopfrontiera.ch\/fr\/wp-json\/wp\/v2\/types\/product"}],"replies":[{"embeddable":true,"href":"https:\/\/www.freeshopfrontiera.ch\/fr\/wp-json\/wp\/v2\/comments?post=21195"}],"version-history":[{"count":2,"href":"https:\/\/www.freeshopfrontiera.ch\/fr\/wp-json\/wp\/v2\/product\/21195\/revisions"}],"predecessor-version":[{"id":21200,"href":"https:\/\/www.freeshopfrontiera.ch\/fr\/wp-json\/wp\/v2\/product\/21195\/revisions\/21200"}],"wp:featuredmedia":[{"embeddable":true,"href":"https:\/\/www.freeshopfrontiera.ch\/fr\/wp-json\/wp\/v2\/media\/21191"}],"wp:attachment":[{"href":"https:\/\/www.freeshopfrontiera.ch\/fr\/wp-json\/wp\/v2\/media?parent=21195"}],"wp:term":[{"taxonomy":"pwb-brand","embeddable":true,"href":"https:\/\/www.freeshopfrontiera.ch\/fr\/wp-json\/wp\/v2\/pwb-brand?post=21195"},{"taxonomy":"product_brand","embeddable":true,"href":"https:\/\/www.freeshopfrontiera.ch\/fr\/wp-json\/wp\/v2\/product_brand?post=21195"},{"taxonomy":"product_cat","embeddable":true,"href":"https:\/\/www.freeshopfrontiera.ch\/fr\/wp-json\/wp\/v2\/product_cat?post=21195"},{"taxonomy":"product_tag","embeddable":true,"href":"https:\/\/www.freeshopfrontiera.ch\/fr\/wp-json\/wp\/v2\/product_tag?post=21195"}],"curies":[{"name":"wp","href":"https:\/\/api.w.org\/{rel}","templated":true}]}}