{"id":21297,"date":"2025-03-26T15:18:07","date_gmt":"2025-03-26T15:18:07","guid":{"rendered":"https:\/\/freeshopswiss.alesca.org\/shop\/ysl-all-hours-hyper-finish-matte-compact-powder-7-5g-03\/"},"modified":"2025-03-26T15:23:19","modified_gmt":"2025-03-26T15:23:19","slug":"ysl-all-hours-hyper-finish-matte-compact-powder-7-5g-03","status":"publish","type":"product","link":"https:\/\/www.freeshopfrontiera.ch\/fr\/shop\/ysl-all-hours-hyper-finish-matte-compact-powder-7-5g-03\/","title":{"rendered":"YSL All Hours Hyper Finish Matte Compact Powder 7.5g &#8211; 03"},"content":{"rendered":"<p class=\"\" data-start=\"3362\" data-end=\"3731\">Le <strong data-start=\"3365\" data-end=\"3419\">YSL All Hours Hyper Finish Matte Compact Powder 03<\/strong>\u00a0est un fond de teint compact haute performance qui garantit un teint parfait, matifi\u00e9 et sans brillance tout au long de la journ\u00e9e. Id\u00e9al pour celles et ceux qui recherchent une peau lisse et uniforme, sa formule innovante offre une couvrance modulable qui s\u2019adapte \u00e0 tous les types de peau sans effet pl\u00e2tre.<\/p>\n<p class=\"\" data-start=\"3733\" data-end=\"4144\">Sa texture ultra-l\u00e9g\u00e8re et soyeuse fusionne imm\u00e9diatement avec la peau, assurant un r\u00e9sultat naturel et sophistiqu\u00e9. Gr\u00e2ce \u00e0 sa capacit\u00e9 \u00e0 minimiser l\u2019apparence des pores, des imperfections et des signes de fatigue, il devient un alli\u00e9 indispensable pour un maquillage longue tenue impeccable. Son fini mat n\u2019est jamais terne, mais velout\u00e9 et raffin\u00e9, sublimant la beaut\u00e9 naturelle de la peau sans l\u2019ass\u00e9cher.<\/p>\n<p class=\"\" data-start=\"4146\" data-end=\"4593\">Enrichi en agents absorbants, ce fond de teint compact est parfait pour les peaux mixtes \u00e0 grasses, aidant \u00e0 contr\u00f4ler l\u2019exc\u00e8s de s\u00e9bum et \u00e0 pr\u00e9venir la brillance ind\u00e9sirable. Cependant, sa formulation douce le rend \u00e9galement adapt\u00e9 aux peaux normales, offrant un confort optimal tout au long de la journ\u00e9e. Il peut \u00eatre utilis\u00e9 seul pour un effet naturel et l\u00e9ger ou appliqu\u00e9 sur un fond de teint pour fixer le maquillage et prolonger sa tenue.<\/p>\n<p class=\"\" data-start=\"4595\" data-end=\"4985\">Son bo\u00eetier \u00e9l\u00e9gant et pratique, \u00e9quip\u00e9 d\u2019un miroir et d\u2019un applicateur, le rend id\u00e9al pour des retouches \u00e0 tout moment de la journ\u00e9e. Facile \u00e0 appliquer et \u00e0 estomper, le <strong data-start=\"4767\" data-end=\"4821\">YSL All Hours Hyper Finish Matte Compact Powder 03<\/strong>\u00a0est un indispensable pour celles et ceux qui souhaitent un teint parfait, mat et lisse, avec une sensation de fra\u00eecheur et de l\u00e9g\u00e8ret\u00e9 qui dure toute la journ\u00e9e.<\/p>\n<p data-start=\"1300\" data-end=\"1700\">\n<p data-start=\"1300\" data-end=\"1700\">Follow us!\u00a0<a href=\"https:\/\/www.instagram.com\/freeshopswiss\/\" target=\"_blank\" rel=\"noopener\">@freeshopswiss<\/a><\/p>\n","protected":false},"excerpt":{"rendered":"<p>Le YSL All Hours Hyper Finish Matte Compact Powder 03\u00a0est un fond de teint compact haute performance qui garantit un teint parfait, matifi\u00e9 et sans brillance tout au long de la journ\u00e9e. Id\u00e9al pour celles et ceux qui recherchent une peau lisse et uniforme, sa formule innovante offre une couvrance modulable qui s\u2019adapte \u00e0 tous [&hellip;]<\/p>\n","protected":false},"featured_media":21289,"comment_status":"open","ping_status":"closed","template":"","meta":[],"pwb-brand":[268],"product_brand":[],"product_cat":[566,539],"product_tag":[296,477,474],"class_list":{"0":"post-21297","1":"product","2":"type-product","3":"status-publish","4":"has-post-thumbnail","6":"pwb-brand-yves-saint-laurent","7":"product_cat-make-up-fr-2","8":"product_cat-maquillage-du-visage","9":"product_tag-femme","10":"product_tag-maquillage","11":"product_tag-maquillage-du-visage","13":"first","14":"outofstock","15":"sale","16":"taxable","17":"shipping-taxable","18":"purchasable","19":"product-type-simple"},"brands":[{"id":268,"name":"Yves Saint Laurent","slug":"yves-saint-laurent"}],"_links":{"self":[{"href":"https:\/\/www.freeshopfrontiera.ch\/fr\/wp-json\/wp\/v2\/product\/21297","targetHints":{"allow":["GET"]}}],"collection":[{"href":"https:\/\/www.freeshopfrontiera.ch\/fr\/wp-json\/wp\/v2\/product"}],"about":[{"href":"https:\/\/www.freeshopfrontiera.ch\/fr\/wp-json\/wp\/v2\/types\/product"}],"replies":[{"embeddable":true,"href":"https:\/\/www.freeshopfrontiera.ch\/fr\/wp-json\/wp\/v2\/comments?post=21297"}],"version-history":[{"count":2,"href":"https:\/\/www.freeshopfrontiera.ch\/fr\/wp-json\/wp\/v2\/product\/21297\/revisions"}],"predecessor-version":[{"id":21302,"href":"https:\/\/www.freeshopfrontiera.ch\/fr\/wp-json\/wp\/v2\/product\/21297\/revisions\/21302"}],"wp:featuredmedia":[{"embeddable":true,"href":"https:\/\/www.freeshopfrontiera.ch\/fr\/wp-json\/wp\/v2\/media\/21289"}],"wp:attachment":[{"href":"https:\/\/www.freeshopfrontiera.ch\/fr\/wp-json\/wp\/v2\/media?parent=21297"}],"wp:term":[{"taxonomy":"pwb-brand","embeddable":true,"href":"https:\/\/www.freeshopfrontiera.ch\/fr\/wp-json\/wp\/v2\/pwb-brand?post=21297"},{"taxonomy":"product_brand","embeddable":true,"href":"https:\/\/www.freeshopfrontiera.ch\/fr\/wp-json\/wp\/v2\/product_brand?post=21297"},{"taxonomy":"product_cat","embeddable":true,"href":"https:\/\/www.freeshopfrontiera.ch\/fr\/wp-json\/wp\/v2\/product_cat?post=21297"},{"taxonomy":"product_tag","embeddable":true,"href":"https:\/\/www.freeshopfrontiera.ch\/fr\/wp-json\/wp\/v2\/product_tag?post=21297"}],"curies":[{"name":"wp","href":"https:\/\/api.w.org\/{rel}","templated":true}]}}