{"id":21486,"date":"2025-03-28T12:41:40","date_gmt":"2025-03-28T12:41:40","guid":{"rendered":"https:\/\/freeshopswiss.alesca.org\/shop\/pupa-foundation-brush\/"},"modified":"2025-03-28T12:49:35","modified_gmt":"2025-03-28T12:49:35","slug":"pupa-foundation-brush","status":"publish","type":"product","link":"https:\/\/www.freeshopfrontiera.ch\/fr\/shop\/pupa-foundation-brush\/","title":{"rendered":"PUPA Foundation Brush"},"content":{"rendered":"<article class=\"w-full text-token-text-primary\" dir=\"auto\" data-testid=\"conversation-turn-16\" data-scroll-anchor=\"true\">\n<div class=\"text-base my-auto mx-auto py-5 px-6\">\n<div class=\"mx-auto flex flex-1 text-base gap-4 md:gap-5 lg:gap-6 md:max-w-3xl group\/turn-messages focus-visible:outline-none\" tabindex=\"-1\">\n<div class=\"group\/conversation-turn relative flex w-full min-w-0 flex-col agent-turn @xs\/thread:px-0 @sm\/thread:px-1.5 @md\/thread:px-4\">\n<div class=\"relative flex-col gap-1 md:gap-3\">\n<div class=\"flex max-w-full flex-col flex-grow\">\n<div class=\"min-h-8 text-message relative flex w-full flex-col items-end gap-2 whitespace-normal break-words text-start [.text-message+&amp;]:mt-5\" dir=\"auto\" data-message-author-role=\"assistant\" data-message-id=\"24581751-d9b9-48b0-a7e6-984c661d525b\" data-message-model-slug=\"gpt-4o\">\n<div class=\"flex w-full flex-col gap-1 empty:hidden first:pt-[3px]\">\n<div class=\"markdown prose w-full break-words dark:prose-invert light\">\n<p class=\"\" data-start=\"3104\" data-end=\"3616\">Le <strong data-start=\"3107\" data-end=\"3132\">PUPA Foundation Brush<\/strong> est l\u2019outil id\u00e9al pour une application parfaite du fond de teint, garantissant un fini uniforme, naturel et professionnel. Fabriqu\u00e9 avec des poils synth\u00e9tiques de haute qualit\u00e9, il assure une r\u00e9partition homog\u00e8ne du produit sans laisser de traces, pour un teint lisse et lumineux. Sa forme pr\u00e9cis\u00e9ment con\u00e7ue permet d\u2019atteindre facilement toutes les zones du visage, y compris les parties difficiles comme le contour des yeux et les c\u00f4t\u00e9s du nez, assurant une couvrance impeccable.<\/p>\n<p class=\"\" data-start=\"3618\" data-end=\"3944\">Parfait pour les fonds de teint liquides et en cr\u00e8me, le <strong data-start=\"3675\" data-end=\"3700\">PUPA Foundation Brush<\/strong> permet une couvrance modulable selon les besoins, d\u2019un look l\u00e9ger et naturel \u00e0 un fini plus intense et sophistiqu\u00e9. Les poils doux et flexibles glissent d\u00e9licatement sur la peau sans l\u2019irriter, ce qui le rend adapt\u00e9 m\u00eame aux peaux sensibles.<\/p>\n<p class=\"\" data-start=\"3946\" data-end=\"4276\">Le design ergonomique du manche assure une prise en main confortable et un contr\u00f4le parfait lors de l\u2019application, facilitant l\u2019estompage du produit pour un rendu impeccable. Sa structure r\u00e9sistante et durable en fait un accessoire essentiel dans la trousse beaut\u00e9 de toute personne aimant un maquillage soign\u00e9 et professionnel.<\/p>\n<p class=\"\" data-start=\"4278\" data-end=\"4631\">Facile \u00e0 nettoyer et con\u00e7u pour maintenir ses performances dans le temps, le <strong data-start=\"4355\" data-end=\"4380\">PUPA Foundation Brush<\/strong> est l\u2019outil parfait pour obtenir un teint uniforme, \u00e9clatant et sans d\u00e9faut, que ce soit pour un maquillage quotidien ou un look plus sophistiqu\u00e9. Un alli\u00e9 indispensable pour celles et ceux qui souhaitent une peau parfaite avec un minimum d\u2019effort.<\/p>\n<\/div>\n<p data-start=\"1106\" data-end=\"1318\">Follow us! <a href=\"https:\/\/www.instagram.com\/freeshopswiss\/\" target=\"_blank\" rel=\"noopener\">@freeshopswiss<\/a><\/p>\n<\/div>\n<\/div>\n<\/div>\n<\/div>\n<\/div>\n<\/div>\n<\/div>\n<\/article>\n","protected":false},"excerpt":{"rendered":"<p>Le PUPA Foundation Brush est l\u2019outil id\u00e9al pour une application parfaite du fond de teint, garantissant un fini uniforme, naturel et professionnel. Fabriqu\u00e9 avec des poils synth\u00e9tiques de haute qualit\u00e9, il assure une r\u00e9partition homog\u00e8ne du produit sans laisser de traces, pour un teint lisse et lumineux. Sa forme pr\u00e9cis\u00e9ment con\u00e7ue permet d\u2019atteindre facilement toutes [&hellip;]<\/p>\n","protected":false},"featured_media":21482,"comment_status":"open","ping_status":"closed","template":"","meta":[],"pwb-brand":[581],"product_brand":[],"product_cat":[109,566],"product_tag":[467,296,477,474],"class_list":{"0":"post-21486","1":"product","2":"type-product","3":"status-publish","4":"has-post-thumbnail","6":"pwb-brand-pupa","7":"product_cat-pour-elle","8":"product_cat-make-up-fr-2","9":"product_tag-accessoires-de-maquillage","10":"product_tag-femme","11":"product_tag-maquillage","12":"product_tag-maquillage-du-visage","14":"first","15":"outofstock","16":"sale","17":"taxable","18":"shipping-taxable","19":"purchasable","20":"product-type-simple"},"brands":[{"id":581,"name":"Pupa","slug":"pupa"}],"_links":{"self":[{"href":"https:\/\/www.freeshopfrontiera.ch\/fr\/wp-json\/wp\/v2\/product\/21486","targetHints":{"allow":["GET"]}}],"collection":[{"href":"https:\/\/www.freeshopfrontiera.ch\/fr\/wp-json\/wp\/v2\/product"}],"about":[{"href":"https:\/\/www.freeshopfrontiera.ch\/fr\/wp-json\/wp\/v2\/types\/product"}],"replies":[{"embeddable":true,"href":"https:\/\/www.freeshopfrontiera.ch\/fr\/wp-json\/wp\/v2\/comments?post=21486"}],"version-history":[{"count":1,"href":"https:\/\/www.freeshopfrontiera.ch\/fr\/wp-json\/wp\/v2\/product\/21486\/revisions"}],"predecessor-version":[{"id":21492,"href":"https:\/\/www.freeshopfrontiera.ch\/fr\/wp-json\/wp\/v2\/product\/21486\/revisions\/21492"}],"wp:featuredmedia":[{"embeddable":true,"href":"https:\/\/www.freeshopfrontiera.ch\/fr\/wp-json\/wp\/v2\/media\/21482"}],"wp:attachment":[{"href":"https:\/\/www.freeshopfrontiera.ch\/fr\/wp-json\/wp\/v2\/media?parent=21486"}],"wp:term":[{"taxonomy":"pwb-brand","embeddable":true,"href":"https:\/\/www.freeshopfrontiera.ch\/fr\/wp-json\/wp\/v2\/pwb-brand?post=21486"},{"taxonomy":"product_brand","embeddable":true,"href":"https:\/\/www.freeshopfrontiera.ch\/fr\/wp-json\/wp\/v2\/product_brand?post=21486"},{"taxonomy":"product_cat","embeddable":true,"href":"https:\/\/www.freeshopfrontiera.ch\/fr\/wp-json\/wp\/v2\/product_cat?post=21486"},{"taxonomy":"product_tag","embeddable":true,"href":"https:\/\/www.freeshopfrontiera.ch\/fr\/wp-json\/wp\/v2\/product_tag?post=21486"}],"curies":[{"name":"wp","href":"https:\/\/api.w.org\/{rel}","templated":true}]}}