{"id":21515,"date":"2025-03-28T13:54:01","date_gmt":"2025-03-28T13:54:01","guid":{"rendered":"https:\/\/freeshopswiss.alesca.org\/shop\/pupa-round-blusher-brush\/"},"modified":"2025-03-28T13:59:22","modified_gmt":"2025-03-28T13:59:22","slug":"pupa-round-blusher-brush","status":"publish","type":"product","link":"https:\/\/www.freeshopfrontiera.ch\/fr\/shop\/pupa-round-blusher-brush\/","title":{"rendered":"PUPA Round Blusher Brush"},"content":{"rendered":"<p class=\"\" data-start=\"5270\" data-end=\"5673\">Le <strong data-start=\"5273\" data-end=\"5301\">PUPA Round Blusher Brush<\/strong> est l\u2019outil id\u00e9al pour appliquer le blush avec pr\u00e9cision et naturel, mettant en valeur les traits du visage gr\u00e2ce \u00e0 une touche de couleur uniforme et harmonieuse. Gr\u00e2ce \u00e0 ses poils synth\u00e9tiques de haute qualit\u00e9, doux et flexibles, il assure une r\u00e9partition parfaite du produit, \u00e9vitant ainsi les accumulations et les irr\u00e9gularit\u00e9s, pour un r\u00e9sultat toujours impeccable.<\/p>\n<p class=\"\" data-start=\"5675\" data-end=\"6239\">Sa forme arrondie a \u00e9t\u00e9 sp\u00e9cialement con\u00e7ue pour s\u2019adapter parfaitement \u00e0 la structure du visage, permettant d\u2019estomper le blush facilement et uniform\u00e9ment. Ce design permet d\u2019obtenir un effet frais et lumineux, apportant \u00e9clat et vitalit\u00e9 au teint. Id\u00e9al pour les produits en poudre, il capte la quantit\u00e9 parfaite de mati\u00e8re, \u00e9vitant le gaspillage et garantissant une application homog\u00e8ne. L\u2019intensit\u00e9 de la couleur peut \u00eatre modul\u00e9e en fonction des besoins, permettant d\u2019obtenir aussi bien un rendu discret et naturel qu\u2019un effet plus structur\u00e9 et sophistiqu\u00e9.<\/p>\n<p class=\"\" data-start=\"6241\" data-end=\"6584\">Le manche ergonomique est con\u00e7u pour offrir une prise en main stable et confortable, garantissant un contr\u00f4le optimal lors de l\u2019application. Cela rend le <strong data-start=\"6395\" data-end=\"6423\">PUPA Round Blusher Brush<\/strong> facile \u00e0 utiliser, m\u00eame pour celles et ceux qui ne sont pas experts en maquillage, tout en assurant un r\u00e9sultat professionnel et \u00e9l\u00e9gant \u00e0 chaque utilisation.<\/p>\n<p class=\"\" data-start=\"6586\" data-end=\"7006\">Facile \u00e0 nettoyer et con\u00e7u pour durer dans le temps, ce pinceau est un accessoire indispensable pour celles et ceux qui souhaitent obtenir un teint \u00e9clatant et naturel en quelques gestes. Parfait pour toutes les routines beaut\u00e9, il s\u2019adapte \u00e0 tous les styles de maquillage, du plus minimaliste au plus sophistiqu\u00e9, devenant ainsi un alli\u00e9 essentiel pour sublimer le visage avec une touche de couleur fra\u00eeche et vibrante.<\/p>\n<p data-start=\"1346\" data-end=\"1745\">Follow us! <a href=\"https:\/\/www.instagram.com\/freeshopswiss\/\" target=\"_blank\" rel=\"noopener\">@freeshopswiss<\/a><\/p>\n","protected":false},"excerpt":{"rendered":"<p>Le PUPA Round Blusher Brush est l\u2019outil id\u00e9al pour appliquer le blush avec pr\u00e9cision et naturel, mettant en valeur les traits du visage gr\u00e2ce \u00e0 une touche de couleur uniforme et harmonieuse. Gr\u00e2ce \u00e0 ses poils synth\u00e9tiques de haute qualit\u00e9, doux et flexibles, il assure une r\u00e9partition parfaite du produit, \u00e9vitant ainsi les accumulations et [&hellip;]<\/p>\n","protected":false},"featured_media":21511,"comment_status":"open","ping_status":"closed","template":"","meta":[],"pwb-brand":[581],"product_brand":[],"product_cat":[109,566],"product_tag":[467,296,477,474],"class_list":{"0":"post-21515","1":"product","2":"type-product","3":"status-publish","4":"has-post-thumbnail","6":"pwb-brand-pupa","7":"product_cat-pour-elle","8":"product_cat-make-up-fr-2","9":"product_tag-accessoires-de-maquillage","10":"product_tag-femme","11":"product_tag-maquillage","12":"product_tag-maquillage-du-visage","14":"first","15":"outofstock","16":"sale","17":"taxable","18":"shipping-taxable","19":"purchasable","20":"product-type-simple"},"brands":[{"id":581,"name":"Pupa","slug":"pupa"}],"_links":{"self":[{"href":"https:\/\/www.freeshopfrontiera.ch\/fr\/wp-json\/wp\/v2\/product\/21515","targetHints":{"allow":["GET"]}}],"collection":[{"href":"https:\/\/www.freeshopfrontiera.ch\/fr\/wp-json\/wp\/v2\/product"}],"about":[{"href":"https:\/\/www.freeshopfrontiera.ch\/fr\/wp-json\/wp\/v2\/types\/product"}],"replies":[{"embeddable":true,"href":"https:\/\/www.freeshopfrontiera.ch\/fr\/wp-json\/wp\/v2\/comments?post=21515"}],"version-history":[{"count":3,"href":"https:\/\/www.freeshopfrontiera.ch\/fr\/wp-json\/wp\/v2\/product\/21515\/revisions"}],"predecessor-version":[{"id":21520,"href":"https:\/\/www.freeshopfrontiera.ch\/fr\/wp-json\/wp\/v2\/product\/21515\/revisions\/21520"}],"wp:featuredmedia":[{"embeddable":true,"href":"https:\/\/www.freeshopfrontiera.ch\/fr\/wp-json\/wp\/v2\/media\/21511"}],"wp:attachment":[{"href":"https:\/\/www.freeshopfrontiera.ch\/fr\/wp-json\/wp\/v2\/media?parent=21515"}],"wp:term":[{"taxonomy":"pwb-brand","embeddable":true,"href":"https:\/\/www.freeshopfrontiera.ch\/fr\/wp-json\/wp\/v2\/pwb-brand?post=21515"},{"taxonomy":"product_brand","embeddable":true,"href":"https:\/\/www.freeshopfrontiera.ch\/fr\/wp-json\/wp\/v2\/product_brand?post=21515"},{"taxonomy":"product_cat","embeddable":true,"href":"https:\/\/www.freeshopfrontiera.ch\/fr\/wp-json\/wp\/v2\/product_cat?post=21515"},{"taxonomy":"product_tag","embeddable":true,"href":"https:\/\/www.freeshopfrontiera.ch\/fr\/wp-json\/wp\/v2\/product_tag?post=21515"}],"curies":[{"name":"wp","href":"https:\/\/api.w.org\/{rel}","templated":true}]}}