{"id":21548,"date":"2025-03-28T14:37:48","date_gmt":"2025-03-28T14:37:48","guid":{"rendered":"https:\/\/freeshopswiss.alesca.org\/shop\/shiseido-men-total-revitalizer-light-fluid-70ml\/"},"modified":"2025-03-28T14:46:08","modified_gmt":"2025-03-28T14:46:08","slug":"shiseido-men-total-revitalizer-light-fluid-70ml","status":"publish","type":"product","link":"https:\/\/www.freeshopfrontiera.ch\/fr\/shop\/shiseido-men-total-revitalizer-light-fluid-70ml\/","title":{"rendered":"SHISEIDO Men Total Revitalizer Light Fluid 70ml"},"content":{"rendered":"<p class=\"\" data-start=\"3263\" data-end=\"3729\">Le <strong data-start=\"3266\" data-end=\"3312\">SHISEIDO Men Total Revitalizer Light Fluid<\/strong> est un soin du visage innovant sp\u00e9cialement con\u00e7u pour r\u00e9pondre aux besoins sp\u00e9cifiques de la peau masculine. Sa formule l\u00e9g\u00e8re et non grasse hydrate en profondeur, r\u00e9g\u00e9n\u00e8re et revitalise la peau, lui offrant une apparence fra\u00eeche, lumineuse et saine. Gr\u00e2ce \u00e0 la technologie avanc\u00e9e de SHISEIDO, ce fluide stimule la peau et aide \u00e0 lutter contre les signes de fatigue, donnant ainsi un teint plus jeune et tonifi\u00e9.<\/p>\n<p class=\"\" data-start=\"3731\" data-end=\"4141\">Sa texture fluide s\u2019absorbe rapidement sans laisser de r\u00e9sidus gras, ce qui le rend parfait m\u00eame pour les peaux grasses ou mixtes. D\u00e8s la premi\u00e8re application, la peau est imm\u00e9diatement hydrat\u00e9e, visiblement plus ferme et tonifi\u00e9e. Avec une utilisation r\u00e9guli\u00e8re, le <strong data-start=\"3998\" data-end=\"4044\">SHISEIDO Men Total Revitalizer Light Fluid<\/strong> am\u00e9liore la vitalit\u00e9 de la peau, offrant un effet r\u00e9g\u00e9n\u00e9rant qui apporte \u00e9nergie et fra\u00eecheur.<\/p>\n<p class=\"\" data-start=\"4143\" data-end=\"4550\">Enrichi en ingr\u00e9dients actifs qui renforcent la barri\u00e8re naturelle de la peau, ce fluide revitalisant aide \u00e0 maintenir un niveau d\u2019hydratation optimal tout au long de la journ\u00e9e, tout en prot\u00e9geant la peau des agressions ext\u00e9rieures, telles que la pollution et le stress environnemental. Il contribue \u00e9galement \u00e0 renforcer la r\u00e9sistance naturelle de la peau contre les facteurs environnementaux nuisibles.<\/p>\n<p class=\"\" data-start=\"4552\" data-end=\"4815\">Ce fluide est id\u00e9al pour l\u2019homme moderne qui recherche une solution rapide et efficace pour am\u00e9liorer la sant\u00e9 de sa peau. Il s\u2019int\u00e8gre parfaitement \u00e0 une routine de soins quotidienne et procure un teint rafra\u00eechi, renouvel\u00e9 et plein de vitalit\u00e9, jour apr\u00e8s jour.<\/p>\n<p data-start=\"1210\" data-end=\"1471\">Follow us! <a href=\"https:\/\/www.instagram.com\/freeshopswiss\/\" target=\"_blank\" rel=\"noopener\">@freeshopswiss<\/a><\/p>\n","protected":false},"excerpt":{"rendered":"<p>Le SHISEIDO Men Total Revitalizer Light Fluid est un soin du visage innovant sp\u00e9cialement con\u00e7u pour r\u00e9pondre aux besoins sp\u00e9cifiques de la peau masculine. Sa formule l\u00e9g\u00e8re et non grasse hydrate en profondeur, r\u00e9g\u00e9n\u00e8re et revitalise la peau, lui offrant une apparence fra\u00eeche, lumineuse et saine. Gr\u00e2ce \u00e0 la technologie avanc\u00e9e de SHISEIDO, ce fluide [&hellip;]<\/p>\n","protected":false},"featured_media":21543,"comment_status":"open","ping_status":"closed","template":"","meta":[],"pwb-brand":[312],"product_brand":[],"product_cat":[89,295,545],"product_tag":[143,417,301,591],"class_list":{"0":"post-21548","1":"product","2":"type-product","3":"status-publish","4":"has-post-thumbnail","6":"pwb-brand-shiseido","7":"product_cat-pour-lui","8":"product_cat-traitements","9":"product_cat-soin-du-visage","10":"product_tag-homme","11":"product_tag-soins-fr","12":"product_tag-soins-du-visage","13":"product_tag-trattamenti-viso-uomo-fr","15":"first","16":"instock","17":"sale","18":"taxable","19":"shipping-taxable","20":"purchasable","21":"product-type-simple"},"brands":[{"id":312,"name":"Shiseido","slug":"shiseido"}],"_links":{"self":[{"href":"https:\/\/www.freeshopfrontiera.ch\/fr\/wp-json\/wp\/v2\/product\/21548","targetHints":{"allow":["GET"]}}],"collection":[{"href":"https:\/\/www.freeshopfrontiera.ch\/fr\/wp-json\/wp\/v2\/product"}],"about":[{"href":"https:\/\/www.freeshopfrontiera.ch\/fr\/wp-json\/wp\/v2\/types\/product"}],"replies":[{"embeddable":true,"href":"https:\/\/www.freeshopfrontiera.ch\/fr\/wp-json\/wp\/v2\/comments?post=21548"}],"version-history":[{"count":1,"href":"https:\/\/www.freeshopfrontiera.ch\/fr\/wp-json\/wp\/v2\/product\/21548\/revisions"}],"predecessor-version":[{"id":21553,"href":"https:\/\/www.freeshopfrontiera.ch\/fr\/wp-json\/wp\/v2\/product\/21548\/revisions\/21553"}],"wp:featuredmedia":[{"embeddable":true,"href":"https:\/\/www.freeshopfrontiera.ch\/fr\/wp-json\/wp\/v2\/media\/21543"}],"wp:attachment":[{"href":"https:\/\/www.freeshopfrontiera.ch\/fr\/wp-json\/wp\/v2\/media?parent=21548"}],"wp:term":[{"taxonomy":"pwb-brand","embeddable":true,"href":"https:\/\/www.freeshopfrontiera.ch\/fr\/wp-json\/wp\/v2\/pwb-brand?post=21548"},{"taxonomy":"product_brand","embeddable":true,"href":"https:\/\/www.freeshopfrontiera.ch\/fr\/wp-json\/wp\/v2\/product_brand?post=21548"},{"taxonomy":"product_cat","embeddable":true,"href":"https:\/\/www.freeshopfrontiera.ch\/fr\/wp-json\/wp\/v2\/product_cat?post=21548"},{"taxonomy":"product_tag","embeddable":true,"href":"https:\/\/www.freeshopfrontiera.ch\/fr\/wp-json\/wp\/v2\/product_tag?post=21548"}],"curies":[{"name":"wp","href":"https:\/\/api.w.org\/{rel}","templated":true}]}}