{"id":21660,"date":"2025-03-31T07:31:33","date_gmt":"2025-03-31T07:31:33","guid":{"rendered":"https:\/\/freeshopswiss.alesca.org\/shop\/bulgari-set-omnia-crystalline\/"},"modified":"2025-03-31T07:38:39","modified_gmt":"2025-03-31T07:38:39","slug":"bulgari-set-omnia-crystalline","status":"publish","type":"product","link":"https:\/\/www.freeshopfrontiera.ch\/fr\/shop\/bulgari-set-omnia-crystalline\/","title":{"rendered":"BULGARI SET Omnia Crystalline"},"content":{"rendered":"<p class=\"\" data-start=\"3863\" data-end=\"4200\">D\u00e9couvrez l\u2019\u00e9l\u00e9gance intemporelle du <strong data-start=\"3900\" data-end=\"3937\">Coffret Bulgari Omnia Crystalline<\/strong>, un ensemble exclusif qui c\u00e9l\u00e8bre la puret\u00e9 et le raffinement \u00e0 travers un parfum lumineux et sophistiqu\u00e9. Ce coffret comprend une <strong data-start=\"4069\" data-end=\"4097\">Eau de Toilette de 100ml<\/strong> ainsi qu\u2019un <strong data-start=\"4110\" data-end=\"4133\">mini flacon de 15ml<\/strong>, id\u00e9al pour une touche de fra\u00eecheur \u00e0 tout moment de la journ\u00e9e.<\/p>\n<p class=\"\" data-start=\"4202\" data-end=\"4845\">Inspir\u00e9 par la brillance et la transparence du cristal, <strong data-start=\"4258\" data-end=\"4279\">Omnia Crystalline<\/strong> est un parfum d\u00e9licat mais enveloppant, con\u00e7u pour une femme \u00e9l\u00e9gante qui aime sublimer sa beaut\u00e9 avec discr\u00e9tion et sophistication. Il s\u2019ouvre sur des <strong data-start=\"4432\" data-end=\"4490\">notes fra\u00eeches et fruit\u00e9es de bambou et de poire nashi<\/strong>, apportant une sensation de l\u00e9g\u00e8ret\u00e9 et de puret\u00e9. En son c\u0153ur, la <strong data-start=\"4558\" data-end=\"4576\">fleur de lotus<\/strong>, aux nuances aquatiques et cristallines, offre une touche florale raffin\u00e9e qui met en valeur la fra\u00eecheur du parfum. Enfin, le fond chaud et enveloppant de <strong data-start=\"4733\" data-end=\"4764\">bois de balsa et musc blanc<\/strong> assure une tenue \u00e9l\u00e9gante, laissant un sillage d\u00e9licat et sensuel sur la peau.<\/p>\n<p class=\"\" data-start=\"4847\" data-end=\"5193\">Le design du flacon refl\u00e8te l\u2019essence pr\u00e9cieuse de la fragrance : des lignes douces, des formes harmonieuses et une \u00e9l\u00e9gance minimaliste qui \u00e9voquent la clart\u00e9 et l\u2019\u00e9clat du cristal. La <strong data-start=\"5033\" data-end=\"5050\">version 100ml<\/strong> est parfaite pour une utilisation quotidienne, tandis que le <strong data-start=\"5112\" data-end=\"5135\">mini flacon de 15ml<\/strong> est id\u00e9al pour les voyages ou les retouches en journ\u00e9e.<\/p>\n<p class=\"\" data-start=\"5195\" data-end=\"5523\">Ce coffret est le cadeau id\u00e9al pour celles qui appr\u00e9cient les parfums l\u00e9gers mais persistants, sublimant la f\u00e9minit\u00e9 avec gr\u00e2ce et sophistication. Parfait pour toutes les occasions, du quotidien aux \u00e9v\u00e9nements sp\u00e9ciaux, <strong data-start=\"5415\" data-end=\"5444\">Bulgari Omnia Crystalline<\/strong> est une fragrance qui offre une touche de luxe et de fra\u00eecheur \u00e0 votre peau.<\/p>\n<p class=\"\" data-start=\"5525\" data-end=\"5734\"><strong data-start=\"5525\" data-end=\"5734\" data-is-last-node=\"\">Offrez-vous ou offrez \u00e0 un \u00eatre cher une exp\u00e9rience olfactive unique avec le Coffret Bulgari Omnia Crystalline : un bijou de lumi\u00e8re et de parfum, con\u00e7u pour celles qui aiment se distinguer avec \u00e9l\u00e9gance !<\/strong><\/p>\n<p data-start=\"1712\" data-end=\"1881\">Follow us <a href=\"https:\/\/www.instagram.com\/freeshopswiss\/\" target=\"_blank\" rel=\"noopener\">\u00a0@freeshopswiss<\/a><\/p>\n","protected":false},"excerpt":{"rendered":"<p>D\u00e9couvrez l\u2019\u00e9l\u00e9gance intemporelle du Coffret Bulgari Omnia Crystalline, un ensemble exclusif qui c\u00e9l\u00e8bre la puret\u00e9 et le raffinement \u00e0 travers un parfum lumineux et sophistiqu\u00e9. Ce coffret comprend une Eau de Toilette de 100ml ainsi qu\u2019un mini flacon de 15ml, id\u00e9al pour une touche de fra\u00eecheur \u00e0 tout moment de la journ\u00e9e. Inspir\u00e9 par la [&hellip;]<\/p>\n","protected":false},"featured_media":21655,"comment_status":"open","ping_status":"closed","template":"","meta":[],"pwb-brand":[399],"product_brand":[],"product_cat":[87,109,484],"product_tag":[459,461,141,296,97],"class_list":{"0":"post-21660","1":"product","2":"type-product","3":"status-publish","4":"has-post-thumbnail","6":"pwb-brand-bulgari","7":"product_cat-parfums","8":"product_cat-pour-elle","9":"product_cat-coffret","10":"product_tag-coffret","11":"product_tag-coffrets-femme","12":"product_tag-eau-de-toilette-fr","13":"product_tag-femme","14":"product_tag-parfums","16":"first","17":"outofstock","18":"sale","19":"taxable","20":"shipping-taxable","21":"purchasable","22":"product-type-simple"},"brands":[{"id":399,"name":"Bulgari","slug":"bulgari"}],"_links":{"self":[{"href":"https:\/\/www.freeshopfrontiera.ch\/fr\/wp-json\/wp\/v2\/product\/21660","targetHints":{"allow":["GET"]}}],"collection":[{"href":"https:\/\/www.freeshopfrontiera.ch\/fr\/wp-json\/wp\/v2\/product"}],"about":[{"href":"https:\/\/www.freeshopfrontiera.ch\/fr\/wp-json\/wp\/v2\/types\/product"}],"replies":[{"embeddable":true,"href":"https:\/\/www.freeshopfrontiera.ch\/fr\/wp-json\/wp\/v2\/comments?post=21660"}],"version-history":[{"count":2,"href":"https:\/\/www.freeshopfrontiera.ch\/fr\/wp-json\/wp\/v2\/product\/21660\/revisions"}],"predecessor-version":[{"id":21666,"href":"https:\/\/www.freeshopfrontiera.ch\/fr\/wp-json\/wp\/v2\/product\/21660\/revisions\/21666"}],"wp:featuredmedia":[{"embeddable":true,"href":"https:\/\/www.freeshopfrontiera.ch\/fr\/wp-json\/wp\/v2\/media\/21655"}],"wp:attachment":[{"href":"https:\/\/www.freeshopfrontiera.ch\/fr\/wp-json\/wp\/v2\/media?parent=21660"}],"wp:term":[{"taxonomy":"pwb-brand","embeddable":true,"href":"https:\/\/www.freeshopfrontiera.ch\/fr\/wp-json\/wp\/v2\/pwb-brand?post=21660"},{"taxonomy":"product_brand","embeddable":true,"href":"https:\/\/www.freeshopfrontiera.ch\/fr\/wp-json\/wp\/v2\/product_brand?post=21660"},{"taxonomy":"product_cat","embeddable":true,"href":"https:\/\/www.freeshopfrontiera.ch\/fr\/wp-json\/wp\/v2\/product_cat?post=21660"},{"taxonomy":"product_tag","embeddable":true,"href":"https:\/\/www.freeshopfrontiera.ch\/fr\/wp-json\/wp\/v2\/product_tag?post=21660"}],"curies":[{"name":"wp","href":"https:\/\/api.w.org\/{rel}","templated":true}]}}