{"id":21688,"date":"2025-03-31T08:12:19","date_gmt":"2025-03-31T08:12:19","guid":{"rendered":"https:\/\/freeshopswiss.alesca.org\/shop\/pupa-vamp-extreme-colour-plumping-lipstick-102-rose-nude\/"},"modified":"2025-03-31T08:20:05","modified_gmt":"2025-03-31T08:20:05","slug":"pupa-vamp-extreme-colour-plumping-lipstick-102-rose-nude","status":"publish","type":"product","link":"https:\/\/www.freeshopfrontiera.ch\/fr\/shop\/pupa-vamp-extreme-colour-plumping-lipstick-102-rose-nude\/","title":{"rendered":"PUPA Vamp! Extreme Colour Plumping Lipstick &#8211; 102 Rose Nude"},"content":{"rendered":"<article class=\"w-full text-token-text-primary\" dir=\"auto\" data-testid=\"conversation-turn-14\" data-scroll-anchor=\"false\">\n<div class=\"text-base my-auto mx-auto py-5 px-6\">\n<div class=\"mx-auto flex flex-1 text-base gap-4 md:gap-5 lg:gap-6 md:max-w-3xl group\/turn-messages focus-visible:outline-none\" tabindex=\"-1\">\n<div class=\"group\/conversation-turn relative flex w-full min-w-0 flex-col agent-turn @xs\/thread:px-0 @sm\/thread:px-1.5 @md\/thread:px-4\">\n<div class=\"relative flex-col gap-1 md:gap-3\">\n<div class=\"flex max-w-full flex-col flex-grow\">\n<div class=\"min-h-8 text-message relative flex w-full flex-col items-end gap-2 whitespace-normal break-words text-start [.text-message+&amp;]:mt-5\" dir=\"auto\" data-message-author-role=\"assistant\" data-message-id=\"259ba813-e568-4230-b7c3-c9bf24ebdc7f\" data-message-model-slug=\"gpt-4o\">\n<div class=\"flex w-full flex-col gap-1 empty:hidden first:pt-[3px]\">\n<div class=\"markdown prose w-full break-words dark:prose-invert light\">\n<p class=\"\" data-start=\"3841\" data-end=\"4241\">Le <strong data-start=\"3844\" data-end=\"3905\">PUPA Vamp! Extreme Colour Plumping Lipstick 102 Rose Nude<\/strong> est le rouge \u00e0 l\u00e8vres id\u00e9al pour celles qui souhaitent des l\u00e8vres pulpeuses, douces et sublim\u00e9es par une couleur naturelle et raffin\u00e9e. Gr\u00e2ce \u00e0 sa <strong data-start=\"4053\" data-end=\"4085\">formule innovante repulpante<\/strong>, il met en valeur la beaut\u00e9 des l\u00e8vres en leur apportant instantan\u00e9ment du volume et une hydratation intense, pour un r\u00e9sultat harmonieux et sophistiqu\u00e9.<\/p>\n<p class=\"\" data-start=\"4243\" data-end=\"4686\">Sa <strong data-start=\"4246\" data-end=\"4281\">texture cr\u00e9meuse et confortable<\/strong> glisse facilement sur les l\u00e8vres, offrant une application homog\u00e8ne et soyeuse. La teinte <strong data-start=\"4371\" data-end=\"4388\">102 Rose Nude<\/strong>, un rose d\u00e9licat et polyvalent aux nuances neutres et naturelles, illumine le visage avec \u00e9l\u00e9gance et subtilit\u00e9. Parfait pour toutes les occasions, du maquillage quotidien aux looks plus sophistiqu\u00e9s, ce rouge \u00e0 l\u00e8vres est un indispensable pour celles qui aiment les teintes douces et f\u00e9minines.<\/p>\n<p class=\"\" data-start=\"4688\" data-end=\"4997\">Enrichi en <strong data-start=\"4699\" data-end=\"4747\">ingr\u00e9dients hydratants et actifs volumateurs<\/strong>, ce rouge \u00e0 l\u00e8vres am\u00e9liore la d\u00e9finition des l\u00e8vres, les rendant visiblement plus lisses et plus pleines. L\u2019effet repulpant est d\u00e9licat mais efficace, offrant une sensation de confort et une apparence naturellement sublim\u00e9e sans effet artificiel.<\/p>\n<p class=\"\" data-start=\"4999\" data-end=\"5263\"><strong data-start=\"4999\" data-end=\"5039\">Tenue longue dur\u00e9e et confort absolu<\/strong> : Sa formule longue tenue garantit une couleur vibrante et impeccable pendant des heures, sans dess\u00e9cher les l\u00e8vres ni marquer les ridules. Le r\u00e9sultat ? Des l\u00e8vres toujours soign\u00e9es, \u00e9clatantes et parfaitement hydrat\u00e9es.<\/p>\n<p class=\"\" data-start=\"5265\" data-end=\"5517\">Adapt\u00e9 \u00e0 tous les types de peau, le <strong data-start=\"5301\" data-end=\"5362\">PUPA Vamp! Extreme Colour Plumping Lipstick 102 Rose Nude<\/strong> est le choix parfait pour celles qui recherchent un rouge \u00e0 l\u00e8vres naturel, \u00e9l\u00e9gant et repulpant, offrant un confort absolu et une texture irr\u00e9sistible.<\/p>\n<p class=\"\" data-start=\"5519\" data-end=\"5614\"><strong data-start=\"5519\" data-end=\"5614\" data-is-last-node=\"\">D\u00e9couvrez votre nouvel alli\u00e9 beaut\u00e9 et laissez-vous s\u00e9duire par le charme du nude parfait !<\/strong><\/p>\n<p data-start=\"5519\" data-end=\"5614\">\n<\/div>\n<\/div>\n<\/div>\n<\/div>\n<\/div>\n<\/div>\n<\/div>\n<\/div>\n<\/article>\n<p data-start=\"1671\" data-end=\"1770\">Follow us!\u00a0<a href=\"https:\/\/www.instagram.com\/freeshopswiss\/\" target=\"_blank\" rel=\"noopener\">@freeshopswiss<\/a><\/p>\n","protected":false},"excerpt":{"rendered":"<p>Le PUPA Vamp! Extreme Colour Plumping Lipstick 102 Rose Nude est le rouge \u00e0 l\u00e8vres id\u00e9al pour celles qui souhaitent des l\u00e8vres pulpeuses, douces et sublim\u00e9es par une couleur naturelle et raffin\u00e9e. Gr\u00e2ce \u00e0 sa formule innovante repulpante, il met en valeur la beaut\u00e9 des l\u00e8vres en leur apportant instantan\u00e9ment du volume et une hydratation [&hellip;]<\/p>\n","protected":false},"featured_media":21684,"comment_status":"open","ping_status":"closed","template":"","meta":[],"pwb-brand":[581],"product_brand":[],"product_cat":[109,566,586],"product_tag":[296,5050,477,587],"class_list":{"0":"post-21688","1":"product","2":"type-product","3":"status-publish","4":"has-post-thumbnail","6":"pwb-brand-pupa","7":"product_cat-pour-elle","8":"product_cat-make-up-fr-2","9":"product_cat-maquillage-de-slevres-fr","10":"product_tag-femme","11":"product_tag-fete-des-meres","12":"product_tag-maquillage","13":"product_tag-maquillage-des-levres-fr","15":"first","16":"instock","17":"sale","18":"taxable","19":"shipping-taxable","20":"purchasable","21":"product-type-simple"},"brands":[{"id":581,"name":"Pupa","slug":"pupa"}],"_links":{"self":[{"href":"https:\/\/www.freeshopfrontiera.ch\/fr\/wp-json\/wp\/v2\/product\/21688","targetHints":{"allow":["GET"]}}],"collection":[{"href":"https:\/\/www.freeshopfrontiera.ch\/fr\/wp-json\/wp\/v2\/product"}],"about":[{"href":"https:\/\/www.freeshopfrontiera.ch\/fr\/wp-json\/wp\/v2\/types\/product"}],"replies":[{"embeddable":true,"href":"https:\/\/www.freeshopfrontiera.ch\/fr\/wp-json\/wp\/v2\/comments?post=21688"}],"version-history":[{"count":6,"href":"https:\/\/www.freeshopfrontiera.ch\/fr\/wp-json\/wp\/v2\/product\/21688\/revisions"}],"predecessor-version":[{"id":21708,"href":"https:\/\/www.freeshopfrontiera.ch\/fr\/wp-json\/wp\/v2\/product\/21688\/revisions\/21708"}],"wp:featuredmedia":[{"embeddable":true,"href":"https:\/\/www.freeshopfrontiera.ch\/fr\/wp-json\/wp\/v2\/media\/21684"}],"wp:attachment":[{"href":"https:\/\/www.freeshopfrontiera.ch\/fr\/wp-json\/wp\/v2\/media?parent=21688"}],"wp:term":[{"taxonomy":"pwb-brand","embeddable":true,"href":"https:\/\/www.freeshopfrontiera.ch\/fr\/wp-json\/wp\/v2\/pwb-brand?post=21688"},{"taxonomy":"product_brand","embeddable":true,"href":"https:\/\/www.freeshopfrontiera.ch\/fr\/wp-json\/wp\/v2\/product_brand?post=21688"},{"taxonomy":"product_cat","embeddable":true,"href":"https:\/\/www.freeshopfrontiera.ch\/fr\/wp-json\/wp\/v2\/product_cat?post=21688"},{"taxonomy":"product_tag","embeddable":true,"href":"https:\/\/www.freeshopfrontiera.ch\/fr\/wp-json\/wp\/v2\/product_tag?post=21688"}],"curies":[{"name":"wp","href":"https:\/\/api.w.org\/{rel}","templated":true}]}}