{"id":21840,"date":"2025-03-31T10:59:40","date_gmt":"2025-03-31T10:59:40","guid":{"rendered":"https:\/\/freeshopswiss.alesca.org\/shop\/collistar-set-puro\/"},"modified":"2025-03-31T11:04:52","modified_gmt":"2025-03-31T11:04:52","slug":"collistar-set-puro","status":"publish","type":"product","link":"https:\/\/www.freeshopfrontiera.ch\/fr\/shop\/collistar-set-puro\/","title":{"rendered":"COLLISTAR SET Puro"},"content":{"rendered":"<p class=\"\" data-start=\"3837\" data-end=\"4239\">Le <strong data-start=\"3840\" data-end=\"3924\">COLLISTAR SET Puro Lipstick Blooming Almond 101 + Professional Lip Pencil 8 Rosa<\/strong> est la combinaison parfaite pour des l\u00e8vres impeccables, d\u00e9finies et d&rsquo;une couleur intense. Le set comprend le <strong data-start=\"4036\" data-end=\"4073\">Puro Lipstick Blooming Almond 101<\/strong>, un rouge \u00e0 l\u00e8vres cr\u00e9meux et confortable, ainsi que le <strong data-start=\"4130\" data-end=\"4164\">Professional Lip Pencil 8 Rosa<\/strong>, un crayon \u00e0 l\u00e8vres de haute qualit\u00e9 qui assure pr\u00e9cision et d\u00e9finition.<\/p>\n<p class=\"\" data-start=\"4241\" data-end=\"4676\">Le <strong data-start=\"4244\" data-end=\"4281\">Puro Lipstick Blooming Almond 101<\/strong> offre une formule nourrissante qui se fond d\u00e9licatement avec les l\u00e8vres, leur donnant une couleur pleine et vibrante avec un fini satin\u00e9. La teinte <strong data-start=\"4430\" data-end=\"4453\">Blooming Almond 101<\/strong>, un beau beige ros\u00e9, est parfaite pour un look naturel mais \u00e9l\u00e9gant, id\u00e9al pour le jour et la soir\u00e9e. Ce rouge \u00e0 l\u00e8vres est enrichi en ingr\u00e9dients hydratants qui laissent les l\u00e8vres douces et velout\u00e9es sans les ass\u00e9cher.<\/p>\n<p class=\"\" data-start=\"4678\" data-end=\"5083\">Le <strong data-start=\"4681\" data-end=\"4715\">Professional Lip Pencil 8 Rosa<\/strong> compl\u00e8te le look en d\u00e9finissant pr\u00e9cis\u00e9ment le contour des l\u00e8vres et en augmentant la dur\u00e9e du rouge \u00e0 l\u00e8vres. Le crayon, avec sa couleur d\u00e9licate et polyvalente, s&rsquo;applique facilement gr\u00e2ce \u00e0 sa texture lisse, permettant une application uniforme et sans bavures. La combinaison de ce duo cr\u00e9e un look sophistiqu\u00e9 et longue tenue, parfait pour toutes les occasions.<\/p>\n<p class=\"\" data-start=\"5085\" data-end=\"5417\"><strong data-start=\"5085\" data-end=\"5101\">Longue dur\u00e9e<\/strong> et <strong data-start=\"5105\" data-end=\"5116\">confort<\/strong> sont garantis, gr\u00e2ce \u00e0 une formule r\u00e9sistante et hydratante. Le <strong data-start=\"5181\" data-end=\"5265\">COLLISTAR SET Puro Lipstick Blooming Almond 101 + Professional Lip Pencil 8 Rosa<\/strong> est le choix id\u00e9al pour celles qui souhaitent des l\u00e8vres \u00e9l\u00e9gantes, d\u00e9finies et qui restent parfaites toute la journ\u00e9e sans compromis sur la qualit\u00e9.<\/p>\n<p class=\"\" data-start=\"5419\" data-end=\"5550\"><strong data-start=\"5419\" data-end=\"5548\">D\u00e9couvrez le set qui vous offre des l\u00e8vres parfaites, douces et color\u00e9es intens\u00e9ment pour un look qui ne passe pas inaper\u00e7u !<\/strong><\/p>\n<p data-start=\"1642\" data-end=\"1760\">Follow us!\u00a0<a href=\"https:\/\/www.instagram.com\/freeshopswiss\/\" target=\"_blank\" rel=\"noopener\">@freeshopswiss<\/a><\/p>\n","protected":false},"excerpt":{"rendered":"<p>Le COLLISTAR SET Puro Lipstick Blooming Almond 101 + Professional Lip Pencil 8 Rosa est la combinaison parfaite pour des l\u00e8vres impeccables, d\u00e9finies et d&rsquo;une couleur intense. Le set comprend le Puro Lipstick Blooming Almond 101, un rouge \u00e0 l\u00e8vres cr\u00e9meux et confortable, ainsi que le Professional Lip Pencil 8 Rosa, un crayon \u00e0 l\u00e8vres [&hellip;]<\/p>\n","protected":false},"featured_media":21836,"comment_status":"open","ping_status":"closed","template":"","meta":[],"pwb-brand":[437],"product_brand":[],"product_cat":[566,586,539],"product_tag":[459,461,296,477,587],"class_list":{"0":"post-21840","1":"product","2":"type-product","3":"status-publish","4":"has-post-thumbnail","6":"pwb-brand-collistar","7":"product_cat-make-up-fr-2","8":"product_cat-maquillage-de-slevres-fr","9":"product_cat-maquillage-du-visage","10":"product_tag-coffret","11":"product_tag-coffrets-femme","12":"product_tag-femme","13":"product_tag-maquillage","14":"product_tag-maquillage-des-levres-fr","16":"first","17":"outofstock","18":"sale","19":"taxable","20":"shipping-taxable","21":"purchasable","22":"product-type-simple"},"brands":[{"id":437,"name":"Collistar","slug":"collistar"}],"_links":{"self":[{"href":"https:\/\/www.freeshopfrontiera.ch\/fr\/wp-json\/wp\/v2\/product\/21840","targetHints":{"allow":["GET"]}}],"collection":[{"href":"https:\/\/www.freeshopfrontiera.ch\/fr\/wp-json\/wp\/v2\/product"}],"about":[{"href":"https:\/\/www.freeshopfrontiera.ch\/fr\/wp-json\/wp\/v2\/types\/product"}],"replies":[{"embeddable":true,"href":"https:\/\/www.freeshopfrontiera.ch\/fr\/wp-json\/wp\/v2\/comments?post=21840"}],"version-history":[{"count":2,"href":"https:\/\/www.freeshopfrontiera.ch\/fr\/wp-json\/wp\/v2\/product\/21840\/revisions"}],"predecessor-version":[{"id":21845,"href":"https:\/\/www.freeshopfrontiera.ch\/fr\/wp-json\/wp\/v2\/product\/21840\/revisions\/21845"}],"wp:featuredmedia":[{"embeddable":true,"href":"https:\/\/www.freeshopfrontiera.ch\/fr\/wp-json\/wp\/v2\/media\/21836"}],"wp:attachment":[{"href":"https:\/\/www.freeshopfrontiera.ch\/fr\/wp-json\/wp\/v2\/media?parent=21840"}],"wp:term":[{"taxonomy":"pwb-brand","embeddable":true,"href":"https:\/\/www.freeshopfrontiera.ch\/fr\/wp-json\/wp\/v2\/pwb-brand?post=21840"},{"taxonomy":"product_brand","embeddable":true,"href":"https:\/\/www.freeshopfrontiera.ch\/fr\/wp-json\/wp\/v2\/product_brand?post=21840"},{"taxonomy":"product_cat","embeddable":true,"href":"https:\/\/www.freeshopfrontiera.ch\/fr\/wp-json\/wp\/v2\/product_cat?post=21840"},{"taxonomy":"product_tag","embeddable":true,"href":"https:\/\/www.freeshopfrontiera.ch\/fr\/wp-json\/wp\/v2\/product_tag?post=21840"}],"curies":[{"name":"wp","href":"https:\/\/api.w.org\/{rel}","templated":true}]}}