{"id":21911,"date":"2025-03-31T13:33:01","date_gmt":"2025-03-31T13:33:01","guid":{"rendered":"https:\/\/freeshopswiss.alesca.org\/shop\/giorgio-armani-prisma-glass-sugar-halo-08\/"},"modified":"2025-03-31T13:45:41","modified_gmt":"2025-03-31T13:45:41","slug":"giorgio-armani-prisma-glass-sugar-halo-08","status":"publish","type":"product","link":"https:\/\/www.freeshopfrontiera.ch\/fr\/shop\/giorgio-armani-prisma-glass-sugar-halo-08\/","title":{"rendered":"GIORGIO ARMANI Prisma Glass &#8211; Sugar Halo 08"},"content":{"rendered":"<p class=\"\" data-start=\"3894\" data-end=\"4236\">D\u00e9couvrez le nouveau <strong data-start=\"3915\" data-end=\"3946\">GIORGIO ARMANI Prisma Glass<\/strong>, le gloss r\u00e9volutionnaire qui associe <strong data-start=\"3985\" data-end=\"4036\">brillance multidimensionnelle et confort absolu<\/strong>, pour des l\u00e8vres incroyablement lumineuses et sophistiqu\u00e9es. Ce gloss haut de gamme a \u00e9t\u00e9 con\u00e7u pour offrir un <strong data-start=\"4148\" data-end=\"4179\">effet prismatique et miroir<\/strong>, captant et refl\u00e9tant la lumi\u00e8re sous tous les angles.<\/p>\n<p class=\"\" data-start=\"4238\" data-end=\"4566\">La teinte <strong data-start=\"4248\" data-end=\"4265\">Sugar Halo 08<\/strong>, un rose nude raffin\u00e9 aux reflets cristallins, sublime la beaut\u00e9 naturelle des l\u00e8vres et apporte une touche d&rsquo;<strong data-start=\"4376\" data-end=\"4404\">\u00e9l\u00e9gance et de fra\u00eecheur<\/strong>. Sa texture <strong data-start=\"4417\" data-end=\"4442\">douce et enveloppante<\/strong> s&rsquo;applique facilement, offrant un fini <strong data-start=\"4482\" data-end=\"4513\">non collant et longue tenue<\/strong>, pour un \u00e9clat lumineux qui dure toute la journ\u00e9e.<\/p>\n<p class=\"\" data-start=\"4568\" data-end=\"4906\">Gr\u00e2ce \u00e0 la <strong data-start=\"4579\" data-end=\"4608\">technologie Prisma Shine\u2122<\/strong>, ce gloss accentue la tridimensionnalit\u00e9 des l\u00e8vres en cr\u00e9ant un <strong data-start=\"4674\" data-end=\"4699\">effet volume imm\u00e9diat<\/strong>, laissant les l\u00e8vres visiblement plus pulpeuses et lisses. Sa formule enrichie en ingr\u00e9dients hydratants aide \u00e0 pr\u00e9server la souplesse des l\u00e8vres, \u00e0 pr\u00e9venir la s\u00e9cheresse et \u00e0 assurer un confort optimal.<\/p>\n<p class=\"\" data-start=\"4908\" data-end=\"5258\">Le <strong data-start=\"4911\" data-end=\"4942\">GIORGIO ARMANI Prisma Glass<\/strong> peut \u00eatre appliqu\u00e9 seul pour un <strong data-start=\"4975\" data-end=\"5001\">effet naturel et frais<\/strong>, ou par-dessus un rouge \u00e0 l\u00e8vres pour <strong data-start=\"5040\" data-end=\"5097\">intensifier la couleur et ajouter encore plus d\u2019\u00e9clat<\/strong>. Son <strong data-start=\"5103\" data-end=\"5125\">applicateur pr\u00e9cis<\/strong> garantit une <strong data-start=\"5139\" data-end=\"5177\">application uniforme et impeccable<\/strong>, enveloppant les l\u00e8vres d\u2019un voile de brillance sophistiqu\u00e9e en un seul geste.<\/p>\n<p class=\"\" data-start=\"5260\" data-end=\"5676\">Parfait pour celles et ceux qui recherchent un <strong data-start=\"5307\" data-end=\"5340\">maquillage raffin\u00e9 et moderne<\/strong>, <strong data-start=\"5342\" data-end=\"5359\">Sugar Halo 08<\/strong> est le choix id\u00e9al pour un <strong data-start=\"5387\" data-end=\"5409\">effet ultra-glossy<\/strong> qui convient \u00e0 toutes les occasions, du maquillage quotidien aux looks les plus \u00e9l\u00e9gants. Avec sa formule innovante et son \u00e9clat exceptionnel, ce gloss devient un <strong data-start=\"5573\" data-end=\"5675\">indispensable pour celles et ceux qui veulent sublimer leurs l\u00e8vres avec une \u00e9l\u00e9gance intemporelle<\/strong>.<\/p>\n<p data-start=\"1533\" data-end=\"1952\">Follow us!\u00a0<a href=\"https:\/\/www.instagram.com\/freeshopswiss\/\" target=\"_blank\" rel=\"noopener\">@freeshopswiss<\/a><\/p>\n","protected":false},"excerpt":{"rendered":"<p>D\u00e9couvrez le nouveau GIORGIO ARMANI Prisma Glass, le gloss r\u00e9volutionnaire qui associe brillance multidimensionnelle et confort absolu, pour des l\u00e8vres incroyablement lumineuses et sophistiqu\u00e9es. Ce gloss haut de gamme a \u00e9t\u00e9 con\u00e7u pour offrir un effet prismatique et miroir, captant et refl\u00e9tant la lumi\u00e8re sous tous les angles. La teinte Sugar Halo 08, un rose [&hellip;]<\/p>\n","protected":false},"featured_media":21903,"comment_status":"open","ping_status":"closed","template":"","meta":[],"pwb-brand":[263],"product_brand":[],"product_cat":[109,566,586],"product_tag":[296,477,587],"class_list":{"0":"post-21911","1":"product","2":"type-product","3":"status-publish","4":"has-post-thumbnail","6":"pwb-brand-giorgio-armani","7":"product_cat-pour-elle","8":"product_cat-make-up-fr-2","9":"product_cat-maquillage-de-slevres-fr","10":"product_tag-femme","11":"product_tag-maquillage","12":"product_tag-maquillage-des-levres-fr","14":"first","15":"instock","16":"sale","17":"taxable","18":"shipping-taxable","19":"purchasable","20":"product-type-simple"},"brands":[{"id":263,"name":"Giorgio Armani","slug":"giorgio-armani"}],"_links":{"self":[{"href":"https:\/\/www.freeshopfrontiera.ch\/fr\/wp-json\/wp\/v2\/product\/21911","targetHints":{"allow":["GET"]}}],"collection":[{"href":"https:\/\/www.freeshopfrontiera.ch\/fr\/wp-json\/wp\/v2\/product"}],"about":[{"href":"https:\/\/www.freeshopfrontiera.ch\/fr\/wp-json\/wp\/v2\/types\/product"}],"replies":[{"embeddable":true,"href":"https:\/\/www.freeshopfrontiera.ch\/fr\/wp-json\/wp\/v2\/comments?post=21911"}],"version-history":[{"count":1,"href":"https:\/\/www.freeshopfrontiera.ch\/fr\/wp-json\/wp\/v2\/product\/21911\/revisions"}],"predecessor-version":[{"id":21916,"href":"https:\/\/www.freeshopfrontiera.ch\/fr\/wp-json\/wp\/v2\/product\/21911\/revisions\/21916"}],"wp:featuredmedia":[{"embeddable":true,"href":"https:\/\/www.freeshopfrontiera.ch\/fr\/wp-json\/wp\/v2\/media\/21903"}],"wp:attachment":[{"href":"https:\/\/www.freeshopfrontiera.ch\/fr\/wp-json\/wp\/v2\/media?parent=21911"}],"wp:term":[{"taxonomy":"pwb-brand","embeddable":true,"href":"https:\/\/www.freeshopfrontiera.ch\/fr\/wp-json\/wp\/v2\/pwb-brand?post=21911"},{"taxonomy":"product_brand","embeddable":true,"href":"https:\/\/www.freeshopfrontiera.ch\/fr\/wp-json\/wp\/v2\/product_brand?post=21911"},{"taxonomy":"product_cat","embeddable":true,"href":"https:\/\/www.freeshopfrontiera.ch\/fr\/wp-json\/wp\/v2\/product_cat?post=21911"},{"taxonomy":"product_tag","embeddable":true,"href":"https:\/\/www.freeshopfrontiera.ch\/fr\/wp-json\/wp\/v2\/product_tag?post=21911"}],"curies":[{"name":"wp","href":"https:\/\/api.w.org\/{rel}","templated":true}]}}