{"id":21948,"date":"2025-03-31T14:17:52","date_gmt":"2025-03-31T14:17:52","guid":{"rendered":"https:\/\/freeshopswiss.alesca.org\/shop\/giorgio-armani-mascara-vertigo-obsidian-black-01\/"},"modified":"2025-03-31T14:30:35","modified_gmt":"2025-03-31T14:30:35","slug":"giorgio-armani-mascara-vertigo-obsidian-black-01","status":"publish","type":"product","link":"https:\/\/www.freeshopfrontiera.ch\/fr\/shop\/giorgio-armani-mascara-vertigo-obsidian-black-01\/","title":{"rendered":"GIORGIO ARMANI Mascara Vertigo &#8211; Obsidian Black 01"},"content":{"rendered":"<p class=\"\" data-start=\"5335\" data-end=\"5687\">D\u00e9couvrez le <strong data-start=\"5348\" data-end=\"5387\">GIORGIO ARMANI Mascara Vertigo Lift<\/strong>, un mascara innovant con\u00e7u pour offrir un <strong data-start=\"5430\" data-end=\"5504\">effet liftant extr\u00eame, une courbure intense et un volume spectaculaire<\/strong>. Gr\u00e2ce \u00e0 sa <strong data-start=\"5517\" data-end=\"5567\">formule avanc\u00e9e et son applicateur ergonomique<\/strong>, ce mascara allonge et soul\u00e8ve les cils d\u00e8s la racine, pour un regard agrandi et captivant qui dure toute la journ\u00e9e.<\/p>\n<p class=\"\" data-start=\"5689\" data-end=\"6041\">La teinte <strong data-start=\"5699\" data-end=\"5720\">Obsidian Black 01<\/strong>, un noir profond et intense, sublime la d\u00e9finition des cils en les enveloppant d\u2019une <strong data-start=\"5806\" data-end=\"5836\">couleur riche et \u00e9clatante<\/strong>. Gr\u00e2ce \u00e0 la <strong data-start=\"5849\" data-end=\"5877\">technologie Vertigo Lift<\/strong>, ce mascara garantit un <strong data-start=\"5902\" data-end=\"5931\">effet recourbant imm\u00e9diat<\/strong>, sans avoir besoin de recourbe-cils, et maintient les cils relev\u00e9s avec une tenue parfaite et sans bavures.<\/p>\n<p class=\"\" data-start=\"6043\" data-end=\"6324\">Sa <strong data-start=\"6046\" data-end=\"6085\">formule l\u00e9g\u00e8re mais ultra-pigment\u00e9e<\/strong> assure une <strong data-start=\"6097\" data-end=\"6135\">application fluide et sans paquets<\/strong>, en enveloppant chaque cil avec pr\u00e9cision. Sa texture flexible permet d\u2019intensifier le r\u00e9sultat selon vos envies, pour un <strong data-start=\"6258\" data-end=\"6321\">effet naturel et d\u00e9fini ou des cils volumineux et audacieux<\/strong>.<\/p>\n<p class=\"\" data-start=\"6326\" data-end=\"6686\">L\u2019applicateur exclusif est con\u00e7u pour <strong data-start=\"6364\" data-end=\"6397\">s\u2019adapter \u00e0 la forme de l\u2019\u0153il<\/strong>, r\u00e9partissant le produit uniform\u00e9ment et atteignant m\u00eame les cils les plus courts et fins, pour une s\u00e9paration parfaite et un fini impeccable. Ce mascara <strong data-start=\"6552\" data-end=\"6568\">longue tenue<\/strong> r\u00e9siste \u00e0 l\u2019humidit\u00e9 et conserve son intensit\u00e9 tout au long de la journ\u00e9e, sans s\u2019effriter ni perdre de d\u00e9finition.<\/p>\n<p class=\"\" data-start=\"6688\" data-end=\"7018\">Id\u00e9al pour celles et ceux qui recherchent <strong data-start=\"6730\" data-end=\"6784\">des cils lift\u00e9s, recourb\u00e9s et parfaitement d\u00e9finis<\/strong>, le <strong data-start=\"6789\" data-end=\"6828\">GIORGIO ARMANI Mascara Vertigo Lift<\/strong> est l\u2019alli\u00e9 parfait pour un regard envo\u00fbtant et raffin\u00e9. Offrez \u00e0 votre routine maquillage une touche de luxe avec un mascara qui allie <strong data-start=\"6965\" data-end=\"7017\">performance, innovation et \u00e9l\u00e9gance intemporelle<\/strong>.<\/p>\n<p data-start=\"1445\" data-end=\"1733\">Follow us!\u00a0<a href=\"https:\/\/www.instagram.com\/freeshopswiss\/\" target=\"_blank\" rel=\"noopener\">@freeshopswiss<\/a><\/p>\n","protected":false},"excerpt":{"rendered":"<p>D\u00e9couvrez le GIORGIO ARMANI Mascara Vertigo Lift, un mascara innovant con\u00e7u pour offrir un effet liftant extr\u00eame, une courbure intense et un volume spectaculaire. Gr\u00e2ce \u00e0 sa formule avanc\u00e9e et son applicateur ergonomique, ce mascara allonge et soul\u00e8ve les cils d\u00e8s la racine, pour un regard agrandi et captivant qui dure toute la journ\u00e9e. La [&hellip;]<\/p>\n","protected":false},"featured_media":21940,"comment_status":"open","ping_status":"closed","template":"","meta":[],"pwb-brand":[263],"product_brand":[],"product_cat":[109,566,536],"product_tag":[296,477,471],"class_list":{"0":"post-21948","1":"product","2":"type-product","3":"status-publish","4":"has-post-thumbnail","6":"pwb-brand-giorgio-armani","7":"product_cat-pour-elle","8":"product_cat-make-up-fr-2","9":"product_cat-maquillage-des-yeux","10":"product_tag-femme","11":"product_tag-maquillage","12":"product_tag-maquillage-des-yeux","14":"first","15":"outofstock","16":"sale","17":"taxable","18":"shipping-taxable","19":"purchasable","20":"product-type-simple"},"brands":[{"id":263,"name":"Giorgio Armani","slug":"giorgio-armani"}],"_links":{"self":[{"href":"https:\/\/www.freeshopfrontiera.ch\/fr\/wp-json\/wp\/v2\/product\/21948","targetHints":{"allow":["GET"]}}],"collection":[{"href":"https:\/\/www.freeshopfrontiera.ch\/fr\/wp-json\/wp\/v2\/product"}],"about":[{"href":"https:\/\/www.freeshopfrontiera.ch\/fr\/wp-json\/wp\/v2\/types\/product"}],"replies":[{"embeddable":true,"href":"https:\/\/www.freeshopfrontiera.ch\/fr\/wp-json\/wp\/v2\/comments?post=21948"}],"version-history":[{"count":2,"href":"https:\/\/www.freeshopfrontiera.ch\/fr\/wp-json\/wp\/v2\/product\/21948\/revisions"}],"predecessor-version":[{"id":21957,"href":"https:\/\/www.freeshopfrontiera.ch\/fr\/wp-json\/wp\/v2\/product\/21948\/revisions\/21957"}],"wp:featuredmedia":[{"embeddable":true,"href":"https:\/\/www.freeshopfrontiera.ch\/fr\/wp-json\/wp\/v2\/media\/21940"}],"wp:attachment":[{"href":"https:\/\/www.freeshopfrontiera.ch\/fr\/wp-json\/wp\/v2\/media?parent=21948"}],"wp:term":[{"taxonomy":"pwb-brand","embeddable":true,"href":"https:\/\/www.freeshopfrontiera.ch\/fr\/wp-json\/wp\/v2\/pwb-brand?post=21948"},{"taxonomy":"product_brand","embeddable":true,"href":"https:\/\/www.freeshopfrontiera.ch\/fr\/wp-json\/wp\/v2\/product_brand?post=21948"},{"taxonomy":"product_cat","embeddable":true,"href":"https:\/\/www.freeshopfrontiera.ch\/fr\/wp-json\/wp\/v2\/product_cat?post=21948"},{"taxonomy":"product_tag","embeddable":true,"href":"https:\/\/www.freeshopfrontiera.ch\/fr\/wp-json\/wp\/v2\/product_tag?post=21948"}],"curies":[{"name":"wp","href":"https:\/\/api.w.org\/{rel}","templated":true}]}}