{"id":22427,"date":"2025-04-02T07:11:27","date_gmt":"2025-04-02T07:11:27","guid":{"rendered":"https:\/\/freeshopswiss.alesca.org\/shop\/giorgio-armani-eye-tint\/"},"modified":"2025-04-02T07:14:23","modified_gmt":"2025-04-02T07:14:23","slug":"giorgio-armani-eye-tint","status":"publish","type":"product","link":"https:\/\/www.freeshopfrontiera.ch\/fr\/shop\/giorgio-armani-eye-tint\/","title":{"rendered":"GIORGIO ARMANI Eye Tint"},"content":{"rendered":"<p class=\"\" data-start=\"117\" data-end=\"417\">D\u00e9couvrez <strong data-start=\"127\" data-end=\"154\">GIORGIO ARMANI Eye Tint<\/strong>, l\u2019ombre \u00e0 paupi\u00e8res liquide innovante qui allie une texture ultra-l\u00e9g\u00e8re \u00e0 une tenue exceptionnelle. Gr\u00e2ce \u00e0 sa formule avanc\u00e9e \u00e0 base d\u2019eau, elle offre une couleur intense et modulable, parfaite pour cr\u00e9er des looks sophistiqu\u00e9s ou naturels en un seul geste.<\/p>\n<p class=\"\" data-start=\"419\" data-end=\"758\">Sa texture fluide glisse facilement sur la peau, assurant une application uniforme et sans traces. La couleur se fond parfaitement sur la paupi\u00e8re et peut \u00eatre superpos\u00e9e pour obtenir l\u2019intensit\u00e9 d\u00e9sir\u00e9e. Une fois s\u00e8che, la formule se fixe sans alourdir, garantissant une tenue impeccable jusqu\u2019\u00e0 <strong data-start=\"716\" data-end=\"729\">16 heures<\/strong>, sans besoin de retouches.<\/p>\n<p class=\"\" data-start=\"760\" data-end=\"807\"><strong data-start=\"760\" data-end=\"805\">Polyvalence et Confort en Un Seul Produit<\/strong><\/p>\n<p class=\"\" data-start=\"809\" data-end=\"1161\">Eye Tint est bien plus qu\u2019une simple ombre \u00e0 paupi\u00e8res : gr\u00e2ce \u00e0 son applicateur pr\u00e9cis, il peut \u00e9galement \u00eatre utilis\u00e9 comme <strong data-start=\"935\" data-end=\"947\">eyeliner<\/strong>, pour d\u00e9finir le regard, ou comme <strong data-start=\"982\" data-end=\"998\">illuminateur<\/strong>, pour apporter une touche de lumi\u00e8re sous l\u2019arcade sourcili\u00e8re ou dans le coin interne de l\u2019\u0153il. Le r\u00e9sultat ? Un maquillage \u00e9l\u00e9gant, polyvalent et sans effort.<\/p>\n<p class=\"\" data-start=\"1163\" data-end=\"1397\">Disponible dans une large gamme de teintes, des <strong data-start=\"1211\" data-end=\"1231\">neutres d\u00e9licats<\/strong> aux <strong data-start=\"1236\" data-end=\"1266\">tons vibrants et audacieux<\/strong>, avec diff\u00e9rents finis\u2014<strong data-start=\"1290\" data-end=\"1332\">mat, satin\u00e9, m\u00e9tallique et scintillant<\/strong>\u2014Eye Tint s\u2019adapte \u00e0 toutes les occasions et \u00e0 tous les styles.<\/p>\n<p class=\"\" data-start=\"1399\" data-end=\"1670\">Parfait pour celles et ceux qui recherchent un maquillage des yeux raffin\u00e9 et longue dur\u00e9e, <strong data-start=\"1491\" data-end=\"1518\">GIORGIO ARMANI Eye Tint<\/strong> est le secret d\u2019un regard magn\u00e9tique et sophistiqu\u00e9. Choisissez votre teinte pr\u00e9f\u00e9r\u00e9e et d\u00e9couvrez la beaut\u00e9 d\u2019une couleur qui dure toute la journ\u00e9e.<\/p>\n<p data-start=\"1393\" data-end=\"1639\">Follow us!\u00a0<a href=\"https:\/\/www.instagram.com\/freeshopswiss\/\" target=\"_blank\" rel=\"noopener\">@freeshopswiss<\/a><\/p>\n","protected":false},"excerpt":{"rendered":"<p>D\u00e9couvrez GIORGIO ARMANI Eye Tint, l\u2019ombre \u00e0 paupi\u00e8res liquide innovante qui allie une texture ultra-l\u00e9g\u00e8re \u00e0 une tenue exceptionnelle. Gr\u00e2ce \u00e0 sa formule avanc\u00e9e \u00e0 base d\u2019eau, elle offre une couleur intense et modulable, parfaite pour cr\u00e9er des looks sophistiqu\u00e9s ou naturels en un seul geste. Sa texture fluide glisse facilement sur la peau, assurant [&hellip;]<\/p>\n","protected":false},"featured_media":22409,"comment_status":"open","ping_status":"closed","template":"","meta":[],"pwb-brand":[263],"product_brand":[],"product_cat":[109,566,536],"product_tag":[296,477,471],"class_list":{"0":"post-22427","1":"product","2":"type-product","3":"status-publish","4":"has-post-thumbnail","6":"pwb-brand-giorgio-armani","7":"product_cat-pour-elle","8":"product_cat-make-up-fr-2","9":"product_cat-maquillage-des-yeux","10":"product_tag-femme","11":"product_tag-maquillage","12":"product_tag-maquillage-des-yeux","14":"first","15":"outofstock","16":"sale","17":"taxable","18":"shipping-taxable","19":"purchasable","20":"product-type-variable"},"brands":[{"id":263,"name":"Giorgio Armani","slug":"giorgio-armani"}],"_links":{"self":[{"href":"https:\/\/www.freeshopfrontiera.ch\/fr\/wp-json\/wp\/v2\/product\/22427","targetHints":{"allow":["GET"]}}],"collection":[{"href":"https:\/\/www.freeshopfrontiera.ch\/fr\/wp-json\/wp\/v2\/product"}],"about":[{"href":"https:\/\/www.freeshopfrontiera.ch\/fr\/wp-json\/wp\/v2\/types\/product"}],"replies":[{"embeddable":true,"href":"https:\/\/www.freeshopfrontiera.ch\/fr\/wp-json\/wp\/v2\/comments?post=22427"}],"version-history":[{"count":2,"href":"https:\/\/www.freeshopfrontiera.ch\/fr\/wp-json\/wp\/v2\/product\/22427\/revisions"}],"predecessor-version":[{"id":22437,"href":"https:\/\/www.freeshopfrontiera.ch\/fr\/wp-json\/wp\/v2\/product\/22427\/revisions\/22437"}],"wp:featuredmedia":[{"embeddable":true,"href":"https:\/\/www.freeshopfrontiera.ch\/fr\/wp-json\/wp\/v2\/media\/22409"}],"wp:attachment":[{"href":"https:\/\/www.freeshopfrontiera.ch\/fr\/wp-json\/wp\/v2\/media?parent=22427"}],"wp:term":[{"taxonomy":"pwb-brand","embeddable":true,"href":"https:\/\/www.freeshopfrontiera.ch\/fr\/wp-json\/wp\/v2\/pwb-brand?post=22427"},{"taxonomy":"product_brand","embeddable":true,"href":"https:\/\/www.freeshopfrontiera.ch\/fr\/wp-json\/wp\/v2\/product_brand?post=22427"},{"taxonomy":"product_cat","embeddable":true,"href":"https:\/\/www.freeshopfrontiera.ch\/fr\/wp-json\/wp\/v2\/product_cat?post=22427"},{"taxonomy":"product_tag","embeddable":true,"href":"https:\/\/www.freeshopfrontiera.ch\/fr\/wp-json\/wp\/v2\/product_tag?post=22427"}],"curies":[{"name":"wp","href":"https:\/\/api.w.org\/{rel}","templated":true}]}}