{"id":22595,"date":"2025-04-02T09:22:41","date_gmt":"2025-04-02T09:22:41","guid":{"rendered":"https:\/\/freeshopswiss.alesca.org\/shop\/oliente-set-unico-for-man\/"},"modified":"2026-03-07T16:56:07","modified_gmt":"2026-03-07T16:56:07","slug":"oliente-set-unico-for-man","status":"publish","type":"product","link":"https:\/\/www.freeshopfrontiera.ch\/fr\/shop\/oliente-set-unico-for-man\/","title":{"rendered":"OLIENTE SET Unico For Man"},"content":{"rendered":"<p class=\"\" data-start=\"1737\" data-end=\"2150\"><strong data-start=\"1737\" data-end=\"1762\">OLIENTE Unico For Man<\/strong> est un parfum exclusif con\u00e7u pour l\u2019homme moderne qui aime se d\u00e9marquer avec \u00e9l\u00e9gance et assurance. Une fragrance qui incarne l\u2019\u00e9quilibre parfait entre fra\u00eecheur, intensit\u00e9 et sophistication, id\u00e9ale pour ceux qui souhaitent laisser une empreinte inoubliable partout o\u00f9 ils vont. Avec sa composition sophistiqu\u00e9e et enveloppante, il offre une exp\u00e9rience olfactive unique et distinctive.<\/p>\n<p class=\"\" data-start=\"2152\" data-end=\"2599\">Les notes de t\u00eate s\u2019ouvrent sur une explosion de fra\u00eecheur, gr\u00e2ce aux agrumes vibrants et aux nuances aromatiques qui apportent \u00e9nergie et dynamisme. En c\u0153ur, des accords \u00e9pic\u00e9s se m\u00ealent harmonieusement \u00e0 des notes \u00e9l\u00e9gantes et intenses, cr\u00e9ant un caract\u00e8re sophistiqu\u00e9 et magn\u00e9tique. Le fond du parfum est domin\u00e9 par des notes bois\u00e9es et ambr\u00e9es qui enveloppent la peau d\u2019une chaleur sensuelle et persistante, laissant un sillage irr\u00e9sistible.<\/p>\n<p class=\"\" data-start=\"2601\" data-end=\"3050\">Le flacon <strong data-start=\"2611\" data-end=\"2620\">100ml<\/strong> est parfait pour une utilisation quotidienne, permettant de s\u2019immerger pleinement dans cette essence avec intensit\u00e9 et caract\u00e8re. Le <strong data-start=\"2754\" data-end=\"2779\">format voyage de 10ml<\/strong> est l\u2019alli\u00e9 id\u00e9al pour ceux qui aiment emporter leur parfum partout avec eux, id\u00e9al pour les voyages, les rendez-vous ou les occasions sp\u00e9ciales. Cette combinaison de formats offre polyvalence et praticit\u00e9, sans compromettre la qualit\u00e9 et la long\u00e9vit\u00e9 de la fragrance.<\/p>\n<p class=\"\" data-start=\"3052\" data-end=\"3326\"><strong data-start=\"3052\" data-end=\"3077\">OLIENTE Unico For Man<\/strong> est le choix parfait pour l\u2019homme qui souhaite exprimer sa personnalit\u00e9 \u00e0 travers un parfum intense, \u00e9l\u00e9gant et intemporel. Une fragrance qui raconte la force, le charme et la sophistication, unissant fra\u00eecheur et profondeur en parfaite harmonie.<\/p>\n<p data-start=\"1104\" data-end=\"1387\">Follow us!\u00a0<a href=\"https:\/\/www.instagram.com\/freeshopswiss\/\" target=\"_blank\" rel=\"noopener\">@freeshopswiss<\/a><\/p>\n","protected":false},"excerpt":{"rendered":"<p><em><strong>Eau de parfum<\/strong><\/em><\/p>\n","protected":false},"featured_media":22587,"comment_status":"open","ping_status":"closed","template":"","meta":[],"pwb-brand":[440],"product_brand":[],"product_cat":[138,87,89,484],"product_tag":[459,464,252,143,97],"class_list":{"0":"post-22595","1":"product","2":"type-product","3":"status-publish","4":"has-post-thumbnail","6":"pwb-brand-oliente","7":"product_cat-offre","8":"product_cat-parfums","9":"product_cat-pour-lui","10":"product_cat-coffret","11":"product_tag-coffret","12":"product_tag-coffret-homme","13":"product_tag-eau-de-parfum-fr","14":"product_tag-homme","15":"product_tag-parfums","17":"first","18":"instock","19":"sale","20":"taxable","21":"shipping-taxable","22":"purchasable","23":"product-type-simple"},"brands":[{"id":440,"name":"Oliente","slug":"oliente"}],"_links":{"self":[{"href":"https:\/\/www.freeshopfrontiera.ch\/fr\/wp-json\/wp\/v2\/product\/22595","targetHints":{"allow":["GET"]}}],"collection":[{"href":"https:\/\/www.freeshopfrontiera.ch\/fr\/wp-json\/wp\/v2\/product"}],"about":[{"href":"https:\/\/www.freeshopfrontiera.ch\/fr\/wp-json\/wp\/v2\/types\/product"}],"replies":[{"embeddable":true,"href":"https:\/\/www.freeshopfrontiera.ch\/fr\/wp-json\/wp\/v2\/comments?post=22595"}],"version-history":[{"count":2,"href":"https:\/\/www.freeshopfrontiera.ch\/fr\/wp-json\/wp\/v2\/product\/22595\/revisions"}],"predecessor-version":[{"id":22599,"href":"https:\/\/www.freeshopfrontiera.ch\/fr\/wp-json\/wp\/v2\/product\/22595\/revisions\/22599"}],"wp:featuredmedia":[{"embeddable":true,"href":"https:\/\/www.freeshopfrontiera.ch\/fr\/wp-json\/wp\/v2\/media\/22587"}],"wp:attachment":[{"href":"https:\/\/www.freeshopfrontiera.ch\/fr\/wp-json\/wp\/v2\/media?parent=22595"}],"wp:term":[{"taxonomy":"pwb-brand","embeddable":true,"href":"https:\/\/www.freeshopfrontiera.ch\/fr\/wp-json\/wp\/v2\/pwb-brand?post=22595"},{"taxonomy":"product_brand","embeddable":true,"href":"https:\/\/www.freeshopfrontiera.ch\/fr\/wp-json\/wp\/v2\/product_brand?post=22595"},{"taxonomy":"product_cat","embeddable":true,"href":"https:\/\/www.freeshopfrontiera.ch\/fr\/wp-json\/wp\/v2\/product_cat?post=22595"},{"taxonomy":"product_tag","embeddable":true,"href":"https:\/\/www.freeshopfrontiera.ch\/fr\/wp-json\/wp\/v2\/product_tag?post=22595"}],"curies":[{"name":"wp","href":"https:\/\/api.w.org\/{rel}","templated":true}]}}