{"id":22657,"date":"2025-04-02T10:37:58","date_gmt":"2025-04-02T10:37:58","guid":{"rendered":"https:\/\/freeshopswiss.alesca.org\/shop\/la-martina-colonias-intensas-n-01\/"},"modified":"2025-04-02T10:39:12","modified_gmt":"2025-04-02T10:39:12","slug":"la-martina-colonias-intensas-n-01","status":"publish","type":"product","link":"https:\/\/www.freeshopfrontiera.ch\/fr\/shop\/la-martina-colonias-intensas-n-01\/","title":{"rendered":"LA MARTINA Colonias Intensas N.01"},"content":{"rendered":"<p class=\"\" data-start=\"105\" data-end=\"550\"><strong data-start=\"105\" data-end=\"154\">LA MARTINA Colonias Intensas N.01 Alpha Woods<\/strong> est une fragrance sophistiqu\u00e9e et intense, con\u00e7ue pour l\u2019homme qui aime se distinguer avec \u00e9l\u00e9gance et caract\u00e8re. Un parfum qui \u00e9voque la force de la nature, avec des notes bois\u00e9es et enveloppantes qui conf\u00e8rent une aura de charme et de s\u00e9curit\u00e9. Id\u00e9al pour ceux qui recherchent une essence raffin\u00e9e et persistante, capable d&rsquo;accompagner chaque moment de la journ\u00e9e avec style et personnalit\u00e9.<\/p>\n<p class=\"\" data-start=\"552\" data-end=\"949\">La fragrance s\u2019ouvre sur des notes fra\u00eeches et agrum\u00e9es, offrant une sensation de vitalit\u00e9 et d\u2019\u00e9nergie imm\u00e9diate. Le c\u0153ur du parfum r\u00e9v\u00e8le un m\u00e9lange envo\u00fbtant d\u2019\u00e9pices et de bois pr\u00e9cieux, cr\u00e9ant une harmonie parfaite entre intensit\u00e9 et raffinement. Le fond s&rsquo;enrichit de accents ambr\u00e9s et musqu\u00e9s, qui apportent profondeur et sensualit\u00e9, laissant un sillage \u00e9l\u00e9gant et persistant sur la peau.<\/p>\n<p class=\"\" data-start=\"951\" data-end=\"1209\">Le flacon de <strong data-start=\"964\" data-end=\"972\">40ml<\/strong> est compact et pratique, parfait pour l&#8217;emporter partout pour une retouche rapide ou pour voyager avec son parfum pr\u00e9f\u00e9r\u00e9. Sa concentration intense assure une longue dur\u00e9e, offrant une exp\u00e9rience olfactive enveloppante et inoubliable.<\/p>\n<p class=\"\" data-start=\"1211\" data-end=\"1489\"><strong data-start=\"1211\" data-end=\"1260\">LA MARTINA Colonias Intensas N.01 Alpha Woods<\/strong> est le choix id\u00e9al pour l\u2019homme moderne qui souhaite exprimer sa force et son style \u00e0 travers un parfum intense, authentique et intemporel. Une essence qui c\u00e9l\u00e8bre l\u2019\u00e9l\u00e9gance masculine avec un caract\u00e8re affirm\u00e9 et sophistiqu\u00e9.<\/p>\n<p>&nbsp;<\/p>\n<p>Follow us!\u00a0<a href=\"https:\/\/www.instagram.com\/freeshopswiss\/\" target=\"_blank\" rel=\"noopener\">@freeshopswiss<\/a><\/p>\n","protected":false},"excerpt":{"rendered":"<p><em><strong>Eau de Cologne<\/strong><\/em><\/p>\n","protected":false},"featured_media":22605,"comment_status":"open","ping_status":"closed","template":"","meta":[],"pwb-brand":[716],"product_brand":[],"product_cat":[87,89],"product_tag":[719,1629,143,97],"class_list":{"0":"post-22657","1":"product","2":"type-product","3":"status-publish","4":"has-post-thumbnail","6":"pwb-brand-la-martina","7":"product_cat-parfums","8":"product_cat-pour-lui","9":"product_tag-eau-de-cologne-fr","10":"product_tag-mens-fragrances-fr","11":"product_tag-homme","12":"product_tag-parfums","14":"first","15":"instock","16":"sale","17":"taxable","18":"shipping-taxable","19":"purchasable","20":"product-type-variable","21":"has-default-attributes"},"brands":[{"id":716,"name":"La Martina","slug":"la-martina"}],"_links":{"self":[{"href":"https:\/\/www.freeshopfrontiera.ch\/fr\/wp-json\/wp\/v2\/product\/22657","targetHints":{"allow":["GET"]}}],"collection":[{"href":"https:\/\/www.freeshopfrontiera.ch\/fr\/wp-json\/wp\/v2\/product"}],"about":[{"href":"https:\/\/www.freeshopfrontiera.ch\/fr\/wp-json\/wp\/v2\/types\/product"}],"replies":[{"embeddable":true,"href":"https:\/\/www.freeshopfrontiera.ch\/fr\/wp-json\/wp\/v2\/comments?post=22657"}],"version-history":[{"count":2,"href":"https:\/\/www.freeshopfrontiera.ch\/fr\/wp-json\/wp\/v2\/product\/22657\/revisions"}],"predecessor-version":[{"id":22664,"href":"https:\/\/www.freeshopfrontiera.ch\/fr\/wp-json\/wp\/v2\/product\/22657\/revisions\/22664"}],"wp:featuredmedia":[{"embeddable":true,"href":"https:\/\/www.freeshopfrontiera.ch\/fr\/wp-json\/wp\/v2\/media\/22605"}],"wp:attachment":[{"href":"https:\/\/www.freeshopfrontiera.ch\/fr\/wp-json\/wp\/v2\/media?parent=22657"}],"wp:term":[{"taxonomy":"pwb-brand","embeddable":true,"href":"https:\/\/www.freeshopfrontiera.ch\/fr\/wp-json\/wp\/v2\/pwb-brand?post=22657"},{"taxonomy":"product_brand","embeddable":true,"href":"https:\/\/www.freeshopfrontiera.ch\/fr\/wp-json\/wp\/v2\/product_brand?post=22657"},{"taxonomy":"product_cat","embeddable":true,"href":"https:\/\/www.freeshopfrontiera.ch\/fr\/wp-json\/wp\/v2\/product_cat?post=22657"},{"taxonomy":"product_tag","embeddable":true,"href":"https:\/\/www.freeshopfrontiera.ch\/fr\/wp-json\/wp\/v2\/product_tag?post=22657"}],"curies":[{"name":"wp","href":"https:\/\/api.w.org\/{rel}","templated":true}]}}