{"id":22695,"date":"2025-04-02T11:03:42","date_gmt":"2025-04-02T11:03:42","guid":{"rendered":"https:\/\/freeshopswiss.alesca.org\/shop\/la-martina-colonias-intensas-n-03\/"},"modified":"2025-04-02T11:37:11","modified_gmt":"2025-04-02T11:37:11","slug":"la-martina-colonias-intensas-n-03","status":"publish","type":"product","link":"https:\/\/www.freeshopfrontiera.ch\/fr\/shop\/la-martina-colonias-intensas-n-03\/","title":{"rendered":"LA MARTINA Colonias Intensas N.03"},"content":{"rendered":"<p class=\"\" data-start=\"1655\" data-end=\"2163\"><strong data-start=\"1655\" data-end=\"1703\">LA MARTINA Colonias Intensas N.03 Nude Amber<\/strong> est une fragrance sensuelle et raffin\u00e9e qui incarne l&rsquo;\u00e9l\u00e9gance et la modernit\u00e9 dans chaque note. Con\u00e7ue pour ceux qui recherchent un parfum laissant une trace de luxe discret, cette eau de cologne intense se distingue par sa composition unique et enveloppante. La fragrance s&rsquo;ouvre sur des notes fra\u00eeches et l\u00e9g\u00e8res, \u00e9voluant vers un c\u0153ur chaud et enveloppant, avant de se terminer sur une base riche en nuances ambr\u00e9es qui apportent profondeur et sensualit\u00e9.<\/p>\n<p class=\"\" data-start=\"2165\" data-end=\"2477\">Les notes de t\u00eate introduisent une fra\u00eecheur raffin\u00e9e, tandis que le c\u0153ur du parfum r\u00e9v\u00e8le un m\u00e9lange de fleurs d\u00e9licates et de r\u00e9sines pr\u00e9cieuses, ajoutant une douceur sophistiqu\u00e9e. La base est riche en notes bois\u00e9es et musqu\u00e9es, l&rsquo;ambre apportant chaleur et sensualit\u00e9, cr\u00e9ant une exp\u00e9rience olfactive durable.<\/p>\n<p class=\"\" data-start=\"2479\" data-end=\"2724\">Le flacon \u00e9l\u00e9gant et moderne refl\u00e8te la qualit\u00e9 premium de ce parfum. Sa concentration intense garantit une longue tenue, et la praticit\u00e9 du vaporisateur permet une application uniforme, ce qui en fait un choix parfait pour toutes les occasions.<\/p>\n<p class=\"\" data-start=\"2726\" data-end=\"3055\"><strong data-start=\"2726\" data-end=\"2774\">LA MARTINA Colonias Intensas N.03 Nude Amber<\/strong> est le choix id\u00e9al pour ceux qui recherchent un parfum \u00e9quilibrant fra\u00eecheur, \u00e9l\u00e9gance et sensualit\u00e9, combinant raffinement et intensit\u00e9 en une seule exp\u00e9rience olfactive. Parfait pour ceux qui souhaitent faire une d\u00e9claration de style sans sacrifier discr\u00e9tion et sophistication.<\/p>\n<p data-start=\"1271\" data-end=\"1586\">Follow us!\u00a0<a href=\"https:\/\/www.instagram.com\/freeshopswiss\/\" target=\"_blank\" rel=\"noopener\">@freeshopswiss<\/a><\/p>\n","protected":false},"excerpt":{"rendered":"<p><em><strong>Eau de Cologne<\/strong><\/em><\/p>\n","protected":false},"featured_media":22680,"comment_status":"open","ping_status":"closed","template":"","meta":[],"pwb-brand":[716],"product_brand":[],"product_cat":[87,89],"product_tag":[719,1629,143,97],"class_list":{"0":"post-22695","1":"product","2":"type-product","3":"status-publish","4":"has-post-thumbnail","6":"pwb-brand-la-martina","7":"product_cat-parfums","8":"product_cat-pour-lui","9":"product_tag-eau-de-cologne-fr","10":"product_tag-mens-fragrances-fr","11":"product_tag-homme","12":"product_tag-parfums","14":"first","15":"instock","16":"sale","17":"taxable","18":"shipping-taxable","19":"purchasable","20":"product-type-variable","21":"has-default-attributes"},"brands":[{"id":716,"name":"La Martina","slug":"la-martina"}],"_links":{"self":[{"href":"https:\/\/www.freeshopfrontiera.ch\/fr\/wp-json\/wp\/v2\/product\/22695","targetHints":{"allow":["GET"]}}],"collection":[{"href":"https:\/\/www.freeshopfrontiera.ch\/fr\/wp-json\/wp\/v2\/product"}],"about":[{"href":"https:\/\/www.freeshopfrontiera.ch\/fr\/wp-json\/wp\/v2\/types\/product"}],"replies":[{"embeddable":true,"href":"https:\/\/www.freeshopfrontiera.ch\/fr\/wp-json\/wp\/v2\/comments?post=22695"}],"version-history":[{"count":1,"href":"https:\/\/www.freeshopfrontiera.ch\/fr\/wp-json\/wp\/v2\/product\/22695\/revisions"}],"predecessor-version":[{"id":22702,"href":"https:\/\/www.freeshopfrontiera.ch\/fr\/wp-json\/wp\/v2\/product\/22695\/revisions\/22702"}],"wp:featuredmedia":[{"embeddable":true,"href":"https:\/\/www.freeshopfrontiera.ch\/fr\/wp-json\/wp\/v2\/media\/22680"}],"wp:attachment":[{"href":"https:\/\/www.freeshopfrontiera.ch\/fr\/wp-json\/wp\/v2\/media?parent=22695"}],"wp:term":[{"taxonomy":"pwb-brand","embeddable":true,"href":"https:\/\/www.freeshopfrontiera.ch\/fr\/wp-json\/wp\/v2\/pwb-brand?post=22695"},{"taxonomy":"product_brand","embeddable":true,"href":"https:\/\/www.freeshopfrontiera.ch\/fr\/wp-json\/wp\/v2\/product_brand?post=22695"},{"taxonomy":"product_cat","embeddable":true,"href":"https:\/\/www.freeshopfrontiera.ch\/fr\/wp-json\/wp\/v2\/product_cat?post=22695"},{"taxonomy":"product_tag","embeddable":true,"href":"https:\/\/www.freeshopfrontiera.ch\/fr\/wp-json\/wp\/v2\/product_tag?post=22695"}],"curies":[{"name":"wp","href":"https:\/\/api.w.org\/{rel}","templated":true}]}}