{"id":22777,"date":"2025-04-02T13:33:03","date_gmt":"2025-04-02T13:33:03","guid":{"rendered":"https:\/\/freeshopswiss.alesca.org\/shop\/laura-biagiotti-romamor\/"},"modified":"2025-04-02T13:44:03","modified_gmt":"2025-04-02T13:44:03","slug":"laura-biagiotti-romamor","status":"publish","type":"product","link":"https:\/\/www.freeshopfrontiera.ch\/fr\/shop\/laura-biagiotti-romamor\/","title":{"rendered":"LAURA BIAGIOTTI Romamor"},"content":{"rendered":"<p class=\"\" data-start=\"1645\" data-end=\"2051\"><strong data-start=\"1645\" data-end=\"1688\">LAURA BIAGIOTTI Romamor Eau de Toilette<\/strong> est une fragrance romantique et moderne, con\u00e7ue pour une femme qui vit l\u2019amour avec passion et intensit\u00e9. Ce parfum incarne un \u00e9quilibre parfait entre douceur et caract\u00e8re, \u00e9voquant la beaut\u00e9 \u00e9ternelle de Rome et la profondeur des \u00e9motions. Sa composition olfactive exprime l\u2019\u00e9l\u00e9gance et la f\u00e9minit\u00e9, enveloppant les sens d\u2019une \u00e9treinte raffin\u00e9e et s\u00e9duisante.<\/p>\n<p class=\"\" data-start=\"2053\" data-end=\"2525\">Les notes de t\u00eate s\u2019ouvrent sur une explosion de fra\u00eecheur agrum\u00e9e, gr\u00e2ce \u00e0 la vivacit\u00e9 du pamplemousse et du cassis, qui offrent un d\u00e9part p\u00e9tillant et lumineux. Au c\u0153ur de la fragrance, des accords d\u00e9licats de rose et de jasmin s\u2019\u00e9panouissent, donnant au parfum une \u00e2me romantique et sophistiqu\u00e9e. La base est chaude et sensuelle, avec des notes riches de vanille, de musc et de bois pr\u00e9cieux qui apportent de la profondeur et une persistance irr\u00e9sistible sur la peau.<\/p>\n<p class=\"\" data-start=\"2527\" data-end=\"2802\">Le flacon, \u00e9l\u00e9gant et raffin\u00e9, s\u2019inspire de l\u2019architecture classique de Rome, avec des lignes harmonieuses qui expriment le lien entre tradition et modernit\u00e9. Sa silhouette sophistiqu\u00e9e et sa couleur d\u00e9licate \u00e9voquent la f\u00e9minit\u00e9 et le charme intemporel de cette fragrance.<\/p>\n<p class=\"\" data-start=\"2804\" data-end=\"3053\"><strong data-start=\"2804\" data-end=\"2847\">LAURA BIAGIOTTI Romamor Eau de Toilette<\/strong> est le parfum parfait pour une femme qui aime exprimer sa personnalit\u00e9 avec douceur et d\u00e9termination. Une essence qui c\u00e9l\u00e8bre l\u2019amour sous toutes ses facettes, laissant un sillage \u00e9l\u00e9gant et inoubliable.<\/p>\n<p data-start=\"1192\" data-end=\"1444\">Follow us!\u00a0<a href=\"https:\/\/www.instagram.com\/freeshopswiss\/\" target=\"_blank\" rel=\"noopener\">@freeshopswiss<\/a><\/p>\n","protected":false},"excerpt":{"rendered":"<p><em><strong>Eau de Toilette<\/strong><\/em><\/p>\n","protected":false},"featured_media":22771,"comment_status":"open","ping_status":"closed","template":"","meta":[],"pwb-brand":[580],"product_brand":[],"product_cat":[87,109],"product_tag":[141,296,789,97],"class_list":{"0":"post-22777","1":"product","2":"type-product","3":"status-publish","4":"has-post-thumbnail","6":"pwb-brand-laura-biagiotti","7":"product_cat-parfums","8":"product_cat-pour-elle","9":"product_tag-eau-de-toilette-fr","10":"product_tag-femme","11":"product_tag-womens-fragrances-fr","12":"product_tag-parfums","14":"first","15":"instock","16":"sale","17":"taxable","18":"shipping-taxable","19":"purchasable","20":"product-type-variable","21":"has-default-attributes"},"brands":[{"id":580,"name":"Laura Biagiotti","slug":"laura-biagiotti"}],"_links":{"self":[{"href":"https:\/\/www.freeshopfrontiera.ch\/fr\/wp-json\/wp\/v2\/product\/22777","targetHints":{"allow":["GET"]}}],"collection":[{"href":"https:\/\/www.freeshopfrontiera.ch\/fr\/wp-json\/wp\/v2\/product"}],"about":[{"href":"https:\/\/www.freeshopfrontiera.ch\/fr\/wp-json\/wp\/v2\/types\/product"}],"replies":[{"embeddable":true,"href":"https:\/\/www.freeshopfrontiera.ch\/fr\/wp-json\/wp\/v2\/comments?post=22777"}],"version-history":[{"count":2,"href":"https:\/\/www.freeshopfrontiera.ch\/fr\/wp-json\/wp\/v2\/product\/22777\/revisions"}],"predecessor-version":[{"id":22788,"href":"https:\/\/www.freeshopfrontiera.ch\/fr\/wp-json\/wp\/v2\/product\/22777\/revisions\/22788"}],"wp:featuredmedia":[{"embeddable":true,"href":"https:\/\/www.freeshopfrontiera.ch\/fr\/wp-json\/wp\/v2\/media\/22771"}],"wp:attachment":[{"href":"https:\/\/www.freeshopfrontiera.ch\/fr\/wp-json\/wp\/v2\/media?parent=22777"}],"wp:term":[{"taxonomy":"pwb-brand","embeddable":true,"href":"https:\/\/www.freeshopfrontiera.ch\/fr\/wp-json\/wp\/v2\/pwb-brand?post=22777"},{"taxonomy":"product_brand","embeddable":true,"href":"https:\/\/www.freeshopfrontiera.ch\/fr\/wp-json\/wp\/v2\/product_brand?post=22777"},{"taxonomy":"product_cat","embeddable":true,"href":"https:\/\/www.freeshopfrontiera.ch\/fr\/wp-json\/wp\/v2\/product_cat?post=22777"},{"taxonomy":"product_tag","embeddable":true,"href":"https:\/\/www.freeshopfrontiera.ch\/fr\/wp-json\/wp\/v2\/product_tag?post=22777"}],"curies":[{"name":"wp","href":"https:\/\/api.w.org\/{rel}","templated":true}]}}