{"id":22816,"date":"2025-04-02T15:28:30","date_gmt":"2025-04-02T15:28:30","guid":{"rendered":"https:\/\/freeshopswiss.alesca.org\/shop\/ralph-lauren-polo-earth-provencial-sage\/"},"modified":"2025-05-28T08:25:20","modified_gmt":"2025-05-28T08:25:20","slug":"ralph-lauren-polo-earth-provencial-sage","status":"publish","type":"product","link":"https:\/\/www.freeshopfrontiera.ch\/fr\/shop\/ralph-lauren-polo-earth-provencial-sage\/","title":{"rendered":"RALPH LAUREN Polo Earth Provencial Sage 100ml"},"content":{"rendered":"<p class=\"\" data-start=\"1738\" data-end=\"2140\"><strong data-start=\"1738\" data-end=\"1797\">RALPH LAUREN Polo Earth Provencial Sage Eau de Toilette<\/strong> est une fragrance fra\u00eeche et sophistiqu\u00e9e, inspir\u00e9e par la beaut\u00e9 authentique de la nature et le parfum aromatique des herbes proven\u00e7ales. Con\u00e7ue pour ceux qui recherchent une essence \u00e9quilibr\u00e9e et raffin\u00e9e, cette composition olfactive c\u00e9l\u00e8bre la puret\u00e9 et la durabilit\u00e9, avec des ingr\u00e9dients d&rsquo;origine naturelle soigneusement s\u00e9lectionn\u00e9s.<\/p>\n<p class=\"\" data-start=\"2142\" data-end=\"2656\">Les notes de t\u00eate s\u2019ouvrent sur une explosion de fra\u00eecheur gr\u00e2ce \u00e0 la vivacit\u00e9 de la bergamote et du citron, apportant une \u00e9nergie et une luminosit\u00e9 imm\u00e9diates. Au c\u0153ur du parfum, le caract\u00e8re distinctif de la sauge proven\u00e7ale se r\u00e9v\u00e8le, s\u2019harmonisant parfaitement avec des nuances herbac\u00e9es et de d\u00e9licates notes florales, cr\u00e9ant un \u00e9quilibre parfait entre \u00e9l\u00e9gance et naturalit\u00e9. Le fond est chaud et enveloppant, gr\u00e2ce aux notes de v\u00e9tiver et de musc, qui conf\u00e8rent profondeur et une persistance sophistiqu\u00e9e.<\/p>\n<p class=\"\" data-start=\"2658\" data-end=\"2975\">Le design du flacon refl\u00e8te l\u2019esprit \u00e9co-responsable de la collection Polo Earth, avec des mat\u00e9riaux durables et une esth\u00e9tique minimaliste et \u00e9l\u00e9gante. Cette fragrance est con\u00e7ue pour ceux qui aiment la nature et souhaitent un parfum respectueux de l\u2019environnement, sans compromis sur la qualit\u00e9 et le raffinement.<\/p>\n<p class=\"\" data-start=\"2977\" data-end=\"3272\"><strong data-start=\"2977\" data-end=\"3036\">RALPH LAUREN Polo Earth Provencial Sage Eau de Toilette<\/strong> est le parfum id\u00e9al pour ceux qui recherchent une exp\u00e9rience olfactive authentique et rafra\u00eechissante, parfaite pour toutes les occasions. Une essence qui \u00e9voque la libert\u00e9 de la nature et le charme intemporel des herbes aromatiques.<\/p>\n<p data-start=\"1229\" data-end=\"1496\">Follow us! <a href=\"https:\/\/www.instagram.com\/freeshopswiss\/\" target=\"_blank\" rel=\"noopener\">@freeshopswiss<\/a><\/p>\n","protected":false},"excerpt":{"rendered":"<p><em><strong>Eau de Toilette<\/strong><\/em><\/p>\n","protected":false},"featured_media":22812,"comment_status":"open","ping_status":"closed","template":"","meta":[],"pwb-brand":[738],"product_brand":[],"product_cat":[87,89],"product_tag":[141,296,789,1629,143,594],"class_list":{"0":"post-22816","1":"product","2":"type-product","3":"status-publish","4":"has-post-thumbnail","6":"pwb-brand-ralph-lauren","7":"product_cat-parfums","8":"product_cat-pour-lui","9":"product_tag-eau-de-toilette-fr","10":"product_tag-femme","11":"product_tag-womens-fragrances-fr","12":"product_tag-mens-fragrances-fr","13":"product_tag-homme","14":"product_tag-unisex-fr-2","16":"first","17":"outofstock","18":"sale","19":"taxable","20":"shipping-taxable","21":"purchasable","22":"product-type-simple"},"brands":[{"id":738,"name":"Ralph Lauren","slug":"ralph-lauren"}],"_links":{"self":[{"href":"https:\/\/www.freeshopfrontiera.ch\/fr\/wp-json\/wp\/v2\/product\/22816","targetHints":{"allow":["GET"]}}],"collection":[{"href":"https:\/\/www.freeshopfrontiera.ch\/fr\/wp-json\/wp\/v2\/product"}],"about":[{"href":"https:\/\/www.freeshopfrontiera.ch\/fr\/wp-json\/wp\/v2\/types\/product"}],"replies":[{"embeddable":true,"href":"https:\/\/www.freeshopfrontiera.ch\/fr\/wp-json\/wp\/v2\/comments?post=22816"}],"version-history":[{"count":4,"href":"https:\/\/www.freeshopfrontiera.ch\/fr\/wp-json\/wp\/v2\/product\/22816\/revisions"}],"predecessor-version":[{"id":31394,"href":"https:\/\/www.freeshopfrontiera.ch\/fr\/wp-json\/wp\/v2\/product\/22816\/revisions\/31394"}],"wp:featuredmedia":[{"embeddable":true,"href":"https:\/\/www.freeshopfrontiera.ch\/fr\/wp-json\/wp\/v2\/media\/22812"}],"wp:attachment":[{"href":"https:\/\/www.freeshopfrontiera.ch\/fr\/wp-json\/wp\/v2\/media?parent=22816"}],"wp:term":[{"taxonomy":"pwb-brand","embeddable":true,"href":"https:\/\/www.freeshopfrontiera.ch\/fr\/wp-json\/wp\/v2\/pwb-brand?post=22816"},{"taxonomy":"product_brand","embeddable":true,"href":"https:\/\/www.freeshopfrontiera.ch\/fr\/wp-json\/wp\/v2\/product_brand?post=22816"},{"taxonomy":"product_cat","embeddable":true,"href":"https:\/\/www.freeshopfrontiera.ch\/fr\/wp-json\/wp\/v2\/product_cat?post=22816"},{"taxonomy":"product_tag","embeddable":true,"href":"https:\/\/www.freeshopfrontiera.ch\/fr\/wp-json\/wp\/v2\/product_tag?post=22816"}],"curies":[{"name":"wp","href":"https:\/\/api.w.org\/{rel}","templated":true}]}}