{"id":22848,"date":"2025-04-02T15:57:31","date_gmt":"2025-04-02T15:57:31","guid":{"rendered":"https:\/\/freeshopswiss.alesca.org\/shop\/dsquared2-icon-pour-femme\/"},"modified":"2025-04-03T08:09:43","modified_gmt":"2025-04-03T08:09:43","slug":"dsquared2-icon-pour-femme","status":"publish","type":"product","link":"https:\/\/www.freeshopfrontiera.ch\/fr\/shop\/dsquared2-icon-pour-femme\/","title":{"rendered":"DSQUARED2 Icon Pour Femme"},"content":{"rendered":"<p class=\"\" data-start=\"3807\" data-end=\"4281\"><strong>DSQUARED2 Icon Pour Femme<\/strong> est un parfum sophistiqu\u00e9, moderne et intemporel, cr\u00e9\u00e9 pour une femme confiante, charmante et pleine de personnalit\u00e9. C&rsquo;est une fragrance qui incarne l&rsquo;\u00e9l\u00e9gance contemporaine avec une combinaison de notes lumineuses, florales et enveloppantes, capables d&rsquo;exprimer force et sensualit\u00e9 \u00e0 chaque vaporisation. Avec un caract\u00e8re raffin\u00e9 et distinctif, ce parfum est con\u00e7u pour celles qui aiment laisser leur empreinte et ne passent jamais inaper\u00e7ues.<\/p>\n<p class=\"\" data-start=\"4283\" data-end=\"4782\">Les notes de t\u00eate s&rsquo;ouvrent sur une explosion de fra\u00eecheur gr\u00e2ce aux agrumes \u00e9clatants et aux nuances fruit\u00e9es qui apportent une luminosit\u00e9 imm\u00e9diate et une sensation d&rsquo;\u00e9nergie vibrante. Cette introduction dynamique \u00e9volue harmonieusement vers le c\u0153ur du parfum, o\u00f9 un bouquet floral envo\u00fbtant et d\u00e9licat \u00e9merge avec intensit\u00e9 et raffinement. Des fleurs blanches s\u00e9duisantes et des nuances velout\u00e9es cr\u00e9ent une composition riche et f\u00e9minine qui exprime au mieux l&rsquo;\u00e2me sophistiqu\u00e9e de la fragrance.<\/p>\n<p class=\"\" data-start=\"4784\" data-end=\"5135\">La base de DSQUARED2 Icon Pour Femme Eau de Parfum est chaude et enveloppante, avec une fusion harmonieuse de bois pr\u00e9cieux, de musc et d\u2019accents sucr\u00e9s de vanille. Cette combinaison conf\u00e8re au parfum profondeur et sensualit\u00e9, laissant sur la peau un sillage persistant et irr\u00e9sistible, parfait pour sublimer le charme naturel de celle qui le porte.<\/p>\n<p class=\"\" data-start=\"5137\" data-end=\"5622\">Le design du flacon refl\u00e8te l\u2019essence de la fragrance : \u00e9l\u00e9gant, \u00e9pur\u00e9 et moderne. Les lignes nettes et raffin\u00e9es, alli\u00e9es au choix de mat\u00e9riaux de haute qualit\u00e9, expriment parfaitement la philosophie de DSQUARED2, une marque qui allie style, innovation et passion. Icon Pour Femme est le choix id\u00e9al pour la femme qui aime se distinguer avec classe et caract\u00e8re, parfait pour toutes les occasions, du jour \u00e0 la nuit, ajoutant une touche d\u2019exclusivit\u00e9 et de s\u00e9duction \u00e0 chaque instant.<\/p>\n<p data-start=\"1347\" data-end=\"1831\">Follow us! <a href=\"https:\/\/www.instagram.com\/freeshopswiss\/\" target=\"_blank\" rel=\"noopener\">@freeshopswiss<\/a><\/p>\n","protected":false},"excerpt":{"rendered":"<p><em><strong>Eau de Parfum<\/strong><\/em><\/p>\n","protected":false},"featured_media":22838,"comment_status":"open","ping_status":"closed","template":"","meta":[],"pwb-brand":[578],"product_brand":[],"product_cat":[87,109],"product_tag":[252,296,789,97],"class_list":{"0":"post-22848","1":"product","2":"type-product","3":"status-publish","4":"has-post-thumbnail","6":"pwb-brand-dsquared2","7":"product_cat-parfums","8":"product_cat-pour-elle","9":"product_tag-eau-de-parfum-fr","10":"product_tag-femme","11":"product_tag-womens-fragrances-fr","12":"product_tag-parfums","14":"first","15":"instock","16":"sale","17":"taxable","18":"shipping-taxable","19":"purchasable","20":"product-type-variable"},"brands":[{"id":578,"name":"Dsquared2","slug":"dsquared2"}],"_links":{"self":[{"href":"https:\/\/www.freeshopfrontiera.ch\/fr\/wp-json\/wp\/v2\/product\/22848","targetHints":{"allow":["GET"]}}],"collection":[{"href":"https:\/\/www.freeshopfrontiera.ch\/fr\/wp-json\/wp\/v2\/product"}],"about":[{"href":"https:\/\/www.freeshopfrontiera.ch\/fr\/wp-json\/wp\/v2\/types\/product"}],"replies":[{"embeddable":true,"href":"https:\/\/www.freeshopfrontiera.ch\/fr\/wp-json\/wp\/v2\/comments?post=22848"}],"version-history":[{"count":1,"href":"https:\/\/www.freeshopfrontiera.ch\/fr\/wp-json\/wp\/v2\/product\/22848\/revisions"}],"predecessor-version":[{"id":22857,"href":"https:\/\/www.freeshopfrontiera.ch\/fr\/wp-json\/wp\/v2\/product\/22848\/revisions\/22857"}],"wp:featuredmedia":[{"embeddable":true,"href":"https:\/\/www.freeshopfrontiera.ch\/fr\/wp-json\/wp\/v2\/media\/22838"}],"wp:attachment":[{"href":"https:\/\/www.freeshopfrontiera.ch\/fr\/wp-json\/wp\/v2\/media?parent=22848"}],"wp:term":[{"taxonomy":"pwb-brand","embeddable":true,"href":"https:\/\/www.freeshopfrontiera.ch\/fr\/wp-json\/wp\/v2\/pwb-brand?post=22848"},{"taxonomy":"product_brand","embeddable":true,"href":"https:\/\/www.freeshopfrontiera.ch\/fr\/wp-json\/wp\/v2\/product_brand?post=22848"},{"taxonomy":"product_cat","embeddable":true,"href":"https:\/\/www.freeshopfrontiera.ch\/fr\/wp-json\/wp\/v2\/product_cat?post=22848"},{"taxonomy":"product_tag","embeddable":true,"href":"https:\/\/www.freeshopfrontiera.ch\/fr\/wp-json\/wp\/v2\/product_tag?post=22848"}],"curies":[{"name":"wp","href":"https:\/\/api.w.org\/{rel}","templated":true}]}}