{"id":22892,"date":"2025-04-03T07:56:15","date_gmt":"2025-04-03T07:56:15","guid":{"rendered":"https:\/\/freeshopswiss.alesca.org\/shop\/roberto-cavalli-paradiso-azzurro\/"},"modified":"2025-05-28T08:21:07","modified_gmt":"2025-05-28T08:21:07","slug":"roberto-cavalli-paradiso-azzurro","status":"publish","type":"product","link":"https:\/\/www.freeshopfrontiera.ch\/fr\/shop\/roberto-cavalli-paradiso-azzurro\/","title":{"rendered":"ROBERTO CAVALLI Paradiso Azzurro 100ml"},"content":{"rendered":"<p class=\"\" data-start=\"2800\" data-end=\"3120\"><strong data-start=\"2800\" data-end=\"2850\">ROBERTO CAVALLI Paradiso Azzurro Eau de Parfum<\/strong> est un parfum lumineux, \u00e9l\u00e9gant et sensuel, inspir\u00e9 par la beaut\u00e9 intemporelle de la M\u00e9diterran\u00e9e. Cette fragrance incarne la fra\u00eecheur et l\u2019insouciance d\u2019une journ\u00e9e d\u2019\u00e9t\u00e9 sur la c\u00f4te, enveloppant celle qui le porte d\u2019une aura de f\u00e9minit\u00e9 sophistiqu\u00e9e et envo\u00fbtante.<\/p>\n<p class=\"\" data-start=\"3122\" data-end=\"3463\">La composition s\u2019ouvre sur des notes de t\u00eate p\u00e9tillantes et dynamiques, marqu\u00e9es par la fra\u00eecheur hesp\u00e9rid\u00e9e de la bergamote et des accords marins qui \u00e9voquent la brise l\u00e9g\u00e8re et sal\u00e9e de la mer. Cette introduction radieuse \u00e9volue vers un c\u0153ur floral raffin\u00e9, domin\u00e9 par le jasmin sauvage, qui conf\u00e8re au parfum une d\u00e9licatesse envo\u00fbtante.<\/p>\n<p class=\"\" data-start=\"3465\" data-end=\"3791\">Les notes de fond sont chaudes et sensuelles, gr\u00e2ce \u00e0 un m\u00e9lange harmonieux de bois pr\u00e9cieux, de musc et de cachemire, offrant au parfum profondeur et tenue. <strong data-start=\"3623\" data-end=\"3643\">Paradiso Azzurro<\/strong> laisse sur la peau un sillage \u00e9l\u00e9gant et enveloppant, parfait pour une femme qui aime exprimer son \u00e9l\u00e9gance naturelle avec une touche de myst\u00e8re.<\/p>\n<p class=\"\" data-start=\"3793\" data-end=\"4136\">Le flacon, avec son design facett\u00e9 et ses nuances de bleu intense, \u00e9voque les eaux cristallines de la M\u00e9diterran\u00e9e, transmettant un sentiment de luxe et de raffinement. <strong data-start=\"3962\" data-end=\"3998\">ROBERTO CAVALLI Paradiso Azzurro<\/strong> est le parfum id\u00e9al pour celles qui souhaitent entreprendre un voyage olfactif c\u00e9l\u00e9brant la beaut\u00e9 de la nature et la libert\u00e9 d\u2019esprit.<\/p>\n<p data-start=\"1010\" data-end=\"1346\">Follow us! <a href=\"https:\/\/www.instagram.com\/freeshopswiss\/\" target=\"_blank\" rel=\"noopener\">@freeshopswiss<\/a><\/p>\n","protected":false},"excerpt":{"rendered":"<p><em><strong>Eau de Parfum<\/strong><\/em><\/p>\n","protected":false},"featured_media":22884,"comment_status":"open","ping_status":"closed","template":"","meta":[],"pwb-brand":[269],"product_brand":[],"product_cat":[109],"product_tag":[252,296,789,97],"class_list":{"0":"post-22892","1":"product","2":"type-product","3":"status-publish","4":"has-post-thumbnail","6":"pwb-brand-roberto-cavalli","7":"product_cat-pour-elle","8":"product_tag-eau-de-parfum-fr","9":"product_tag-femme","10":"product_tag-womens-fragrances-fr","11":"product_tag-parfums","13":"first","14":"instock","15":"sale","16":"taxable","17":"shipping-taxable","18":"purchasable","19":"product-type-simple"},"brands":[{"id":269,"name":"Roberto Cavalli","slug":"roberto-cavalli"}],"_links":{"self":[{"href":"https:\/\/www.freeshopfrontiera.ch\/fr\/wp-json\/wp\/v2\/product\/22892","targetHints":{"allow":["GET"]}}],"collection":[{"href":"https:\/\/www.freeshopfrontiera.ch\/fr\/wp-json\/wp\/v2\/product"}],"about":[{"href":"https:\/\/www.freeshopfrontiera.ch\/fr\/wp-json\/wp\/v2\/types\/product"}],"replies":[{"embeddable":true,"href":"https:\/\/www.freeshopfrontiera.ch\/fr\/wp-json\/wp\/v2\/comments?post=22892"}],"version-history":[{"count":2,"href":"https:\/\/www.freeshopfrontiera.ch\/fr\/wp-json\/wp\/v2\/product\/22892\/revisions"}],"predecessor-version":[{"id":31390,"href":"https:\/\/www.freeshopfrontiera.ch\/fr\/wp-json\/wp\/v2\/product\/22892\/revisions\/31390"}],"wp:featuredmedia":[{"embeddable":true,"href":"https:\/\/www.freeshopfrontiera.ch\/fr\/wp-json\/wp\/v2\/media\/22884"}],"wp:attachment":[{"href":"https:\/\/www.freeshopfrontiera.ch\/fr\/wp-json\/wp\/v2\/media?parent=22892"}],"wp:term":[{"taxonomy":"pwb-brand","embeddable":true,"href":"https:\/\/www.freeshopfrontiera.ch\/fr\/wp-json\/wp\/v2\/pwb-brand?post=22892"},{"taxonomy":"product_brand","embeddable":true,"href":"https:\/\/www.freeshopfrontiera.ch\/fr\/wp-json\/wp\/v2\/product_brand?post=22892"},{"taxonomy":"product_cat","embeddable":true,"href":"https:\/\/www.freeshopfrontiera.ch\/fr\/wp-json\/wp\/v2\/product_cat?post=22892"},{"taxonomy":"product_tag","embeddable":true,"href":"https:\/\/www.freeshopfrontiera.ch\/fr\/wp-json\/wp\/v2\/product_tag?post=22892"}],"curies":[{"name":"wp","href":"https:\/\/api.w.org\/{rel}","templated":true}]}}