{"id":22921,"date":"2025-04-03T09:05:44","date_gmt":"2025-04-03T09:05:44","guid":{"rendered":"https:\/\/freeshopswiss.alesca.org\/shop\/lancaster-sun-sport-protection-2\/"},"modified":"2025-04-03T09:16:13","modified_gmt":"2025-04-03T09:16:13","slug":"lancaster-sun-sport-protection-2","status":"publish","type":"product","link":"https:\/\/www.freeshopfrontiera.ch\/fr\/shop\/lancaster-sun-sport-protection-2\/","title":{"rendered":"LANCASTER Sun Sport Protection Face Gel SPF30 50ml"},"content":{"rendered":"<p class=\"\" data-start=\"3587\" data-end=\"4181\"><strong>LANCASTER Sun Sport Protection in Motion Invisible Face Gel SPF30 50ml<\/strong> est la solution id\u00e9ale pour ceux qui aiment le soleil et les activit\u00e9s en plein air sans faire de compromis sur une protection solaire efficace et fiable. Con\u00e7ue pour les personnes au mode de vie actif, cette gamme de soins solaires offre une protection avanc\u00e9e et durable, parfaite pour les sportifs et les amateurs d\u2019aventure en ext\u00e9rieur. Gr\u00e2ce \u00e0 une technologie de pointe, elle prot\u00e8ge la peau des rayons UVA et UVB, de la lumi\u00e8re visible et des infrarouges, assurant ainsi une d\u00e9fense compl\u00e8te contre les dommages du soleil et le vieillissement cutan\u00e9.<\/p>\n<p class=\"\" data-start=\"4183\" data-end=\"4701\">Sa <strong data-start=\"4186\" data-end=\"4207\">formule innovante<\/strong> est r\u00e9sistante \u00e0 l\u2019eau et \u00e0 la transpiration, garantissant une protection longue dur\u00e9e m\u00eame pendant les activit\u00e9s les plus intenses. Sa texture l\u00e9g\u00e8re et non collante s\u2019absorbe rapidement sans laisser de r\u00e9sidus, permettant \u00e0 la peau de respirer tout en procurant une sensation de fra\u00eecheur. Enrichie de la <strong data-start=\"4515\" data-end=\"4540\">Full Light Technology<\/strong> exclusive de Lancaster, cette protection solaire ne se limite pas \u00e0 filtrer les rayons nocifs, mais aide \u00e9galement \u00e0 pr\u00e9server la beaut\u00e9 naturelle de la peau.<\/p>\n<p class=\"\" data-start=\"4703\" data-end=\"5095\">Parfait pour les sports de plein air comme la course, la natation, le cyclisme ou la randonn\u00e9e, <strong data-start=\"4799\" data-end=\"4833\">LANCASTER Sun Sport Protection<\/strong> s\u2019adapte \u00e0 tous les besoins, offrant une protection efficace sans sacrifier le confort. Disponible en plusieurs formats, notamment des sprays invisibles et des cr\u00e8mes ultra-r\u00e9sistantes, elle garantit une application simple et uniforme en toutes circonstances.<\/p>\n<p class=\"\" data-start=\"5097\" data-end=\"5461\">Choisir <strong data-start=\"5105\" data-end=\"5139\">LANCASTER Sun Sport Protection<\/strong>, c\u2019est profiter du soleil en toute s\u00e9curit\u00e9 gr\u00e2ce \u00e0 une protection avanc\u00e9e qui accompagne chaque mouvement et r\u00e9siste m\u00eame aux conditions les plus extr\u00eames. Pour ceux qui aiment vivre sans limites sous le soleil, cette gamme de soins solaires est l\u2019alli\u00e9 parfait pour un bronzage \u00e9clatant et une peau toujours prot\u00e9g\u00e9e.<\/p>\n<p data-start=\"1514\" data-end=\"1860\">Follow us!\u00a0<a href=\"https:\/\/www.instagram.com\/freeshopswiss\/\" target=\"_blank\" rel=\"noopener\">@freeshopswiss<\/a><\/p>\n","protected":false},"excerpt":{"rendered":"<p>LANCASTER Sun Sport Protection in Motion Invisible Face Gel SPF30 50ml est la solution id\u00e9ale pour ceux qui aiment le soleil et les activit\u00e9s en plein air sans faire de compromis sur une protection solaire efficace et fiable. Con\u00e7ue pour les personnes au mode de vie actif, cette gamme de soins solaires offre une protection [&hellip;]<\/p>\n","protected":false},"featured_media":22913,"comment_status":"open","ping_status":"closed","template":"","meta":[],"pwb-brand":[421],"product_brand":[],"product_cat":[109,89,295,424],"product_tag":[553,493,296,143,417,301],"class_list":{"0":"post-22921","1":"product","2":"type-product","3":"status-publish","4":"has-post-thumbnail","6":"pwb-brand-lancaster","7":"product_cat-pour-elle","8":"product_cat-pour-lui","9":"product_cat-traitements","10":"product_cat-solari-fr","11":"product_tag-creme-solaire","12":"product_tag-ecrans-solaires","13":"product_tag-femme","14":"product_tag-homme","15":"product_tag-soins-fr","16":"product_tag-soins-du-visage","18":"first","19":"outofstock","20":"sale","21":"taxable","22":"shipping-taxable","23":"purchasable","24":"product-type-simple"},"brands":[{"id":421,"name":"Lancaster","slug":"lancaster"}],"_links":{"self":[{"href":"https:\/\/www.freeshopfrontiera.ch\/fr\/wp-json\/wp\/v2\/product\/22921","targetHints":{"allow":["GET"]}}],"collection":[{"href":"https:\/\/www.freeshopfrontiera.ch\/fr\/wp-json\/wp\/v2\/product"}],"about":[{"href":"https:\/\/www.freeshopfrontiera.ch\/fr\/wp-json\/wp\/v2\/types\/product"}],"replies":[{"embeddable":true,"href":"https:\/\/www.freeshopfrontiera.ch\/fr\/wp-json\/wp\/v2\/comments?post=22921"}],"version-history":[{"count":3,"href":"https:\/\/www.freeshopfrontiera.ch\/fr\/wp-json\/wp\/v2\/product\/22921\/revisions"}],"predecessor-version":[{"id":22933,"href":"https:\/\/www.freeshopfrontiera.ch\/fr\/wp-json\/wp\/v2\/product\/22921\/revisions\/22933"}],"wp:featuredmedia":[{"embeddable":true,"href":"https:\/\/www.freeshopfrontiera.ch\/fr\/wp-json\/wp\/v2\/media\/22913"}],"wp:attachment":[{"href":"https:\/\/www.freeshopfrontiera.ch\/fr\/wp-json\/wp\/v2\/media?parent=22921"}],"wp:term":[{"taxonomy":"pwb-brand","embeddable":true,"href":"https:\/\/www.freeshopfrontiera.ch\/fr\/wp-json\/wp\/v2\/pwb-brand?post=22921"},{"taxonomy":"product_brand","embeddable":true,"href":"https:\/\/www.freeshopfrontiera.ch\/fr\/wp-json\/wp\/v2\/product_brand?post=22921"},{"taxonomy":"product_cat","embeddable":true,"href":"https:\/\/www.freeshopfrontiera.ch\/fr\/wp-json\/wp\/v2\/product_cat?post=22921"},{"taxonomy":"product_tag","embeddable":true,"href":"https:\/\/www.freeshopfrontiera.ch\/fr\/wp-json\/wp\/v2\/product_tag?post=22921"}],"curies":[{"name":"wp","href":"https:\/\/api.w.org\/{rel}","templated":true}]}}