{"id":22941,"date":"2025-04-03T09:28:21","date_gmt":"2025-04-03T09:28:21","guid":{"rendered":"https:\/\/freeshopswiss.alesca.org\/shop\/collistar-active-protection-milk-spray-spf30-200ml\/"},"modified":"2025-04-03T09:32:04","modified_gmt":"2025-04-03T09:32:04","slug":"collistar-active-protection-milk-spray-spf30-200ml","status":"publish","type":"product","link":"https:\/\/www.freeshopfrontiera.ch\/fr\/shop\/collistar-active-protection-milk-spray-spf30-200ml\/","title":{"rendered":"COLLISTAR Active Protection Milk Spray SPF30 200ml"},"content":{"rendered":"<p class=\"\" data-start=\"6130\" data-end=\"6677\"><strong data-start=\"6130\" data-end=\"6202\">COLLISTAR Active Protection Milk Spray Ultra-Rapid Application SPF30<\/strong> est un spray solaire innovant offrant une protection \u00e9lev\u00e9e et imm\u00e9diate pour la peau lors de l\u2019exposition au soleil. Avec sa formule avanc\u00e9e et sa texture l\u00e9g\u00e8re, ce spray est con\u00e7u pour ceux qui recherchent une protection solaire efficace et rapide, sans sacrifier le confort et la praticit\u00e9. Sa <strong data-start=\"6501\" data-end=\"6535\">formule haute protection SPF30<\/strong> garantit une d\u00e9fense compl\u00e8te contre les rayons UVA et UVB nocifs, qui peuvent endommager la peau et entra\u00eener un vieillissement pr\u00e9matur\u00e9.<\/p>\n<p class=\"\" data-start=\"6679\" data-end=\"7378\">La caract\u00e9ristique principale de ce produit est son application ultra-rapide gr\u00e2ce \u00e0 son format pratique en spray, qui permet de r\u00e9partir uniform\u00e9ment le produit sur la peau sans laisser de r\u00e9sidus collants. <strong data-start=\"6887\" data-end=\"6929\">COLLISTAR Active Protection Milk Spray<\/strong> est parfait pour ceux qui souhaitent une protection solaire sans effort, id\u00e9ale pour une utilisation quotidienne, que ce soit \u00e0 la plage, en ville, lors de promenades ou pendant la pratique d\u2019activit\u00e9s sportives en plein air. Sa formule est enrichie en <strong data-start=\"7183\" data-end=\"7219\">actifs hydratants et protecteurs<\/strong>, qui non seulement prot\u00e8gent la peau des dommages solaires, mais la gardent douce, hydrat\u00e9e et agr\u00e9ablement fra\u00eeche m\u00eame lors des journ\u00e9es les plus chaudes.<\/p>\n<p class=\"\" data-start=\"7380\" data-end=\"7771\">Gr\u00e2ce \u00e0 sa <strong data-start=\"7391\" data-end=\"7414\">technologie avanc\u00e9e<\/strong> r\u00e9sistante \u00e0 l\u2019eau et \u00e0 la transpiration, ce spray solaire offre une protection durable et r\u00e9sistante, id\u00e9ale pour les longues expositions au soleil ou pour ceux qui pratiquent des activit\u00e9s physiques en ext\u00e9rieur. De plus, sa formule est dermatologiquement test\u00e9e et convient m\u00eame aux peaux les plus sensibles, ce qui la rend adapt\u00e9e \u00e0 toute la famille.<\/p>\n<p class=\"\" data-start=\"7773\" data-end=\"8200\">Le flacon de <strong data-start=\"7786\" data-end=\"7796\">200 ml<\/strong> est parfait pour un usage quotidien, offrant une application rapide et pratique gr\u00e2ce au format spray, permettant de renouveler facilement la protection au cours de la journ\u00e9e. <strong data-start=\"7974\" data-end=\"8046\">COLLISTAR Active Protection Milk Spray Ultra-Rapid Application SPF30<\/strong> est donc le compagnon id\u00e9al pour ceux qui recherchent une protection solaire compl\u00e8te, imm\u00e9diate et durable, sans sacrifier le confort et la fra\u00eecheur.<\/p>\n<p data-start=\"1649\" data-end=\"2058\">Follow us!\u00a0<a href=\"https:\/\/www.instagram.com\/freeshopswiss\/\" target=\"_blank\" rel=\"noopener\">@freeshopswiss<\/a><\/p>\n","protected":false},"excerpt":{"rendered":"<p>COLLISTAR Active Protection Milk Spray Ultra-Rapid Application SPF30 est un spray solaire innovant offrant une protection \u00e9lev\u00e9e et imm\u00e9diate pour la peau lors de l\u2019exposition au soleil. Avec sa formule avanc\u00e9e et sa texture l\u00e9g\u00e8re, ce spray est con\u00e7u pour ceux qui recherchent une protection solaire efficace et rapide, sans sacrifier le confort et la [&hellip;]<\/p>\n","protected":false},"featured_media":22937,"comment_status":"open","ping_status":"closed","template":"","meta":[],"pwb-brand":[437],"product_brand":[],"product_cat":[109,89,424],"product_tag":[553,493,296,143,417],"class_list":{"0":"post-22941","1":"product","2":"type-product","3":"status-publish","4":"has-post-thumbnail","6":"pwb-brand-collistar","7":"product_cat-pour-elle","8":"product_cat-pour-lui","9":"product_cat-solari-fr","10":"product_tag-creme-solaire","11":"product_tag-ecrans-solaires","12":"product_tag-femme","13":"product_tag-homme","14":"product_tag-soins-fr","16":"first","17":"outofstock","18":"sale","19":"taxable","20":"shipping-taxable","21":"purchasable","22":"product-type-simple"},"brands":[{"id":437,"name":"Collistar","slug":"collistar"}],"_links":{"self":[{"href":"https:\/\/www.freeshopfrontiera.ch\/fr\/wp-json\/wp\/v2\/product\/22941","targetHints":{"allow":["GET"]}}],"collection":[{"href":"https:\/\/www.freeshopfrontiera.ch\/fr\/wp-json\/wp\/v2\/product"}],"about":[{"href":"https:\/\/www.freeshopfrontiera.ch\/fr\/wp-json\/wp\/v2\/types\/product"}],"replies":[{"embeddable":true,"href":"https:\/\/www.freeshopfrontiera.ch\/fr\/wp-json\/wp\/v2\/comments?post=22941"}],"version-history":[{"count":1,"href":"https:\/\/www.freeshopfrontiera.ch\/fr\/wp-json\/wp\/v2\/product\/22941\/revisions"}],"predecessor-version":[{"id":22946,"href":"https:\/\/www.freeshopfrontiera.ch\/fr\/wp-json\/wp\/v2\/product\/22941\/revisions\/22946"}],"wp:featuredmedia":[{"embeddable":true,"href":"https:\/\/www.freeshopfrontiera.ch\/fr\/wp-json\/wp\/v2\/media\/22937"}],"wp:attachment":[{"href":"https:\/\/www.freeshopfrontiera.ch\/fr\/wp-json\/wp\/v2\/media?parent=22941"}],"wp:term":[{"taxonomy":"pwb-brand","embeddable":true,"href":"https:\/\/www.freeshopfrontiera.ch\/fr\/wp-json\/wp\/v2\/pwb-brand?post=22941"},{"taxonomy":"product_brand","embeddable":true,"href":"https:\/\/www.freeshopfrontiera.ch\/fr\/wp-json\/wp\/v2\/product_brand?post=22941"},{"taxonomy":"product_cat","embeddable":true,"href":"https:\/\/www.freeshopfrontiera.ch\/fr\/wp-json\/wp\/v2\/product_cat?post=22941"},{"taxonomy":"product_tag","embeddable":true,"href":"https:\/\/www.freeshopfrontiera.ch\/fr\/wp-json\/wp\/v2\/product_tag?post=22941"}],"curies":[{"name":"wp","href":"https:\/\/api.w.org\/{rel}","templated":true}]}}