{"id":23057,"date":"2025-04-03T13:17:01","date_gmt":"2025-04-03T13:17:01","guid":{"rendered":"https:\/\/freeshopswiss.alesca.org\/shop\/hugo-boss-alive-absolu-parfum-intense\/"},"modified":"2026-04-13T14:55:20","modified_gmt":"2026-04-13T14:55:20","slug":"hugo-boss-alive-absolu-parfum-intense","status":"publish","type":"product","link":"https:\/\/www.freeshopfrontiera.ch\/fr\/shop\/hugo-boss-alive-absolu-parfum-intense\/","title":{"rendered":"BOSS Alive Absolu Parfum Intense"},"content":{"rendered":"<p class=\"\" data-start=\"3498\" data-end=\"3985\"><strong data-start=\"3498\" data-end=\"3552\">BOSS Alive Absolu Parfum Intense <\/strong>est le parfum parfait pour la femme moderne qui recherche \u00e9l\u00e9gance et d\u00e9termination dans une fragrance. Ce parfum intense se distingue par ses <strong data-start=\"3696\" data-end=\"3735\">notes enveloppantes et persistantes<\/strong>, exprimant une f\u00e9minit\u00e9 audacieuse et assur\u00e9e. Disponible en <strong data-start=\"3797\" data-end=\"3821\">formats 30ml et 50ml<\/strong>, <strong data-start=\"3823\" data-end=\"3849\">BOSS Alive Absolu<\/strong> est id\u00e9al pour celles qui souhaitent une <strong data-start=\"3891\" data-end=\"3922\">exp\u00e9rience olfactive unique<\/strong> tout en b\u00e9n\u00e9ficiant d\u2019un format pratique \u00e0 emporter partout.<\/p>\n<p class=\"\" data-start=\"3987\" data-end=\"4449\">La composition olfactive de <strong data-start=\"4015\" data-end=\"4048\">BOSS Alive Absolu Parfum<\/strong> s\u2019ouvre sur des <strong data-start=\"4065\" data-end=\"4104\">notes fruit\u00e9es de pomme et de prune<\/strong>, apportant une touche de fra\u00eecheur et de vitalit\u00e9. Elles sont suivies par des <strong data-start=\"4183\" data-end=\"4209\">notes de c\u0153ur florales<\/strong>, telles que le <strong data-start=\"4225\" data-end=\"4249\">jasmin et la vanille<\/strong>, qui conf\u00e8rent au parfum une <strong data-start=\"4279\" data-end=\"4312\">douceur raffin\u00e9e et sensuelle<\/strong>. La <strong data-start=\"4317\" data-end=\"4342\">base bois\u00e9e et ambr\u00e9e<\/strong> ajoute profondeur et chaleur, rendant cette fragrance id\u00e9ale en toutes occasions, de jour comme de nuit.<\/p>\n<p class=\"\" data-start=\"4451\" data-end=\"4773\">L\u2019<strong data-start=\"4453\" data-end=\"4492\">intensit\u00e9 <\/strong>en fait un choix parfait pour celles qui recherchent un parfum longue tenue, enveloppant les sens d\u2019une aura de luxe et de f\u00e9minit\u00e9. Son <strong data-start=\"4630\" data-end=\"4659\">flacon \u00e9l\u00e9gant et raffin\u00e9<\/strong>, au design moderne, refl\u00e8te parfaitement l\u2019esprit de <strong data-start=\"4713\" data-end=\"4726\">BOSS<\/strong>, une marque synonyme de style et de qualit\u00e9.<\/p>\n<p class=\"\" data-start=\"4775\" data-end=\"5168\">Si vous recherchez un parfum qui incarne <strong data-start=\"4816\" data-end=\"4850\">force, passion et ind\u00e9pendance<\/strong>, <strong data-start=\"4852\" data-end=\"4893\">BOSS Alive Absolu Parfum Intense<\/strong> est le choix id\u00e9al. Gr\u00e2ce \u00e0 son <strong data-start=\"4926\" data-end=\"4961\">intensit\u00e9 et sa tenue prolong\u00e9e<\/strong>, il demeure une <strong data-start=\"4978\" data-end=\"5000\">fragrance iconique<\/strong>, parfaite pour accompagner chaque moment important de votre vie. D\u00e9couvrez les formats <strong data-start=\"5088\" data-end=\"5104\">30ml et 50ml<\/strong> pour emporter cette <strong data-start=\"5125\" data-end=\"5147\">essence inimitable<\/strong> partout avec vous.<\/p>\n<p>&nbsp;<\/p>\n<p>Follow us! <a href=\"https:\/\/www.instagram.com\/freeshopswiss\/\" target=\"_blank\" rel=\"noopener\">@freeshopswiss<\/a><\/p>\n","protected":false},"excerpt":{"rendered":"<p><em><strong>Parfum Intense<\/strong><\/em><\/p>\n","protected":false},"featured_media":23045,"comment_status":"open","ping_status":"closed","template":"","meta":[],"pwb-brand":[260],"product_brand":[],"product_cat":[87,109],"product_tag":[252,296,789,97],"class_list":{"0":"post-23057","1":"product","2":"type-product","3":"status-publish","4":"has-post-thumbnail","6":"pwb-brand-hugo-boss","7":"product_cat-parfums","8":"product_cat-pour-elle","9":"product_tag-eau-de-parfum-fr","10":"product_tag-femme","11":"product_tag-womens-fragrances-fr","12":"product_tag-parfums","14":"first","15":"instock","16":"sale","17":"taxable","18":"shipping-taxable","19":"purchasable","20":"product-type-variable"},"brands":[{"id":260,"name":"Hugo Boss","slug":"hugo-boss"}],"_links":{"self":[{"href":"https:\/\/www.freeshopfrontiera.ch\/fr\/wp-json\/wp\/v2\/product\/23057","targetHints":{"allow":["GET"]}}],"collection":[{"href":"https:\/\/www.freeshopfrontiera.ch\/fr\/wp-json\/wp\/v2\/product"}],"about":[{"href":"https:\/\/www.freeshopfrontiera.ch\/fr\/wp-json\/wp\/v2\/types\/product"}],"replies":[{"embeddable":true,"href":"https:\/\/www.freeshopfrontiera.ch\/fr\/wp-json\/wp\/v2\/comments?post=23057"}],"version-history":[{"count":3,"href":"https:\/\/www.freeshopfrontiera.ch\/fr\/wp-json\/wp\/v2\/product\/23057\/revisions"}],"predecessor-version":[{"id":42349,"href":"https:\/\/www.freeshopfrontiera.ch\/fr\/wp-json\/wp\/v2\/product\/23057\/revisions\/42349"}],"wp:featuredmedia":[{"embeddable":true,"href":"https:\/\/www.freeshopfrontiera.ch\/fr\/wp-json\/wp\/v2\/media\/23045"}],"wp:attachment":[{"href":"https:\/\/www.freeshopfrontiera.ch\/fr\/wp-json\/wp\/v2\/media?parent=23057"}],"wp:term":[{"taxonomy":"pwb-brand","embeddable":true,"href":"https:\/\/www.freeshopfrontiera.ch\/fr\/wp-json\/wp\/v2\/pwb-brand?post=23057"},{"taxonomy":"product_brand","embeddable":true,"href":"https:\/\/www.freeshopfrontiera.ch\/fr\/wp-json\/wp\/v2\/product_brand?post=23057"},{"taxonomy":"product_cat","embeddable":true,"href":"https:\/\/www.freeshopfrontiera.ch\/fr\/wp-json\/wp\/v2\/product_cat?post=23057"},{"taxonomy":"product_tag","embeddable":true,"href":"https:\/\/www.freeshopfrontiera.ch\/fr\/wp-json\/wp\/v2\/product_tag?post=23057"}],"curies":[{"name":"wp","href":"https:\/\/api.w.org\/{rel}","templated":true}]}}