{"id":23167,"date":"2025-04-03T14:55:16","date_gmt":"2025-04-03T14:55:16","guid":{"rendered":"https:\/\/freeshopswiss.alesca.org\/shop\/moschino-funny-50ml\/"},"modified":"2025-04-03T14:59:36","modified_gmt":"2025-04-03T14:59:36","slug":"moschino-funny-50ml","status":"publish","type":"product","link":"https:\/\/www.freeshopfrontiera.ch\/fr\/shop\/moschino-funny-50ml\/","title":{"rendered":"MOSCHINO Funny 50ml"},"content":{"rendered":"<p class=\"\" data-start=\"1592\" data-end=\"1902\"><strong data-start=\"1592\" data-end=\"1636\">MOSCHINO Funny Eau de Toilette Vapo 50ml<\/strong> est un parfum frais et ludique, con\u00e7u pour une femme dynamique, spontan\u00e9e et toujours souriante. Avec sa combinaison de notes fruit\u00e9es, florales et musqu\u00e9es, Funny incarne l&rsquo;\u00e9nergie et la l\u00e9g\u00e8ret\u00e9, parfaite pour celles qui souhaitent vivre la vie avec un sourire.<\/p>\n<p class=\"\" data-start=\"1904\" data-end=\"2385\">Le parfum s&rsquo;ouvre sur une explosion brillante de <strong data-start=\"1953\" data-end=\"1971\">notes fruit\u00e9es<\/strong> telles que le <strong data-start=\"1986\" data-end=\"2011\">melon et la groseille<\/strong>, apportant fra\u00eecheur et vitalit\u00e9. Ces notes se m\u00ealent \u00e0 un c\u0153ur floral d\u00e9licat, o\u00f9 l&rsquo;on retrouve <strong data-start=\"2109\" data-end=\"2121\">th\u00e9 vert<\/strong>, <strong data-start=\"2123\" data-end=\"2135\">violette<\/strong> et une touche de <strong data-start=\"2153\" data-end=\"2164\">pivoine<\/strong>, cr\u00e9ant une composition aussi fra\u00eeche qu&rsquo;envo\u00fbtante. Enfin, les notes de fond sont douces et enveloppantes, gr\u00e2ce \u00e0 l&rsquo;association de <strong data-start=\"2298\" data-end=\"2330\">musc, bois de c\u00e8dre et ambre<\/strong>, donnant au parfum une dur\u00e9e douce mais persistante.<\/p>\n<p class=\"\" data-start=\"2387\" data-end=\"2667\">Le flacon de <strong data-start=\"2400\" data-end=\"2418\">MOSCHINO Funny<\/strong> est tout aussi ludique et distinctif, avec son design \u00e9l\u00e9gant et color\u00e9 qui \u00e9voque la spontan\u00e9it\u00e9 et le caract\u00e8re p\u00e9tillant du parfum. Sa forme stylis\u00e9e et son bouchon dor\u00e9 en font un objet de design qui se distingue sur n&rsquo;importe quelle \u00e9tag\u00e8re.<\/p>\n<p class=\"\" data-start=\"2669\" data-end=\"2992\"><strong data-start=\"2669\" data-end=\"2703\">MOSCHINO Funny Eau de Toilette<\/strong> est le choix id\u00e9al pour celles qui recherchent un parfum p\u00e9tillant et joyeux, \u00e0 porter au quotidien pour une touche de fra\u00eecheur et de vitalit\u00e9. Parfait pour toutes les occasions, il vous accompagnera avec l\u00e9g\u00e8ret\u00e9 tout au long de la journ\u00e9e et rendra chaque moment encore plus sp\u00e9cial.<\/p>\n<p data-start=\"1254\" data-end=\"1565\">Follow us! <a href=\"https:\/\/www.instagram.com\/freeshopswiss\/\" target=\"_blank\" rel=\"noopener\">@freeshopswiss<\/a><\/p>\n","protected":false},"excerpt":{"rendered":"<p><em><strong>Eau de Toilette<\/strong><\/em><\/p>\n","protected":false},"featured_media":23156,"comment_status":"open","ping_status":"closed","template":"","meta":[],"pwb-brand":[379],"product_brand":[],"product_cat":[87,109],"product_tag":[141,296,789,97],"class_list":{"0":"post-23167","1":"product","2":"type-product","3":"status-publish","4":"has-post-thumbnail","6":"pwb-brand-moschino","7":"product_cat-parfums","8":"product_cat-pour-elle","9":"product_tag-eau-de-toilette-fr","10":"product_tag-femme","11":"product_tag-womens-fragrances-fr","12":"product_tag-parfums","14":"first","15":"outofstock","16":"sale","17":"taxable","18":"shipping-taxable","19":"purchasable","20":"product-type-simple"},"brands":[{"id":379,"name":"Moschino","slug":"moschino"}],"_links":{"self":[{"href":"https:\/\/www.freeshopfrontiera.ch\/fr\/wp-json\/wp\/v2\/product\/23167","targetHints":{"allow":["GET"]}}],"collection":[{"href":"https:\/\/www.freeshopfrontiera.ch\/fr\/wp-json\/wp\/v2\/product"}],"about":[{"href":"https:\/\/www.freeshopfrontiera.ch\/fr\/wp-json\/wp\/v2\/types\/product"}],"replies":[{"embeddable":true,"href":"https:\/\/www.freeshopfrontiera.ch\/fr\/wp-json\/wp\/v2\/comments?post=23167"}],"version-history":[{"count":1,"href":"https:\/\/www.freeshopfrontiera.ch\/fr\/wp-json\/wp\/v2\/product\/23167\/revisions"}],"predecessor-version":[{"id":23169,"href":"https:\/\/www.freeshopfrontiera.ch\/fr\/wp-json\/wp\/v2\/product\/23167\/revisions\/23169"}],"wp:featuredmedia":[{"embeddable":true,"href":"https:\/\/www.freeshopfrontiera.ch\/fr\/wp-json\/wp\/v2\/media\/23156"}],"wp:attachment":[{"href":"https:\/\/www.freeshopfrontiera.ch\/fr\/wp-json\/wp\/v2\/media?parent=23167"}],"wp:term":[{"taxonomy":"pwb-brand","embeddable":true,"href":"https:\/\/www.freeshopfrontiera.ch\/fr\/wp-json\/wp\/v2\/pwb-brand?post=23167"},{"taxonomy":"product_brand","embeddable":true,"href":"https:\/\/www.freeshopfrontiera.ch\/fr\/wp-json\/wp\/v2\/product_brand?post=23167"},{"taxonomy":"product_cat","embeddable":true,"href":"https:\/\/www.freeshopfrontiera.ch\/fr\/wp-json\/wp\/v2\/product_cat?post=23167"},{"taxonomy":"product_tag","embeddable":true,"href":"https:\/\/www.freeshopfrontiera.ch\/fr\/wp-json\/wp\/v2\/product_tag?post=23167"}],"curies":[{"name":"wp","href":"https:\/\/api.w.org\/{rel}","templated":true}]}}