{"id":23333,"date":"2025-04-03T16:07:38","date_gmt":"2025-04-03T16:07:38","guid":{"rendered":"https:\/\/freeshopswiss.alesca.org\/shop\/rabanne-phantom-elixir-eau-de-parfum-intense\/"},"modified":"2025-04-04T08:33:56","modified_gmt":"2025-04-04T08:33:56","slug":"rabanne-phantom-elixir-eau-de-parfum-intense","status":"publish","type":"product","link":"https:\/\/www.freeshopfrontiera.ch\/fr\/shop\/rabanne-phantom-elixir-eau-de-parfum-intense\/","title":{"rendered":"RABANNE Phantom Elixir Eau de Parfum Intense"},"content":{"rendered":"<p class=\"\" data-start=\"3104\" data-end=\"3518\"><strong>RABANNE Phantom Elixir Eau de Parfum Intense<\/strong> est un parfum innovant, puissant et myst\u00e9rieux, con\u00e7u pour l&rsquo;homme moderne en qu\u00eate d&rsquo;une fragrance audacieuse qui refl\u00e8te sa personnalit\u00e9 unique. Cette \u00e9dition intense du c\u00e9l\u00e8bre Phantom repr\u00e9sente l&rsquo;\u00e9volution d&rsquo;un parfum d\u00e9j\u00e0 iconique, portant l&rsquo;exp\u00e9rience olfactive \u00e0 un niveau sup\u00e9rieur gr\u00e2ce \u00e0 une combinaison de notes plus profondes, enveloppantes et s\u00e9duisantes.<\/p>\n<p class=\"\" data-start=\"3520\" data-end=\"4008\">Les notes de t\u00eate ouvrent le parfum avec une explosion fra\u00eeche et \u00e9pic\u00e9e de bergamote et de citron, cr\u00e9ant un d\u00e9but vibrant et dynamique. Celles-ci se fondent avec un c\u0153ur riche et aromatique, o\u00f9 se combinent la lavande et un accord myst\u00e9rieux de poivre noir, apportant au parfum un caract\u00e8re audacieux et masculin. La base est intense et enveloppante, avec une fusion de bois de cachemire, de vanille et de musc, ajoutant profondeur, sensualit\u00e9 et une persistance longue et irr\u00e9sistible.<\/p>\n<p class=\"\" data-start=\"4010\" data-end=\"4271\">Le flacon de Phantom Elixir se distingue par son design futuriste, avec sa forme iconique en t\u00eate de robot \u00e9voquant un monde innovant et technologique. La finition brillante et les d\u00e9tails m\u00e9talliques expriment le caract\u00e8re audacieux et moderne de la fragrance.<\/p>\n<p class=\"\" data-start=\"4273\" data-end=\"4593\">RABANNE Phantom Elixir Eau de Parfum Intense est le parfum parfait pour l&rsquo;homme qui d\u00e9sire une essence qui exprime force, myst\u00e8re et sophistication. Avec son intensit\u00e9 et sa dur\u00e9e, il est le choix id\u00e9al pour des occasions sp\u00e9ciales ou pour le quotidien, ajoutant une dimension audacieuse et magn\u00e9tique \u00e0 sa personnalit\u00e9.<\/p>\n<p data-start=\"1288\" data-end=\"1598\">Follow us! <a href=\"https:\/\/www.instagram.com\/freeshopswiss\/\" target=\"_blank\" rel=\"noopener\">@freeshopswiss<\/a><\/p>\n","protected":false},"excerpt":{"rendered":"<p>RABANNE Phantom Elixir Eau de Parfum Intense est un parfum innovant, puissant et myst\u00e9rieux, con\u00e7u pour l&rsquo;homme moderne en qu\u00eate d&rsquo;une fragrance audacieuse qui refl\u00e8te sa personnalit\u00e9 unique. Cette \u00e9dition intense du c\u00e9l\u00e8bre Phantom repr\u00e9sente l&rsquo;\u00e9volution d&rsquo;un parfum d\u00e9j\u00e0 iconique, portant l&rsquo;exp\u00e9rience olfactive \u00e0 un niveau sup\u00e9rieur gr\u00e2ce \u00e0 une combinaison de notes plus profondes, [&hellip;]<\/p>\n","protected":false},"featured_media":23318,"comment_status":"open","ping_status":"closed","template":"","meta":[],"pwb-brand":[378],"product_brand":[],"product_cat":[103,87,89],"product_tag":[252,1629,143,571,97],"class_list":{"0":"post-23333","1":"product","2":"type-product","3":"status-publish","4":"has-post-thumbnail","6":"pwb-brand-rabanne","7":"product_cat-nouveaute","8":"product_cat-parfums","9":"product_cat-pour-lui","10":"product_tag-eau-de-parfum-fr","11":"product_tag-mens-fragrances-fr","12":"product_tag-homme","13":"product_tag-novita-per-lui-fr","14":"product_tag-parfums","16":"first","17":"instock","18":"sale","19":"taxable","20":"shipping-taxable","21":"purchasable","22":"product-type-variable"},"brands":[{"id":378,"name":"Rabanne","slug":"rabanne"}],"_links":{"self":[{"href":"https:\/\/www.freeshopfrontiera.ch\/fr\/wp-json\/wp\/v2\/product\/23333","targetHints":{"allow":["GET"]}}],"collection":[{"href":"https:\/\/www.freeshopfrontiera.ch\/fr\/wp-json\/wp\/v2\/product"}],"about":[{"href":"https:\/\/www.freeshopfrontiera.ch\/fr\/wp-json\/wp\/v2\/types\/product"}],"replies":[{"embeddable":true,"href":"https:\/\/www.freeshopfrontiera.ch\/fr\/wp-json\/wp\/v2\/comments?post=23333"}],"version-history":[{"count":1,"href":"https:\/\/www.freeshopfrontiera.ch\/fr\/wp-json\/wp\/v2\/product\/23333\/revisions"}],"predecessor-version":[{"id":23340,"href":"https:\/\/www.freeshopfrontiera.ch\/fr\/wp-json\/wp\/v2\/product\/23333\/revisions\/23340"}],"wp:featuredmedia":[{"embeddable":true,"href":"https:\/\/www.freeshopfrontiera.ch\/fr\/wp-json\/wp\/v2\/media\/23318"}],"wp:attachment":[{"href":"https:\/\/www.freeshopfrontiera.ch\/fr\/wp-json\/wp\/v2\/media?parent=23333"}],"wp:term":[{"taxonomy":"pwb-brand","embeddable":true,"href":"https:\/\/www.freeshopfrontiera.ch\/fr\/wp-json\/wp\/v2\/pwb-brand?post=23333"},{"taxonomy":"product_brand","embeddable":true,"href":"https:\/\/www.freeshopfrontiera.ch\/fr\/wp-json\/wp\/v2\/product_brand?post=23333"},{"taxonomy":"product_cat","embeddable":true,"href":"https:\/\/www.freeshopfrontiera.ch\/fr\/wp-json\/wp\/v2\/product_cat?post=23333"},{"taxonomy":"product_tag","embeddable":true,"href":"https:\/\/www.freeshopfrontiera.ch\/fr\/wp-json\/wp\/v2\/product_tag?post=23333"}],"curies":[{"name":"wp","href":"https:\/\/api.w.org\/{rel}","templated":true}]}}