{"id":23402,"date":"2025-04-04T10:01:29","date_gmt":"2025-04-04T10:01:29","guid":{"rendered":"https:\/\/freeshopswiss.alesca.org\/shop\/creed-millesime-eladaria-eau-de-parfum\/"},"modified":"2025-04-04T10:17:30","modified_gmt":"2025-04-04T10:17:30","slug":"creed-millesime-eladaria-eau-de-parfum","status":"publish","type":"product","link":"https:\/\/www.freeshopfrontiera.ch\/fr\/shop\/creed-millesime-eladaria-eau-de-parfum\/","title":{"rendered":"CREED Millesime Eladaria Eau de Parfum"},"content":{"rendered":"<p class=\"\" data-start=\"5674\" data-end=\"6108\"><strong data-start=\"5674\" data-end=\"5716\">CREED Millesime Eladaria Eau de Parfum<\/strong> est un parfum unique et sophistiqu\u00e9 qui c\u00e9l\u00e8bre la rose dans toute son \u00e9l\u00e9gance. Avec un m\u00e9lange incroyable de fra\u00eecheur d&rsquo;agrumes, de douceur florale et de sensualit\u00e9 musqu\u00e9e, ce parfum \u00e9voque l&rsquo;image d&rsquo;un jardin secret, myst\u00e9rieux et sensuel. La composition olfactive de <strong data-start=\"5990\" data-end=\"6002\">Eladaria<\/strong> est un voyage olfactif qui d\u00e9voile un espace intime, o\u00f9 la nature et les r\u00eaves se m\u00ealent harmonieusement.<\/p>\n<p class=\"\" data-start=\"6110\" data-end=\"6513\">Les <strong data-start=\"6114\" data-end=\"6131\">notes de t\u00eate<\/strong> de <strong data-start=\"6135\" data-end=\"6148\">bergamote<\/strong> et de <strong data-start=\"6155\" data-end=\"6168\">mandarine<\/strong> ouvrent le parfum avec une explosion de fra\u00eecheur d&rsquo;agrumes, une brise l\u00e9g\u00e8re qui caresse le visage au petit matin. Ces notes vibrantes sont compl\u00e9t\u00e9es par une touche d\u00e9licate de <strong data-start=\"6348\" data-end=\"6358\">muguet<\/strong>, qui ajoute une dimension cristalline et fra\u00eeche au parfum, parfaite pour ceux qui aiment les senteurs fra\u00eeches tout en conservant une sensualit\u00e9 subtile.<\/p>\n<p class=\"\" data-start=\"6515\" data-end=\"7130\">Le c\u0153ur de <strong data-start=\"6526\" data-end=\"6554\">CREED Millesime Eladaria<\/strong> r\u00e9v\u00e8le une composition florale riche et raffin\u00e9e. La <strong data-start=\"6608\" data-end=\"6627\">rose Centifolia<\/strong>, la \u00ab\u00a0rose aux mille p\u00e9tales\u00a0\u00bb, est la fleur principale de ce parfum, s&rsquo;\u00e9panouissant dans toute sa magnificence, avec son caract\u00e8re d\u00e9licat et pourtant profond. \u00c0 ses c\u00f4t\u00e9s, la <strong data-start=\"6803\" data-end=\"6814\">pivoine<\/strong> ajoute une note fra\u00eeche d\u00e9licate, tandis que le <strong data-start=\"6863\" data-end=\"6878\">poivre rose<\/strong> apporte une touche \u00e9pic\u00e9e qui compl\u00e8te ce m\u00e9lange floral avec une surprise vibrante et surprenante. Ces notes s&rsquo;entrelacent harmonieusement, r\u00e9v\u00e9lant la beaut\u00e9 d&rsquo;une rose moderne qui fleurit au lever du soleil, illumin\u00e9e par la lumi\u00e8re dor\u00e9e du matin.<\/p>\n<p class=\"\" data-start=\"7132\" data-end=\"7578\">Les <strong data-start=\"7136\" data-end=\"7153\">notes de fond<\/strong> de <strong data-start=\"7157\" data-end=\"7165\">musc<\/strong>, de <strong data-start=\"7170\" data-end=\"7181\">vanille<\/strong> et de <strong data-start=\"7188\" data-end=\"7197\">ambre<\/strong> cr\u00e9ent une base chaude et enveloppante, offrant au parfum une longue persistance et un effet inoubliable. La vanille apporte une douceur cr\u00e9meuse et douce, tandis que l&rsquo;ambre ajoute de la profondeur et de la sensualit\u00e9. Enfin, le musc offre un effet enveloppant et r\u00e9confortant, unissant la fra\u00eecheur de la rose \u00e0 une sensation de chaleur et de confort qui persiste dans le temps.<\/p>\n<p class=\"\" data-start=\"7580\" data-end=\"8153\"><strong data-start=\"7580\" data-end=\"7622\">CREED Millesime Eladaria Eau de Parfum<\/strong> est un parfum qui incarne la beaut\u00e9 d&rsquo;un jardin secret, o\u00f9 chaque note \u00e9volue lentement, d\u00e9voilant de nouvelles couches de myst\u00e8re et de s\u00e9duction. Ce parfum est parfait pour ceux qui recherchent une essence qui transmet \u00e9l\u00e9gance, fra\u00eecheur et sensualit\u00e9 subtile mais puissante. Id\u00e9al pour toutes les occasions, des \u00e9v\u00e9nements formels aux moments intimes, <strong data-start=\"7979\" data-end=\"7991\">Eladaria<\/strong> est un choix audacieux pour ceux qui d\u00e9sirent un parfum durable, laissant une trace d\u00e9licate et persistante qui rappelle la beaut\u00e9 de la nature \u00e0 chaque instant.<\/p>\n<p data-start=\"1203\" data-end=\"1475\">Follow us! <a href=\"https:\/\/www.instagram.com\/freeshopswiss\/\" target=\"_blank\" rel=\"noopener\">@freeshopswiss<\/a><\/p>\n","protected":false},"excerpt":{"rendered":"<p><em><strong>Eau de Parfum<\/strong><\/em><\/p>\n","protected":false},"featured_media":23386,"comment_status":"open","ping_status":"closed","template":"","meta":[],"pwb-brand":[403],"product_brand":[],"product_cat":[87,109],"product_tag":[252,296,789,97,4367],"class_list":{"0":"post-23402","1":"product","2":"type-product","3":"status-publish","4":"has-post-thumbnail","6":"pwb-brand-creed","7":"product_cat-parfums","8":"product_cat-pour-elle","9":"product_tag-eau-de-parfum-fr","10":"product_tag-femme","11":"product_tag-womens-fragrances-fr","12":"product_tag-parfums","13":"product_tag-special-printemps","15":"first","16":"instock","17":"taxable","18":"shipping-taxable","19":"product-type-variable"},"brands":[{"id":403,"name":"Creed","slug":"creed"}],"_links":{"self":[{"href":"https:\/\/www.freeshopfrontiera.ch\/fr\/wp-json\/wp\/v2\/product\/23402","targetHints":{"allow":["GET"]}}],"collection":[{"href":"https:\/\/www.freeshopfrontiera.ch\/fr\/wp-json\/wp\/v2\/product"}],"about":[{"href":"https:\/\/www.freeshopfrontiera.ch\/fr\/wp-json\/wp\/v2\/types\/product"}],"replies":[{"embeddable":true,"href":"https:\/\/www.freeshopfrontiera.ch\/fr\/wp-json\/wp\/v2\/comments?post=23402"}],"version-history":[{"count":2,"href":"https:\/\/www.freeshopfrontiera.ch\/fr\/wp-json\/wp\/v2\/product\/23402\/revisions"}],"predecessor-version":[{"id":23411,"href":"https:\/\/www.freeshopfrontiera.ch\/fr\/wp-json\/wp\/v2\/product\/23402\/revisions\/23411"}],"wp:featuredmedia":[{"embeddable":true,"href":"https:\/\/www.freeshopfrontiera.ch\/fr\/wp-json\/wp\/v2\/media\/23386"}],"wp:attachment":[{"href":"https:\/\/www.freeshopfrontiera.ch\/fr\/wp-json\/wp\/v2\/media?parent=23402"}],"wp:term":[{"taxonomy":"pwb-brand","embeddable":true,"href":"https:\/\/www.freeshopfrontiera.ch\/fr\/wp-json\/wp\/v2\/pwb-brand?post=23402"},{"taxonomy":"product_brand","embeddable":true,"href":"https:\/\/www.freeshopfrontiera.ch\/fr\/wp-json\/wp\/v2\/product_brand?post=23402"},{"taxonomy":"product_cat","embeddable":true,"href":"https:\/\/www.freeshopfrontiera.ch\/fr\/wp-json\/wp\/v2\/product_cat?post=23402"},{"taxonomy":"product_tag","embeddable":true,"href":"https:\/\/www.freeshopfrontiera.ch\/fr\/wp-json\/wp\/v2\/product_tag?post=23402"}],"curies":[{"name":"wp","href":"https:\/\/api.w.org\/{rel}","templated":true}]}}