{"id":23423,"date":"2025-04-04T10:45:30","date_gmt":"2025-04-04T10:45:30","guid":{"rendered":"https:\/\/freeshopswiss.alesca.org\/shop\/lattafa-maison-alhambra-dark-door\/"},"modified":"2025-04-04T10:50:18","modified_gmt":"2025-04-04T10:50:18","slug":"lattafa-maison-alhambra-dark-door","status":"publish","type":"product","link":"https:\/\/www.freeshopfrontiera.ch\/fr\/shop\/lattafa-maison-alhambra-dark-door\/","title":{"rendered":"LATTAFA Maison Alhambra Dark Door"},"content":{"rendered":"<p class=\"\" data-start=\"2113\" data-end=\"2783\"><strong data-start=\"2113\" data-end=\"2170\">LATTAFA Maison Alhambra Dark Door Eau de Parfum 100ml<\/strong> est un parfum audacieux et envo\u00fbtant, con\u00e7u pour ceux qui recherchent une fragrance myst\u00e9rieuse, \u00e9l\u00e9gante et sophistiqu\u00e9e. Un hommage \u00e0 la beaut\u00e9 \u00e9nigmatique, cette eau de parfum capte l&rsquo;attention avec sa composition unique, qui se d\u00e9ploie en une exp\u00e9rience sensorielle intense et durable. Le parfum est parfait pour les soir\u00e9es \u00e9l\u00e9gantes, les \u00e9v\u00e9nements sp\u00e9ciaux et les occasions o\u00f9 vous souhaitez laisser une impression inoubliable. Avec un m\u00e9lange de notes fra\u00eeches et \u00e9pic\u00e9es, un c\u0153ur chaud et aromatique et une base bois\u00e9e et sensuelle, <strong data-start=\"2713\" data-end=\"2742\">Maison Alhambra Dark Door<\/strong> est un parfum qui ne passe pas inaper\u00e7u.<\/p>\n<p class=\"\" data-start=\"2785\" data-end=\"3343\">Le parfum s&rsquo;ouvre imm\u00e9diatement avec un m\u00e9lange intrigant de notes fra\u00eeches et \u00e9pic\u00e9es qui captivent l&rsquo;attention et \u00e9veillent les sens. Ces premi\u00e8res notes cr\u00e9ent une sensation vibrante qui pr\u00e9pare le terrain pour un c\u0153ur complexe et envo\u00fbtant. Le c\u0153ur du parfum se r\u00e9v\u00e8le avec une fusion d&rsquo;\u00e9l\u00e9ments chauds et aromatiques, enrichis de d\u00e9licates nuances florales qui \u00e9quilibrent la composition avec une fra\u00eeche harmonie. Ce contraste entre les notes chaudes et florales donne au parfum une profondeur intrigante, qui enchante toute personne qui s&rsquo;en approche.<\/p>\n<p class=\"\" data-start=\"3345\" data-end=\"3797\">Les notes de fond sont ce qui d\u00e9finit vraiment <strong data-start=\"3392\" data-end=\"3405\">Dark Door<\/strong>, donnant au parfum une qualit\u00e9 envo\u00fbtante qui laisse une tra\u00een\u00e9e inoubliable. L&rsquo;ambre, le musc et le bois se m\u00e9langent dans une \u00e9treinte sensuelle, cr\u00e9ant une base chaude et myst\u00e9rieuse qui reste sur la peau longtemps, offrant une sensation d&rsquo;\u00e9l\u00e9gance intemporelle. Le musc ajoute une touche de sensualit\u00e9 sophistiqu\u00e9e, tandis que le bois et l&rsquo;ambre apportent stabilit\u00e9 et intensit\u00e9 durable.<\/p>\n<p class=\"\" data-start=\"3799\" data-end=\"4229\"><strong data-start=\"3799\" data-end=\"3850\">LATTAFA Maison Alhambra Dark Door Eau de Parfum<\/strong> est donc un choix id\u00e9al pour ceux qui aiment les parfums riches et complexes, racontant une histoire de myst\u00e8re, d&rsquo;\u00e9l\u00e9gance et de charme. Chaque vaporisation de ce parfum enveloppe celui qui le porte d&rsquo;une aura d&rsquo;intrigue et de raffinement, rendant chaque occasion vraiment unique. Un parfum inoubliable, parfait pour ceux qui souhaitent se distinguer avec une touche de classe.<\/p>\n<p data-start=\"1709\" data-end=\"2126\">Follow us! <a href=\"https:\/\/www.instagram.com\/freeshopswiss\/\" target=\"_blank\" rel=\"noopener\">@freeshopswiss<\/a><\/p>\n","protected":false},"excerpt":{"rendered":"<p><em><strong>Eau de Parfum<\/strong><\/em><\/p>\n","protected":false},"featured_media":23415,"comment_status":"open","ping_status":"closed","template":"","meta":[],"pwb-brand":[772],"product_brand":[],"product_cat":[87,109,89],"product_tag":[252,296,789,1629,143,97,594],"class_list":{"0":"post-23423","1":"product","2":"type-product","3":"status-publish","4":"has-post-thumbnail","6":"pwb-brand-lattafa","7":"product_cat-parfums","8":"product_cat-pour-elle","9":"product_cat-pour-lui","10":"product_tag-eau-de-parfum-fr","11":"product_tag-femme","12":"product_tag-womens-fragrances-fr","13":"product_tag-mens-fragrances-fr","14":"product_tag-homme","15":"product_tag-parfums","16":"product_tag-unisex-fr-2","18":"first","19":"outofstock","20":"sale","21":"taxable","22":"shipping-taxable","23":"purchasable","24":"product-type-simple"},"brands":[{"id":772,"name":"Lattafa","slug":"lattafa"}],"_links":{"self":[{"href":"https:\/\/www.freeshopfrontiera.ch\/fr\/wp-json\/wp\/v2\/product\/23423","targetHints":{"allow":["GET"]}}],"collection":[{"href":"https:\/\/www.freeshopfrontiera.ch\/fr\/wp-json\/wp\/v2\/product"}],"about":[{"href":"https:\/\/www.freeshopfrontiera.ch\/fr\/wp-json\/wp\/v2\/types\/product"}],"replies":[{"embeddable":true,"href":"https:\/\/www.freeshopfrontiera.ch\/fr\/wp-json\/wp\/v2\/comments?post=23423"}],"version-history":[{"count":2,"href":"https:\/\/www.freeshopfrontiera.ch\/fr\/wp-json\/wp\/v2\/product\/23423\/revisions"}],"predecessor-version":[{"id":23427,"href":"https:\/\/www.freeshopfrontiera.ch\/fr\/wp-json\/wp\/v2\/product\/23423\/revisions\/23427"}],"wp:featuredmedia":[{"embeddable":true,"href":"https:\/\/www.freeshopfrontiera.ch\/fr\/wp-json\/wp\/v2\/media\/23415"}],"wp:attachment":[{"href":"https:\/\/www.freeshopfrontiera.ch\/fr\/wp-json\/wp\/v2\/media?parent=23423"}],"wp:term":[{"taxonomy":"pwb-brand","embeddable":true,"href":"https:\/\/www.freeshopfrontiera.ch\/fr\/wp-json\/wp\/v2\/pwb-brand?post=23423"},{"taxonomy":"product_brand","embeddable":true,"href":"https:\/\/www.freeshopfrontiera.ch\/fr\/wp-json\/wp\/v2\/product_brand?post=23423"},{"taxonomy":"product_cat","embeddable":true,"href":"https:\/\/www.freeshopfrontiera.ch\/fr\/wp-json\/wp\/v2\/product_cat?post=23423"},{"taxonomy":"product_tag","embeddable":true,"href":"https:\/\/www.freeshopfrontiera.ch\/fr\/wp-json\/wp\/v2\/product_tag?post=23423"}],"curies":[{"name":"wp","href":"https:\/\/api.w.org\/{rel}","templated":true}]}}