{"id":23477,"date":"2025-04-04T11:37:42","date_gmt":"2025-04-04T11:37:42","guid":{"rendered":"https:\/\/freeshopswiss.alesca.org\/shop\/jp-gaultier-le-male-elixir-absolu\/"},"modified":"2025-04-23T08:33:27","modified_gmt":"2025-04-23T08:33:27","slug":"jp-gaultier-le-male-elixir-absolu","status":"publish","type":"product","link":"https:\/\/www.freeshopfrontiera.ch\/fr\/shop\/jp-gaultier-le-male-elixir-absolu\/","title":{"rendered":"JEAN PAUL GAULTIER Le Male Elixir Absolu"},"content":{"rendered":"<p class=\"\" data-start=\"6331\" data-end=\"6860\"><strong>JP GAULTIER Le Male Elixir Absolu Eau de Parfum<\/strong> est un parfum unique, puissant et sophistiqu\u00e9 qui repr\u00e9sente l&rsquo;une des expressions les plus audacieuses et \u00e9l\u00e9gantes de la ligne Le Male. Avec cette nouvelle \u00e9dition, Jean Paul Gaultier r\u00e9invente un classique, enrichissant l&rsquo;exp\u00e9rience olfactive d&rsquo;une profondeur extraordinaire et d&rsquo;une sensualit\u00e9 intense qui persistera longtemps apr\u00e8s l&rsquo;application. Parfait pour l&rsquo;homme moderne, le parfum d\u00e9gage un charisme magn\u00e9tique et une pr\u00e9sence inoubliable, adapt\u00e9 \u00e0 toutes les occasions.<\/p>\n<p class=\"\" data-start=\"6862\" data-end=\"7517\">Les notes de t\u00eate sont fra\u00eeches et \u00e9pic\u00e9es, avec une explosion de cardamome et de bergamote qui offrent imm\u00e9diatement une sensation de fra\u00eecheur vibrante et dynamique. Le c\u0153ur du parfum r\u00e9v\u00e8le la chaleur enveloppante de la lavande et de la vanille, apportant une touche sensuelle et douce qui \u00e9quilibre la fra\u00eecheur initiale avec une douceur r\u00e9confortante. La base est riche et longue tenue, compos\u00e9e de c\u00e8dre, d&rsquo;ambre et de musc, cr\u00e9ant une tra\u00een\u00e9e chaude, myst\u00e9rieuse et profond\u00e9ment magn\u00e9tique. Ces accords de fond non seulement prolongent la dur\u00e9e du parfum mais lui conf\u00e8rent \u00e9galement une sensualit\u00e9 sophistiqu\u00e9e qui envo\u00fbte ceux qui vous entourent.<\/p>\n<p class=\"\" data-start=\"7519\" data-end=\"8008\">Le Male Elixir Absolu est un parfum qui exprime la force et la d\u00e9termination, tout en ne perdant jamais l&rsquo;\u00e9l\u00e9gance qui caract\u00e9rise la marque Jean Paul Gaultier. Son intensit\u00e9 le rend parfait pour les soir\u00e9es, les \u00e9v\u00e9nements sp\u00e9ciaux ou pour un usage quotidien lorsque vous souhaitez laisser une impression durable. Sa polyvalence est un autre de ses points forts : il n&rsquo;est jamais envahissant mais laisse toujours une tra\u00een\u00e9e fascinante qui attirera l&rsquo;attention de ceux qui vous entourent.<\/p>\n<p class=\"\" data-start=\"8010\" data-end=\"8315\">Ce parfum se distingue par son \u00e9quilibre entre fra\u00eecheur et chaleur, cr\u00e9ant une composition olfactive qui \u00e9volue au fil du temps, s&rsquo;adaptant parfaitement \u00e0 la peau et \u00e0 la personnalit\u00e9 de celui qui le porte. Le Male Elixir Absolu incarne la sensualit\u00e9 masculine moderne, riche en caract\u00e8re et en \u00e9l\u00e9gance.<\/p>\n<p data-start=\"1652\" data-end=\"1967\">Follow us! <a href=\"https:\/\/www.instagram.com\/freeshopswiss\/\" target=\"_blank\" rel=\"noopener\">@freeshopswiss<\/a><\/p>\n","protected":false},"excerpt":{"rendered":"<p><em><strong>Eau de Parfum<\/strong><\/em><\/p>\n","protected":false},"featured_media":23467,"comment_status":"open","ping_status":"closed","template":"","meta":[],"pwb-brand":[373],"product_brand":[],"product_cat":[87,89],"product_tag":[252,1629,143,97],"class_list":{"0":"post-23477","1":"product","2":"type-product","3":"status-publish","4":"has-post-thumbnail","6":"pwb-brand-jean-paul-gaultier","7":"product_cat-parfums","8":"product_cat-pour-lui","9":"product_tag-eau-de-parfum-fr","10":"product_tag-mens-fragrances-fr","11":"product_tag-homme","12":"product_tag-parfums","14":"first","15":"instock","16":"sale","17":"taxable","18":"shipping-taxable","19":"purchasable","20":"product-type-variable","21":"has-default-attributes"},"brands":[{"id":373,"name":"Jean Paul Gaultier","slug":"jean-paul-gaultier"}],"_links":{"self":[{"href":"https:\/\/www.freeshopfrontiera.ch\/fr\/wp-json\/wp\/v2\/product\/23477","targetHints":{"allow":["GET"]}}],"collection":[{"href":"https:\/\/www.freeshopfrontiera.ch\/fr\/wp-json\/wp\/v2\/product"}],"about":[{"href":"https:\/\/www.freeshopfrontiera.ch\/fr\/wp-json\/wp\/v2\/types\/product"}],"replies":[{"embeddable":true,"href":"https:\/\/www.freeshopfrontiera.ch\/fr\/wp-json\/wp\/v2\/comments?post=23477"}],"version-history":[{"count":3,"href":"https:\/\/www.freeshopfrontiera.ch\/fr\/wp-json\/wp\/v2\/product\/23477\/revisions"}],"predecessor-version":[{"id":27825,"href":"https:\/\/www.freeshopfrontiera.ch\/fr\/wp-json\/wp\/v2\/product\/23477\/revisions\/27825"}],"wp:featuredmedia":[{"embeddable":true,"href":"https:\/\/www.freeshopfrontiera.ch\/fr\/wp-json\/wp\/v2\/media\/23467"}],"wp:attachment":[{"href":"https:\/\/www.freeshopfrontiera.ch\/fr\/wp-json\/wp\/v2\/media?parent=23477"}],"wp:term":[{"taxonomy":"pwb-brand","embeddable":true,"href":"https:\/\/www.freeshopfrontiera.ch\/fr\/wp-json\/wp\/v2\/pwb-brand?post=23477"},{"taxonomy":"product_brand","embeddable":true,"href":"https:\/\/www.freeshopfrontiera.ch\/fr\/wp-json\/wp\/v2\/product_brand?post=23477"},{"taxonomy":"product_cat","embeddable":true,"href":"https:\/\/www.freeshopfrontiera.ch\/fr\/wp-json\/wp\/v2\/product_cat?post=23477"},{"taxonomy":"product_tag","embeddable":true,"href":"https:\/\/www.freeshopfrontiera.ch\/fr\/wp-json\/wp\/v2\/product_tag?post=23477"}],"curies":[{"name":"wp","href":"https:\/\/api.w.org\/{rel}","templated":true}]}}