{"id":23543,"date":"2025-04-04T13:52:42","date_gmt":"2025-04-04T13:52:42","guid":{"rendered":"https:\/\/freeshopswiss.alesca.org\/shop\/zadig-voltaire-zadig\/"},"modified":"2025-04-04T14:06:28","modified_gmt":"2025-04-04T14:06:28","slug":"zadig-voltaire-zadig","status":"publish","type":"product","link":"https:\/\/www.freeshopfrontiera.ch\/fr\/shop\/zadig-voltaire-zadig\/","title":{"rendered":"ZADIG &#038; VOLTAIRE Zadig"},"content":{"rendered":"<p class=\"\" data-start=\"4333\" data-end=\"4819\"><strong>ZADIG &amp; VOLTAIRE Zadig Eau de Parfum<\/strong> est un parfum audacieux et distinctif, con\u00e7u pour ceux qui aiment exprimer leur individualit\u00e9 avec caract\u00e8re et sophistication. Ce parfum incarne parfaitement le style embl\u00e9matique de la marque, combinant \u00e9l\u00e9gance et esprit rebelle dans une composition olfactive moderne et captivante. Id\u00e9al pour ceux qui ne suivent pas les r\u00e8gles et souhaitent se d\u00e9marquer avec une essence unique, il est une v\u00e9ritable d\u00e9claration de libert\u00e9 et de personnalit\u00e9.<\/p>\n<p class=\"\" data-start=\"4821\" data-end=\"5374\">D\u00e8s les premi\u00e8res notes, Zadig Eau de Parfum captive les sens avec une explosion de fra\u00eecheur et de vitalit\u00e9. Les agrumes p\u00e9tillants se m\u00ealent aux \u00e9pices vibrantes, cr\u00e9ant une ouverture dynamique et lumineuse qui \u00e9veille les sens et apporte une touche d&rsquo;exub\u00e9rance. Au c\u0153ur du parfum, un accord sophistiqu\u00e9 de bois pr\u00e9cieux et de notes aromatiques s&rsquo;impose, enveloppant la peau d\u2019une aura chaleureuse et enveloppante. Cette combinaison ajoute profondeur et caract\u00e8re, exprimant \u00e0 merveille l\u2019essence de ceux qui aiment laisser une empreinte marquante.<\/p>\n<p class=\"\" data-start=\"5376\" data-end=\"5799\">Les notes de fond, sensuelles et persistantes, r\u00e9v\u00e8lent un m\u00e9lange irr\u00e9sistible de vanille, d\u2019ambre et de musc blanc. La douceur envo\u00fbtante de la vanille se marie \u00e0 la richesse de l\u2019ambre, cr\u00e9ant un effet magn\u00e9tique et s\u00e9duisant, tandis que le musc blanc ajoute une touche de puret\u00e9 et de raffinement. Le r\u00e9sultat est un sillage intense et inoubliable, capable d\u2019\u00e9voquer des \u00e9motions et de laisser une impression durable.<\/p>\n<p data-start=\"910\" data-end=\"1239\">Follow us! <a href=\"https:\/\/www.instagram.com\/freeshopswiss\/\" target=\"_blank\" rel=\"noopener\">@freeshopswiss<\/a><\/p>\n","protected":false},"excerpt":{"rendered":"<p><em><strong>Eau de Parfum<\/strong><\/em><\/p>\n","protected":false},"featured_media":23513,"comment_status":"open","ping_status":"closed","template":"","meta":[],"pwb-brand":[390],"product_brand":[],"product_cat":[87,109],"product_tag":[252,296,789,97],"class_list":{"0":"post-23543","1":"product","2":"type-product","3":"status-publish","4":"has-post-thumbnail","6":"pwb-brand-zadig-voltaire","7":"product_cat-parfums","8":"product_cat-pour-elle","9":"product_tag-eau-de-parfum-fr","10":"product_tag-femme","11":"product_tag-womens-fragrances-fr","12":"product_tag-parfums","14":"first","15":"instock","16":"sale","17":"taxable","18":"shipping-taxable","19":"purchasable","20":"product-type-variable","21":"has-default-attributes"},"brands":[{"id":390,"name":"ZADIG &amp; VOLTAIRE","slug":"zadig-voltaire"}],"_links":{"self":[{"href":"https:\/\/www.freeshopfrontiera.ch\/fr\/wp-json\/wp\/v2\/product\/23543","targetHints":{"allow":["GET"]}}],"collection":[{"href":"https:\/\/www.freeshopfrontiera.ch\/fr\/wp-json\/wp\/v2\/product"}],"about":[{"href":"https:\/\/www.freeshopfrontiera.ch\/fr\/wp-json\/wp\/v2\/types\/product"}],"replies":[{"embeddable":true,"href":"https:\/\/www.freeshopfrontiera.ch\/fr\/wp-json\/wp\/v2\/comments?post=23543"}],"version-history":[{"count":3,"href":"https:\/\/www.freeshopfrontiera.ch\/fr\/wp-json\/wp\/v2\/product\/23543\/revisions"}],"predecessor-version":[{"id":23559,"href":"https:\/\/www.freeshopfrontiera.ch\/fr\/wp-json\/wp\/v2\/product\/23543\/revisions\/23559"}],"wp:featuredmedia":[{"embeddable":true,"href":"https:\/\/www.freeshopfrontiera.ch\/fr\/wp-json\/wp\/v2\/media\/23513"}],"wp:attachment":[{"href":"https:\/\/www.freeshopfrontiera.ch\/fr\/wp-json\/wp\/v2\/media?parent=23543"}],"wp:term":[{"taxonomy":"pwb-brand","embeddable":true,"href":"https:\/\/www.freeshopfrontiera.ch\/fr\/wp-json\/wp\/v2\/pwb-brand?post=23543"},{"taxonomy":"product_brand","embeddable":true,"href":"https:\/\/www.freeshopfrontiera.ch\/fr\/wp-json\/wp\/v2\/product_brand?post=23543"},{"taxonomy":"product_cat","embeddable":true,"href":"https:\/\/www.freeshopfrontiera.ch\/fr\/wp-json\/wp\/v2\/product_cat?post=23543"},{"taxonomy":"product_tag","embeddable":true,"href":"https:\/\/www.freeshopfrontiera.ch\/fr\/wp-json\/wp\/v2\/product_tag?post=23543"}],"curies":[{"name":"wp","href":"https:\/\/api.w.org\/{rel}","templated":true}]}}