{"id":23612,"date":"2025-04-07T07:18:43","date_gmt":"2025-04-07T07:18:43","guid":{"rendered":"https:\/\/freeshopswiss.alesca.org\/shop\/shiseido-ginza-datura\/"},"modified":"2025-04-07T07:38:17","modified_gmt":"2025-04-07T07:38:17","slug":"shiseido-ginza-datura","status":"publish","type":"product","link":"https:\/\/www.freeshopfrontiera.ch\/fr\/shop\/shiseido-ginza-datura\/","title":{"rendered":"SHISEIDO Ginza Datura"},"content":{"rendered":"<p class=\"\" data-start=\"3294\" data-end=\"4949\"><strong data-start=\"3294\" data-end=\"3319\">SHISEIDO Ginza Datura<\/strong> est un parfum f\u00e9minin intense, myst\u00e9rieux et irr\u00e9sistible. Il exprime parfaitement la dualit\u00e9 de la femme : forte et d\u00e9licate, audacieuse et raffin\u00e9e. Au c\u0153ur de la composition, la fleur de datura \u2013 hypnotique et magn\u00e9tique \u2013 d\u00e9voile toute son \u00e9l\u00e9gance.<\/p>\n<p class=\"\" data-start=\"3294\" data-end=\"4949\">Une fleur rare et nocturne, symbole de s\u00e9duction et de myst\u00e8re. Les notes de t\u00eate s\u2019ouvrent sur la fra\u00eecheur juteuse de la poire et la vivacit\u00e9 du poivre rose, pour une entr\u00e9e lumineuse et p\u00e9tillante. Le c\u0153ur floral, men\u00e9 par la datura, s\u2019accorde harmonieusement avec la douceur du jasmin et la sensualit\u00e9 de la magnolia, cr\u00e9ant un bouquet envo\u00fbtant et sophistiqu\u00e9. En fond, le parfum devient chaud et persistant : patchouli terreux, bois de santal cr\u00e9meux et vanille douce s\u2019unissent pour former un sillage profond et s\u00e9duisant. Chaque d\u00e9tail est soign\u00e9, y compris le design du flacon. \u00c9l\u00e9gant, aux lignes \u00e9pur\u00e9es, transparent avec des reflets dor\u00e9s et une touche de rose \u2013 il incarne l\u2019harmonie entre force et f\u00e9minit\u00e9.<\/p>\n<p class=\"\" data-start=\"3294\" data-end=\"4949\"><strong data-start=\"4296\" data-end=\"4321\">SHISEIDO Ginza Datura<\/strong> est plus qu\u2019un parfum, c\u2019est une d\u00e9claration de style, une invitation \u00e0 embrasser sa vraie nature et \u00e0 vivre avec intensit\u00e9 et conscience. Parfait \u00e0 tout moment de la journ\u00e9e, il s\u2019adapte \u00e0 toutes les personnalit\u00e9s et sublime chaque femme avec une aura unique. Le choix id\u00e9al pour celles qui recherchent une essence \u00e9l\u00e9gante mais affirm\u00e9e, douce mais puissante. Une signature olfactive inoubliable pour la femme moderne, libre et pleine de nuances. Avec Ginza Datura, chaque geste devient une expression de soi. Chaque goutte est un hommage \u00e0 la beaut\u00e9 authentique. D\u00e9couvrez votre v\u00e9ritable essence avec SHISEIDO Ginza Datura.<\/p>\n<p>&nbsp;<\/p>\n<p>Follow us! <a href=\"https:\/\/www.instagram.com\/freeshopswiss\/\" target=\"_blank\" rel=\"noopener\">@freeshopswiss<\/a><\/p>\n","protected":false},"excerpt":{"rendered":"<p><em><strong>Eau de Parfum<\/strong><\/em><\/p>\n","protected":false},"featured_media":23606,"comment_status":"open","ping_status":"closed","template":"","meta":[],"pwb-brand":[312],"product_brand":[],"product_cat":[87,109],"product_tag":[252,296,789,97],"class_list":{"0":"post-23612","1":"product","2":"type-product","3":"status-publish","4":"has-post-thumbnail","6":"pwb-brand-shiseido","7":"product_cat-parfums","8":"product_cat-pour-elle","9":"product_tag-eau-de-parfum-fr","10":"product_tag-femme","11":"product_tag-womens-fragrances-fr","12":"product_tag-parfums","14":"first","15":"instock","16":"sale","17":"taxable","18":"shipping-taxable","19":"purchasable","20":"product-type-variable","21":"has-default-attributes"},"brands":[{"id":312,"name":"Shiseido","slug":"shiseido"}],"_links":{"self":[{"href":"https:\/\/www.freeshopfrontiera.ch\/fr\/wp-json\/wp\/v2\/product\/23612","targetHints":{"allow":["GET"]}}],"collection":[{"href":"https:\/\/www.freeshopfrontiera.ch\/fr\/wp-json\/wp\/v2\/product"}],"about":[{"href":"https:\/\/www.freeshopfrontiera.ch\/fr\/wp-json\/wp\/v2\/types\/product"}],"replies":[{"embeddable":true,"href":"https:\/\/www.freeshopfrontiera.ch\/fr\/wp-json\/wp\/v2\/comments?post=23612"}],"version-history":[{"count":2,"href":"https:\/\/www.freeshopfrontiera.ch\/fr\/wp-json\/wp\/v2\/product\/23612\/revisions"}],"predecessor-version":[{"id":23624,"href":"https:\/\/www.freeshopfrontiera.ch\/fr\/wp-json\/wp\/v2\/product\/23612\/revisions\/23624"}],"wp:featuredmedia":[{"embeddable":true,"href":"https:\/\/www.freeshopfrontiera.ch\/fr\/wp-json\/wp\/v2\/media\/23606"}],"wp:attachment":[{"href":"https:\/\/www.freeshopfrontiera.ch\/fr\/wp-json\/wp\/v2\/media?parent=23612"}],"wp:term":[{"taxonomy":"pwb-brand","embeddable":true,"href":"https:\/\/www.freeshopfrontiera.ch\/fr\/wp-json\/wp\/v2\/pwb-brand?post=23612"},{"taxonomy":"product_brand","embeddable":true,"href":"https:\/\/www.freeshopfrontiera.ch\/fr\/wp-json\/wp\/v2\/product_brand?post=23612"},{"taxonomy":"product_cat","embeddable":true,"href":"https:\/\/www.freeshopfrontiera.ch\/fr\/wp-json\/wp\/v2\/product_cat?post=23612"},{"taxonomy":"product_tag","embeddable":true,"href":"https:\/\/www.freeshopfrontiera.ch\/fr\/wp-json\/wp\/v2\/product_tag?post=23612"}],"curies":[{"name":"wp","href":"https:\/\/api.w.org\/{rel}","templated":true}]}}