{"id":23681,"date":"2025-04-07T08:53:12","date_gmt":"2025-04-07T08:53:12","guid":{"rendered":"https:\/\/freeshopswiss.alesca.org\/shop\/issey-miyake-leau-dissey-eau-de-parfum-intense\/"},"modified":"2025-04-07T09:02:42","modified_gmt":"2025-04-07T09:02:42","slug":"issey-miyake-leau-dissey-eau-de-parfum-intense","status":"publish","type":"product","link":"https:\/\/www.freeshopfrontiera.ch\/fr\/shop\/issey-miyake-leau-dissey-eau-de-parfum-intense\/","title":{"rendered":"ISSEY MIYAKE L&rsquo;Eau d&rsquo;Issey Eau de Parfum Intense"},"content":{"rendered":"<p><strong data-start=\"79\" data-end=\"131\">ISSEY MIYAKE L&rsquo;Eau d&rsquo;Issey Eau de Parfum Intense<\/strong> est une version audacieuse et sophistiqu\u00e9e de la c\u00e9l\u00e8bre fragrance L&rsquo;Eau d&rsquo;Issey, pens\u00e9e pour la femme moderne et sensuelle qui d\u00e9sire un parfum intense et profond. Cette fragrance capture l&rsquo;intensit\u00e9 et le myst\u00e8re des profondeurs marines, inspir\u00e9e par la beaut\u00e9 et le charme de l&rsquo;eau.<\/p>\n<p>Elle s&rsquo;ouvre sur des notes aquatiques fra\u00eeches de Neptun grass (Posidonia), une plante marine qui repr\u00e9sente la puret\u00e9 et la force de la mer. Le c\u0153ur du parfum est compos\u00e9 d&rsquo;Ylang-Ylang, une fleur exotique qui ajoute de la luminosit\u00e9 et de la sophistication \u00e0 la composition, tandis que les notes de fond sont domin\u00e9es par la vanille, apportant profondeur et une sensation enveloppante et sensuelle. Le flacon, \u00e9l\u00e9gant et moderne, refl\u00e8te l&rsquo;id\u00e9e de fluidit\u00e9 et de transparence, avec une teinte argent\u00e9e rappelant l&rsquo;oc\u00e9an.<\/p>\n<p>ISSEY MIYAKE L&rsquo;Eau d&rsquo;Issey est con\u00e7u pour r\u00e9duire l&rsquo;utilisation du plastique gr\u00e2ce \u00e0 un syst\u00e8me de recharge innovant, contribuant ainsi \u00e0 une approche plus durable. Disponible en 30 ml, 50 ml et 100 ml, L&rsquo;Eau d&rsquo;Issey Eau de Parfum Intense est un parfum qui captive et laisse une tra\u00een\u00e9e inoubliable, id\u00e9al pour toutes les occasions. Parfait pour les femmes qui aiment ajouter une touche de classe et d&rsquo;intensit\u00e9 \u00e0 leur routine quotidienne, ce parfum est une v\u00e9ritable d\u00e9claration d&rsquo;\u00e9l\u00e9gance et de force.<\/p>\n<p>Follow us! \u00a0<a href=\"https:\/\/www.instagram.com\/freeshopswiss\/\" target=\"_blank\" rel=\"noopener\">@freeshopswiss<\/a><\/p>\n","protected":false},"excerpt":{"rendered":"<p><em><strong>Eau de Parfum Intense <\/strong><\/em><\/p>\n","protected":false},"featured_media":23665,"comment_status":"open","ping_status":"closed","template":"","meta":[],"pwb-brand":[439],"product_brand":[],"product_cat":[87,109],"product_tag":[252,296,5050,789,97],"class_list":{"0":"post-23681","1":"product","2":"type-product","3":"status-publish","4":"has-post-thumbnail","6":"pwb-brand-issey-miyake","7":"product_cat-parfums","8":"product_cat-pour-elle","9":"product_tag-eau-de-parfum-fr","10":"product_tag-femme","11":"product_tag-fete-des-meres","12":"product_tag-womens-fragrances-fr","13":"product_tag-parfums","15":"first","16":"instock","17":"sale","18":"taxable","19":"shipping-taxable","20":"purchasable","21":"product-type-variable"},"brands":[{"id":439,"name":"Issey Miyake","slug":"issey-miyake"}],"_links":{"self":[{"href":"https:\/\/www.freeshopfrontiera.ch\/fr\/wp-json\/wp\/v2\/product\/23681","targetHints":{"allow":["GET"]}}],"collection":[{"href":"https:\/\/www.freeshopfrontiera.ch\/fr\/wp-json\/wp\/v2\/product"}],"about":[{"href":"https:\/\/www.freeshopfrontiera.ch\/fr\/wp-json\/wp\/v2\/types\/product"}],"replies":[{"embeddable":true,"href":"https:\/\/www.freeshopfrontiera.ch\/fr\/wp-json\/wp\/v2\/comments?post=23681"}],"version-history":[{"count":2,"href":"https:\/\/www.freeshopfrontiera.ch\/fr\/wp-json\/wp\/v2\/product\/23681\/revisions"}],"predecessor-version":[{"id":23690,"href":"https:\/\/www.freeshopfrontiera.ch\/fr\/wp-json\/wp\/v2\/product\/23681\/revisions\/23690"}],"wp:featuredmedia":[{"embeddable":true,"href":"https:\/\/www.freeshopfrontiera.ch\/fr\/wp-json\/wp\/v2\/media\/23665"}],"wp:attachment":[{"href":"https:\/\/www.freeshopfrontiera.ch\/fr\/wp-json\/wp\/v2\/media?parent=23681"}],"wp:term":[{"taxonomy":"pwb-brand","embeddable":true,"href":"https:\/\/www.freeshopfrontiera.ch\/fr\/wp-json\/wp\/v2\/pwb-brand?post=23681"},{"taxonomy":"product_brand","embeddable":true,"href":"https:\/\/www.freeshopfrontiera.ch\/fr\/wp-json\/wp\/v2\/product_brand?post=23681"},{"taxonomy":"product_cat","embeddable":true,"href":"https:\/\/www.freeshopfrontiera.ch\/fr\/wp-json\/wp\/v2\/product_cat?post=23681"},{"taxonomy":"product_tag","embeddable":true,"href":"https:\/\/www.freeshopfrontiera.ch\/fr\/wp-json\/wp\/v2\/product_tag?post=23681"}],"curies":[{"name":"wp","href":"https:\/\/api.w.org\/{rel}","templated":true}]}}