{"id":23720,"date":"2025-04-07T09:38:35","date_gmt":"2025-04-07T09:38:35","guid":{"rendered":"https:\/\/freeshopswiss.alesca.org\/shop\/narciso-rodriguez-for-her-eau-de-parfum-intense\/"},"modified":"2025-04-07T12:47:01","modified_gmt":"2025-04-07T12:47:01","slug":"narciso-rodriguez-for-her-eau-de-parfum-intense","status":"publish","type":"product","link":"https:\/\/www.freeshopfrontiera.ch\/fr\/shop\/narciso-rodriguez-for-her-eau-de-parfum-intense\/","title":{"rendered":"NARCISO RODRIGUEZ For Her Eau de Parfum Intense"},"content":{"rendered":"<p class=\"\" data-start=\"1430\" data-end=\"1824\"><strong data-start=\"1430\" data-end=\"1481\">NARCISO RODRIGUEZ For Her Eau de Parfum Intense<\/strong> est un parfum riche et sensuel, cr\u00e9\u00e9 pour la femme moderne qui recherche une fragrance exprimant l&rsquo;\u00e9l\u00e9gance, la sophistication et le myst\u00e8re. Cette version intense de la c\u00e9l\u00e8bre fragrance <strong data-start=\"1670\" data-end=\"1681\">For Her<\/strong> vous emm\u00e8ne dans un voyage olfactif qui se d\u00e9ploie de mani\u00e8re s\u00e9duisante et inattendue, avec une composition qui s\u00e9duit et enveloppe les sens.<\/p>\n<p class=\"\" data-start=\"1826\" data-end=\"2397\">Les <strong data-start=\"1830\" data-end=\"1847\">notes de t\u00eate<\/strong> de <strong data-start=\"1851\" data-end=\"1860\">p\u00eache<\/strong> et de <strong data-start=\"1867\" data-end=\"1880\">bergamote<\/strong> ouvrent le parfum avec une fra\u00eecheur fruit\u00e9e et citronn\u00e9e, offrant un d\u00e9but lumineux et vivant. Au c\u0153ur, le <strong data-start=\"1989\" data-end=\"1997\">musc<\/strong> signature de Narciso Rodriguez apporte douceur et sensualit\u00e9, combin\u00e9 \u00e0 la d\u00e9licatesse des <strong data-start=\"2089\" data-end=\"2108\">fleurs blanches<\/strong>, ajoutant une note florale \u00e9l\u00e9gante et f\u00e9minine, qui \u00e9voque puret\u00e9 et raffinement. Enfin, les <strong data-start=\"2203\" data-end=\"2220\">notes de fond<\/strong> de <strong data-start=\"2224\" data-end=\"2235\">vanille<\/strong> et de <strong data-start=\"2242\" data-end=\"2253\">v\u00e9tiver<\/strong> ajoutent de la profondeur au parfum, lui conf\u00e9rant une touche chaude, enveloppante et persistante qui laisse une trace inoubliable sur la peau.<\/p>\n<p class=\"\" data-start=\"2399\" data-end=\"2821\"><strong data-start=\"2399\" data-end=\"2432\">NARCISO RODRIGUEZ For Her Eau de Parfum Intense<\/strong> est parfait pour la femme qui souhaite un parfum qui dure toute la journ\u00e9e et \u00e9volue, passant de la fra\u00eecheur fruit\u00e9e \u00e0 une profondeur sensuelle et bois\u00e9e. Le flacon, avec son design \u00e9pur\u00e9 et minimaliste, refl\u00e8te la nature sophistiqu\u00e9e et moderne de la fragrance, faisant de cet eau de parfum un incontournable pour celles qui recherchent une exp\u00e9rience olfactive intense et enveloppante.<\/p>\n<p data-start=\"1119\" data-end=\"1524\">Follow us! \u00a0<a href=\"https:\/\/www.instagram.com\/freeshopswiss\/\" target=\"_blank\" rel=\"noopener\">@freeshopswiss<\/a><\/p>\n","protected":false},"excerpt":{"rendered":"<p><em><strong>Eau de Parfum<\/strong><\/em><\/p>\n","protected":false},"featured_media":23708,"comment_status":"open","ping_status":"closed","template":"","meta":[],"pwb-brand":[284],"product_brand":[],"product_cat":[87,109],"product_tag":[252,296,789,97],"class_list":{"0":"post-23720","1":"product","2":"type-product","3":"status-publish","4":"has-post-thumbnail","6":"pwb-brand-narciso-rodriguez","7":"product_cat-parfums","8":"product_cat-pour-elle","9":"product_tag-eau-de-parfum-fr","10":"product_tag-femme","11":"product_tag-womens-fragrances-fr","12":"product_tag-parfums","14":"first","15":"instock","16":"sale","17":"taxable","18":"shipping-taxable","19":"purchasable","20":"product-type-variable","21":"has-default-attributes"},"brands":[{"id":284,"name":"Narciso Rodriguez","slug":"narciso-rodriguez"}],"_links":{"self":[{"href":"https:\/\/www.freeshopfrontiera.ch\/fr\/wp-json\/wp\/v2\/product\/23720","targetHints":{"allow":["GET"]}}],"collection":[{"href":"https:\/\/www.freeshopfrontiera.ch\/fr\/wp-json\/wp\/v2\/product"}],"about":[{"href":"https:\/\/www.freeshopfrontiera.ch\/fr\/wp-json\/wp\/v2\/types\/product"}],"replies":[{"embeddable":true,"href":"https:\/\/www.freeshopfrontiera.ch\/fr\/wp-json\/wp\/v2\/comments?post=23720"}],"version-history":[{"count":2,"href":"https:\/\/www.freeshopfrontiera.ch\/fr\/wp-json\/wp\/v2\/product\/23720\/revisions"}],"predecessor-version":[{"id":23729,"href":"https:\/\/www.freeshopfrontiera.ch\/fr\/wp-json\/wp\/v2\/product\/23720\/revisions\/23729"}],"wp:featuredmedia":[{"embeddable":true,"href":"https:\/\/www.freeshopfrontiera.ch\/fr\/wp-json\/wp\/v2\/media\/23708"}],"wp:attachment":[{"href":"https:\/\/www.freeshopfrontiera.ch\/fr\/wp-json\/wp\/v2\/media?parent=23720"}],"wp:term":[{"taxonomy":"pwb-brand","embeddable":true,"href":"https:\/\/www.freeshopfrontiera.ch\/fr\/wp-json\/wp\/v2\/pwb-brand?post=23720"},{"taxonomy":"product_brand","embeddable":true,"href":"https:\/\/www.freeshopfrontiera.ch\/fr\/wp-json\/wp\/v2\/product_brand?post=23720"},{"taxonomy":"product_cat","embeddable":true,"href":"https:\/\/www.freeshopfrontiera.ch\/fr\/wp-json\/wp\/v2\/product_cat?post=23720"},{"taxonomy":"product_tag","embeddable":true,"href":"https:\/\/www.freeshopfrontiera.ch\/fr\/wp-json\/wp\/v2\/product_tag?post=23720"}],"curies":[{"name":"wp","href":"https:\/\/api.w.org\/{rel}","templated":true}]}}