{"id":23935,"date":"2025-04-08T07:19:47","date_gmt":"2025-04-08T07:19:47","guid":{"rendered":"https:\/\/freeshopswiss.alesca.org\/shop\/giorgio-armani-si-passione-red-musk\/"},"modified":"2025-04-08T07:25:19","modified_gmt":"2025-04-08T07:25:19","slug":"giorgio-armani-si-passione-red-musk","status":"publish","type":"product","link":"https:\/\/www.freeshopfrontiera.ch\/fr\/shop\/giorgio-armani-si-passione-red-musk\/","title":{"rendered":"GIORGIO ARMANI Si Passione Red Musk"},"content":{"rendered":"<p class=\"\" data-start=\"2804\" data-end=\"3053\"><strong data-start=\"2804\" data-end=\"2857\">GIORGIO ARMANI S\u00ec Passione Red Musk Eau de Parfum<\/strong> est une fragrance intense et s\u00e9duisante, con\u00e7ue pour une femme forte, confiante et passionn\u00e9e. Un hommage au courage et \u00e0 la f\u00e9minit\u00e9 moderne, ce parfum incarne l\u2019\u00e9l\u00e9gance alli\u00e9e \u00e0 la sensualit\u00e9.<\/p>\n<p class=\"\" data-start=\"3055\" data-end=\"3538\">D\u00e8s la premi\u00e8re vaporisation, S\u00ec Passione Red Musk s\u00e9duit par ses notes fruit\u00e9es \u00e9clatantes et lumineuses. Le cassis et la poire offrent une ouverture fra\u00eeche et captivante. Le c\u0153ur d\u00e9voile un bouquet floral o\u00f9 la rose, la pivoine et le jasmin se marient avec douceur, ajoutant une touche romantique et affirm\u00e9e. Le fond r\u00e9v\u00e8le la v\u00e9ritable \u00e2me du parfum : le musc rouge, profond et enveloppant, se m\u00eale \u00e0 la vanille et au bois de c\u00e8dre pour laisser un sillage sensuel et persistant.<\/p>\n<p class=\"\" data-start=\"3540\" data-end=\"3776\">Le flacon, d\u2019un rouge rubis \u00e9clatant, refl\u00e8te la passion et la force de celles qui osent dire \u00ab Oui \u00bb \u00e0 la vie, \u00e0 l\u2019amour, aux \u00e9motions. Il rend hommage \u00e0 la femme qui s\u2019affirme, qui aime avec intensit\u00e9 et qui avance avec d\u00e9termination.<\/p>\n<p class=\"\" data-start=\"3778\" data-end=\"3974\">Parfait pour les occasions sp\u00e9ciales ou pour se d\u00e9marquer au quotidien, <strong data-start=\"3850\" data-end=\"3874\">S\u00ec Passione Red Musk<\/strong> est bien plus qu\u2019un parfum : c\u2019est une affirmation de style, un symbole de libert\u00e9 et de caract\u00e8re.<\/p>\n<p class=\"\" data-start=\"3976\" data-end=\"4155\">Laissez-vous emporter par une fragrance qui parle directement au c\u0153ur. <strong data-start=\"4047\" data-end=\"4071\">S\u00ec Passione Red Musk<\/strong> est le choix id\u00e9al pour celles qui aiment se distinguer avec \u00e9l\u00e9gance et puissance.<\/p>\n<p data-start=\"1359\" data-end=\"1521\">Follow us! \u00a0<a href=\"https:\/\/www.instagram.com\/freeshopswiss\/\" target=\"_blank\" rel=\"noopener\">@freeshopswiss<\/a><\/p>\n","protected":false},"excerpt":{"rendered":"<p><em><strong>Eau de Parfum<\/strong><\/em><\/p>\n","protected":false},"featured_media":23921,"comment_status":"open","ping_status":"closed","template":"","meta":[],"pwb-brand":[263],"product_brand":[],"product_cat":[87,109],"product_tag":[252,296,789,97],"class_list":{"0":"post-23935","1":"product","2":"type-product","3":"status-publish","4":"has-post-thumbnail","6":"pwb-brand-giorgio-armani","7":"product_cat-parfums","8":"product_cat-pour-elle","9":"product_tag-eau-de-parfum-fr","10":"product_tag-femme","11":"product_tag-womens-fragrances-fr","12":"product_tag-parfums","14":"first","15":"instock","16":"sale","17":"taxable","18":"shipping-taxable","19":"purchasable","20":"product-type-variable"},"brands":[{"id":263,"name":"Giorgio Armani","slug":"giorgio-armani"}],"_links":{"self":[{"href":"https:\/\/www.freeshopfrontiera.ch\/fr\/wp-json\/wp\/v2\/product\/23935","targetHints":{"allow":["GET"]}}],"collection":[{"href":"https:\/\/www.freeshopfrontiera.ch\/fr\/wp-json\/wp\/v2\/product"}],"about":[{"href":"https:\/\/www.freeshopfrontiera.ch\/fr\/wp-json\/wp\/v2\/types\/product"}],"replies":[{"embeddable":true,"href":"https:\/\/www.freeshopfrontiera.ch\/fr\/wp-json\/wp\/v2\/comments?post=23935"}],"version-history":[{"count":2,"href":"https:\/\/www.freeshopfrontiera.ch\/fr\/wp-json\/wp\/v2\/product\/23935\/revisions"}],"predecessor-version":[{"id":23947,"href":"https:\/\/www.freeshopfrontiera.ch\/fr\/wp-json\/wp\/v2\/product\/23935\/revisions\/23947"}],"wp:featuredmedia":[{"embeddable":true,"href":"https:\/\/www.freeshopfrontiera.ch\/fr\/wp-json\/wp\/v2\/media\/23921"}],"wp:attachment":[{"href":"https:\/\/www.freeshopfrontiera.ch\/fr\/wp-json\/wp\/v2\/media?parent=23935"}],"wp:term":[{"taxonomy":"pwb-brand","embeddable":true,"href":"https:\/\/www.freeshopfrontiera.ch\/fr\/wp-json\/wp\/v2\/pwb-brand?post=23935"},{"taxonomy":"product_brand","embeddable":true,"href":"https:\/\/www.freeshopfrontiera.ch\/fr\/wp-json\/wp\/v2\/product_brand?post=23935"},{"taxonomy":"product_cat","embeddable":true,"href":"https:\/\/www.freeshopfrontiera.ch\/fr\/wp-json\/wp\/v2\/product_cat?post=23935"},{"taxonomy":"product_tag","embeddable":true,"href":"https:\/\/www.freeshopfrontiera.ch\/fr\/wp-json\/wp\/v2\/product_tag?post=23935"}],"curies":[{"name":"wp","href":"https:\/\/api.w.org\/{rel}","templated":true}]}}