{"id":23970,"date":"2025-04-08T07:47:49","date_gmt":"2025-04-08T07:47:49","guid":{"rendered":"https:\/\/freeshopswiss.alesca.org\/shop\/emporio-armani-stronger-with-you-parfum\/"},"modified":"2025-04-08T08:01:11","modified_gmt":"2025-04-08T08:01:11","slug":"emporio-armani-stronger-with-you-parfum","status":"publish","type":"product","link":"https:\/\/www.freeshopfrontiera.ch\/fr\/shop\/emporio-armani-stronger-with-you-parfum\/","title":{"rendered":"EMPORIO ARMANI Stronger With You Parfum"},"content":{"rendered":"<p class=\"\" data-start=\"2953\" data-end=\"3228\"><strong data-start=\"2953\" data-end=\"2996\">EMPORIO ARMANI Stronger With You Parfum<\/strong> est une fragrance intense et enveloppante, con\u00e7ue pour l\u2019homme moderne, s\u00fbr de lui, authentique et passionn\u00e9. Un parfum qui parle d\u2019amour, de force et de connexion profonde. Une d\u00e9claration de caract\u00e8re fort, avec une \u00e2me sensible.<\/p>\n<p class=\"\" data-start=\"3230\" data-end=\"3516\">D\u00e8s les premi\u00e8res notes, une \u00e9nergie \u00e9pic\u00e9e et raffin\u00e9e se r\u00e9v\u00e8le. En c\u0153ur, la ch\u00e2taigne glac\u00e9e se m\u00eale \u00e0 des touches aromatiques de lavande et de sauge, cr\u00e9ant un contraste \u00e9l\u00e9gant et surprenant. Le fond, chaud et persistant, associe bois ambr\u00e9 et vanille pour une sensualit\u00e9 profonde.<\/p>\n<p class=\"\" data-start=\"3518\" data-end=\"3686\">Stronger With You Parfum s\u2019adresse \u00e0 l\u2019homme qui vit ses \u00e9motions pleinement. Qui n\u2019a pas peur de se montrer tel qu\u2019il est. Qui suit son c\u0153ur et s\u00e9duit avec discr\u00e9tion.<\/p>\n<p class=\"\" data-start=\"3688\" data-end=\"3878\">Le flacon reprend les lignes iconiques de la collection Stronger With You, mais se distingue par sa teinte ambr\u00e9e, reflet de la force et de la chaleur du parfum. Solide, \u00e9l\u00e9gant, intemporel.<\/p>\n<p class=\"\" data-start=\"3880\" data-end=\"4124\">Parfait pour les soir\u00e9es sp\u00e9ciales ou pour marquer les esprits au quotidien, ce parfum est un v\u00e9ritable alli\u00e9 de style. Son sillage est profond, intense, mais jamais envahissant. Id\u00e9al pour l\u2019homme qui veut se d\u00e9marquer avec classe et charisme.<\/p>\n<p class=\"\" data-start=\"4126\" data-end=\"4258\"><strong data-start=\"4126\" data-end=\"4169\">EMPORIO ARMANI Stronger With You Parfum<\/strong> est bien plus qu\u2019un parfum. C\u2019est une exp\u00e9rience sensorielle qui sublime chaque instant.<\/p>\n<p data-start=\"1353\" data-end=\"1506\">Follow us! \u00a0<a href=\"https:\/\/www.instagram.com\/freeshopswiss\/\" target=\"_blank\" rel=\"noopener\">@freeshopswiss<\/a><\/p>\n","protected":false},"excerpt":{"rendered":"<p><em><strong>Eau de Parfum<\/strong><\/em><\/p>\n","protected":false},"featured_media":23960,"comment_status":"open","ping_status":"closed","template":"","meta":[],"pwb-brand":[256],"product_brand":[],"product_cat":[109,89],"product_tag":[252,1629,143,97],"class_list":{"0":"post-23970","1":"product","2":"type-product","3":"status-publish","4":"has-post-thumbnail","6":"pwb-brand-emporio-armani","7":"product_cat-pour-elle","8":"product_cat-pour-lui","9":"product_tag-eau-de-parfum-fr","10":"product_tag-mens-fragrances-fr","11":"product_tag-homme","12":"product_tag-parfums","14":"first","15":"instock","16":"sale","17":"taxable","18":"shipping-taxable","19":"purchasable","20":"product-type-variable"},"brands":[{"id":256,"name":"Emporio Armani","slug":"emporio-armani"}],"_links":{"self":[{"href":"https:\/\/www.freeshopfrontiera.ch\/fr\/wp-json\/wp\/v2\/product\/23970","targetHints":{"allow":["GET"]}}],"collection":[{"href":"https:\/\/www.freeshopfrontiera.ch\/fr\/wp-json\/wp\/v2\/product"}],"about":[{"href":"https:\/\/www.freeshopfrontiera.ch\/fr\/wp-json\/wp\/v2\/types\/product"}],"replies":[{"embeddable":true,"href":"https:\/\/www.freeshopfrontiera.ch\/fr\/wp-json\/wp\/v2\/comments?post=23970"}],"version-history":[{"count":3,"href":"https:\/\/www.freeshopfrontiera.ch\/fr\/wp-json\/wp\/v2\/product\/23970\/revisions"}],"predecessor-version":[{"id":23984,"href":"https:\/\/www.freeshopfrontiera.ch\/fr\/wp-json\/wp\/v2\/product\/23970\/revisions\/23984"}],"wp:featuredmedia":[{"embeddable":true,"href":"https:\/\/www.freeshopfrontiera.ch\/fr\/wp-json\/wp\/v2\/media\/23960"}],"wp:attachment":[{"href":"https:\/\/www.freeshopfrontiera.ch\/fr\/wp-json\/wp\/v2\/media?parent=23970"}],"wp:term":[{"taxonomy":"pwb-brand","embeddable":true,"href":"https:\/\/www.freeshopfrontiera.ch\/fr\/wp-json\/wp\/v2\/pwb-brand?post=23970"},{"taxonomy":"product_brand","embeddable":true,"href":"https:\/\/www.freeshopfrontiera.ch\/fr\/wp-json\/wp\/v2\/product_brand?post=23970"},{"taxonomy":"product_cat","embeddable":true,"href":"https:\/\/www.freeshopfrontiera.ch\/fr\/wp-json\/wp\/v2\/product_cat?post=23970"},{"taxonomy":"product_tag","embeddable":true,"href":"https:\/\/www.freeshopfrontiera.ch\/fr\/wp-json\/wp\/v2\/product_tag?post=23970"}],"curies":[{"name":"wp","href":"https:\/\/api.w.org\/{rel}","templated":true}]}}