{"id":24010,"date":"2025-04-08T08:51:36","date_gmt":"2025-04-08T08:51:36","guid":{"rendered":"https:\/\/freeshopswiss.alesca.org\/shop\/jp-gaultier-scandal-pour-homme-intense\/"},"modified":"2025-04-23T08:23:03","modified_gmt":"2025-04-23T08:23:03","slug":"jp-gaultier-scandal-pour-homme-intense","status":"publish","type":"product","link":"https:\/\/www.freeshopfrontiera.ch\/fr\/shop\/jp-gaultier-scandal-pour-homme-intense\/","title":{"rendered":"JEAN PAUL GAULTIER Scandal Pour Homme Intense"},"content":{"rendered":"<p class=\"\" data-start=\"3271\" data-end=\"3538\"><strong data-start=\"3271\" data-end=\"3334\">Jean Paul Gaultier Scandal Pour Homme Eau de Parfum Intense<\/strong> est une fragrance audacieuse et charismatique, con\u00e7ue pour l\u2019homme qui aime surprendre et marquer les esprits. Un parfum qui m\u00eale \u00e9l\u00e9gance classique et esprit provocateur, fid\u00e8le \u00e0 l\u2019univers de Gaultier.<\/p>\n<p class=\"\" data-start=\"3540\" data-end=\"3840\">L\u2019ouverture est vive et fra\u00eeche, avec des notes d\u2019agrumes qui stimulent les sens. Le c\u0153ur r\u00e9v\u00e8le toute sa puissance avec un caramel sal\u00e9 gourmand, inattendu et irr\u00e9sistible. Le fond s\u2019impose avec intensit\u00e9 gr\u00e2ce \u00e0 la f\u00e8ve tonka et au v\u00e9tiver, pour une signature olfactive chaude, bois\u00e9e et masculine.<\/p>\n<p class=\"\" data-start=\"3842\" data-end=\"4125\"><strong data-start=\"3842\" data-end=\"3872\">Scandal Pour Homme Intense<\/strong> est une d\u00e9claration de force et de s\u00e9duction. Un parfum pour ceux qui n\u2019ont pas peur d\u2019attirer les regards, qui vivent avec passion et libert\u00e9. L\u2019\u00e9quilibre entre douceur et virilit\u00e9, fra\u00eecheur et profondeur, en fait une fragrance unique et inoubliable.<\/p>\n<p class=\"\" data-start=\"4127\" data-end=\"4399\">Le flacon est une v\u00e9ritable pi\u00e8ce de design : muscl\u00e9, dor\u00e9, surmont\u00e9 d\u2019un bouchon en forme de couronne. Il \u00e9voque l\u2019univers du ring et du d\u00e9fi \u2013 symbole de l\u2019homme qui s\u2019impose avec style et humour. Un m\u00e9lange de luxe et de provocation, embl\u00e9matique de Jean Paul Gaultier.<\/p>\n<p class=\"\" data-start=\"4401\" data-end=\"4600\">Parfait pour les soir\u00e9es, les occasions sp\u00e9ciales ou simplement pour se faire remarquer \u00e0 tout moment, <strong data-start=\"4504\" data-end=\"4548\">Scandal Pour Homme Eau de Parfum Intense<\/strong> est bien plus qu\u2019un parfum : c\u2019est un coup d\u2019\u00e9clat.<\/p>\n<p class=\"\" data-start=\"4602\" data-end=\"4753\">Laissez-vous emporter par une fragrance qui ose, s\u00e9duit et fascine. Avec <strong data-start=\"4675\" data-end=\"4713\">Jean Paul Gaultier Scandal Intense<\/strong>, chaque jour devient un vrai spectacle.<\/p>\n<p data-start=\"1488\" data-end=\"1654\">Follow us! \u00a0<a href=\"https:\/\/www.instagram.com\/freeshopswiss\/\" target=\"_blank\" rel=\"noopener\">@freeshopswiss<\/a><\/p>\n","protected":false},"excerpt":{"rendered":"<p><em><strong data-start=\"155\" data-end=\"218\">Eau de Parfum<\/strong><\/em><\/p>\n","protected":false},"featured_media":23994,"comment_status":"open","ping_status":"closed","template":"","meta":[],"pwb-brand":[373],"product_brand":[],"product_cat":[87,89],"product_tag":[252,1629,143,97],"class_list":{"0":"post-24010","1":"product","2":"type-product","3":"status-publish","4":"has-post-thumbnail","6":"pwb-brand-jean-paul-gaultier","7":"product_cat-parfums","8":"product_cat-pour-lui","9":"product_tag-eau-de-parfum-fr","10":"product_tag-mens-fragrances-fr","11":"product_tag-homme","12":"product_tag-parfums","14":"first","15":"instock","16":"sale","17":"taxable","18":"shipping-taxable","19":"purchasable","20":"product-type-variable","21":"has-default-attributes"},"brands":[{"id":373,"name":"Jean Paul Gaultier","slug":"jean-paul-gaultier"}],"_links":{"self":[{"href":"https:\/\/www.freeshopfrontiera.ch\/fr\/wp-json\/wp\/v2\/product\/24010","targetHints":{"allow":["GET"]}}],"collection":[{"href":"https:\/\/www.freeshopfrontiera.ch\/fr\/wp-json\/wp\/v2\/product"}],"about":[{"href":"https:\/\/www.freeshopfrontiera.ch\/fr\/wp-json\/wp\/v2\/types\/product"}],"replies":[{"embeddable":true,"href":"https:\/\/www.freeshopfrontiera.ch\/fr\/wp-json\/wp\/v2\/comments?post=24010"}],"version-history":[{"count":4,"href":"https:\/\/www.freeshopfrontiera.ch\/fr\/wp-json\/wp\/v2\/product\/24010\/revisions"}],"predecessor-version":[{"id":27817,"href":"https:\/\/www.freeshopfrontiera.ch\/fr\/wp-json\/wp\/v2\/product\/24010\/revisions\/27817"}],"wp:featuredmedia":[{"embeddable":true,"href":"https:\/\/www.freeshopfrontiera.ch\/fr\/wp-json\/wp\/v2\/media\/23994"}],"wp:attachment":[{"href":"https:\/\/www.freeshopfrontiera.ch\/fr\/wp-json\/wp\/v2\/media?parent=24010"}],"wp:term":[{"taxonomy":"pwb-brand","embeddable":true,"href":"https:\/\/www.freeshopfrontiera.ch\/fr\/wp-json\/wp\/v2\/pwb-brand?post=24010"},{"taxonomy":"product_brand","embeddable":true,"href":"https:\/\/www.freeshopfrontiera.ch\/fr\/wp-json\/wp\/v2\/product_brand?post=24010"},{"taxonomy":"product_cat","embeddable":true,"href":"https:\/\/www.freeshopfrontiera.ch\/fr\/wp-json\/wp\/v2\/product_cat?post=24010"},{"taxonomy":"product_tag","embeddable":true,"href":"https:\/\/www.freeshopfrontiera.ch\/fr\/wp-json\/wp\/v2\/product_tag?post=24010"}],"curies":[{"name":"wp","href":"https:\/\/api.w.org\/{rel}","templated":true}]}}