{"id":24055,"date":"2025-04-08T09:20:44","date_gmt":"2025-04-08T09:20:44","guid":{"rendered":"https:\/\/freeshopswiss.alesca.org\/shop\/carolina-herrera-very-good-girl-elixir\/"},"modified":"2025-04-08T09:35:20","modified_gmt":"2025-04-08T09:35:20","slug":"carolina-herrera-very-good-girl-elixir","status":"publish","type":"product","link":"https:\/\/www.freeshopfrontiera.ch\/fr\/shop\/carolina-herrera-very-good-girl-elixir\/","title":{"rendered":"CAROLINA HERRERA Very Good Girl Elixir"},"content":{"rendered":"<p class=\"\" data-start=\"3054\" data-end=\"3280\"><strong data-start=\"3054\" data-end=\"3110\">CAROLINA HERRERA Very Good Girl Elixir Eau de Parfum<\/strong> est une fragrance intense, sensuelle et sophistiqu\u00e9e. Une interpr\u00e9tation audacieuse et moderne de la f\u00e9minit\u00e9, pens\u00e9e pour les femmes fortes, s\u00fbres d\u2019elles et \u00e9l\u00e9gantes.<\/p>\n<p class=\"\" data-start=\"3282\" data-end=\"3595\">Elle s\u2019ouvre sur des notes fruit\u00e9es et lumineuses de cassis, offrant une entr\u00e9e vibrante et intrigante. En c\u0153ur, la rose \u2013 reine des fleurs \u2013 d\u00e9voile toute sa puissance f\u00e9minine dans une version velout\u00e9e et g\u00e9n\u00e9reuse. En fond, la vanille bourbon se m\u00eale au v\u00e9tiver pour une signature chaude, bois\u00e9e et envo\u00fbtante.<\/p>\n<p class=\"\" data-start=\"3597\" data-end=\"3800\">Very Good Girl Elixir est la version la plus intense et enveloppante de la ligne iconique Good Girl. Elle conserve son esprit espi\u00e8gle et s\u00e9ducteur, tout en y ajoutant une nouvelle profondeur captivante.<\/p>\n<p class=\"\" data-start=\"3802\" data-end=\"4019\">Le flacon est un v\u00e9ritable objet de d\u00e9sir : l\u2019escarpin embl\u00e9matique se pare d\u2019un rouge rubis \u00e9clatant, symbole de passion et de puissance f\u00e9minine. Les d\u00e9tails dor\u00e9s lui apportent une touche de luxe et de raffinement.<\/p>\n<p class=\"\" data-start=\"4021\" data-end=\"4244\">Parfait pour les soir\u00e9es, les occasions sp\u00e9ciales ou simplement pour se sentir irr\u00e9sistible au quotidien, <strong data-start=\"4127\" data-end=\"4152\">Very Good Girl Elixir<\/strong> est un parfum qui ne passe pas inaper\u00e7u. Son \u00e9volution sur la peau est \u00e9l\u00e9gante et durable.<\/p>\n<p class=\"\" data-start=\"4246\" data-end=\"4394\"><strong data-start=\"4246\" data-end=\"4302\">CAROLINA HERRERA Very Good Girl Elixir Eau de Parfum<\/strong> est bien plus qu\u2019un parfum : c\u2019est une d\u00e9claration de style, de caract\u00e8re et de sensualit\u00e9.<\/p>\n<p data-start=\"1413\" data-end=\"1552\">Follow us! <a href=\"https:\/\/www.instagram.com\/freeshopswiss\/\" target=\"_blank\" rel=\"noopener\">@freeshopswiss<\/a><\/p>\n","protected":false},"excerpt":{"rendered":"<p><em><strong>Eau de Parfum<\/strong><\/em><\/p>\n","protected":false},"featured_media":24028,"comment_status":"open","ping_status":"closed","template":"","meta":[],"pwb-brand":[271],"product_brand":[],"product_cat":[87,109],"product_tag":[252,296,5050,789,97,5074,4367],"class_list":{"0":"post-24055","1":"product","2":"type-product","3":"status-publish","4":"has-post-thumbnail","6":"pwb-brand-carolina-herrera","7":"product_cat-parfums","8":"product_cat-pour-elle","9":"product_tag-eau-de-parfum-fr","10":"product_tag-femme","11":"product_tag-fete-des-meres","12":"product_tag-womens-fragrances-fr","13":"product_tag-parfums","14":"product_tag-parfums-pour-la-fete-des-meres","15":"product_tag-special-printemps","17":"first","18":"instock","19":"sale","20":"taxable","21":"shipping-taxable","22":"purchasable","23":"product-type-variable","24":"has-default-attributes"},"brands":[{"id":271,"name":"Carolina Herrera","slug":"carolina-herrera"}],"_links":{"self":[{"href":"https:\/\/www.freeshopfrontiera.ch\/fr\/wp-json\/wp\/v2\/product\/24055","targetHints":{"allow":["GET"]}}],"collection":[{"href":"https:\/\/www.freeshopfrontiera.ch\/fr\/wp-json\/wp\/v2\/product"}],"about":[{"href":"https:\/\/www.freeshopfrontiera.ch\/fr\/wp-json\/wp\/v2\/types\/product"}],"replies":[{"embeddable":true,"href":"https:\/\/www.freeshopfrontiera.ch\/fr\/wp-json\/wp\/v2\/comments?post=24055"}],"version-history":[{"count":1,"href":"https:\/\/www.freeshopfrontiera.ch\/fr\/wp-json\/wp\/v2\/product\/24055\/revisions"}],"predecessor-version":[{"id":24067,"href":"https:\/\/www.freeshopfrontiera.ch\/fr\/wp-json\/wp\/v2\/product\/24055\/revisions\/24067"}],"wp:featuredmedia":[{"embeddable":true,"href":"https:\/\/www.freeshopfrontiera.ch\/fr\/wp-json\/wp\/v2\/media\/24028"}],"wp:attachment":[{"href":"https:\/\/www.freeshopfrontiera.ch\/fr\/wp-json\/wp\/v2\/media?parent=24055"}],"wp:term":[{"taxonomy":"pwb-brand","embeddable":true,"href":"https:\/\/www.freeshopfrontiera.ch\/fr\/wp-json\/wp\/v2\/pwb-brand?post=24055"},{"taxonomy":"product_brand","embeddable":true,"href":"https:\/\/www.freeshopfrontiera.ch\/fr\/wp-json\/wp\/v2\/product_brand?post=24055"},{"taxonomy":"product_cat","embeddable":true,"href":"https:\/\/www.freeshopfrontiera.ch\/fr\/wp-json\/wp\/v2\/product_cat?post=24055"},{"taxonomy":"product_tag","embeddable":true,"href":"https:\/\/www.freeshopfrontiera.ch\/fr\/wp-json\/wp\/v2\/product_tag?post=24055"}],"curies":[{"name":"wp","href":"https:\/\/api.w.org\/{rel}","templated":true}]}}