{"id":24087,"date":"2025-04-08T10:14:02","date_gmt":"2025-04-08T10:14:02","guid":{"rendered":"https:\/\/freeshopswiss.alesca.org\/shop\/salvatore-ferragamo-amo-flowerful-30ml\/"},"modified":"2025-04-08T10:31:47","modified_gmt":"2025-04-08T10:31:47","slug":"salvatore-ferragamo-amo-flowerful-30ml","status":"publish","type":"product","link":"https:\/\/www.freeshopfrontiera.ch\/fr\/shop\/salvatore-ferragamo-amo-flowerful-30ml\/","title":{"rendered":"SALVATORE FERRAGAMO Amo Flowerful 30ml"},"content":{"rendered":"<p class=\"\" data-start=\"2987\" data-end=\"3280\"><strong data-start=\"2987\" data-end=\"3038\">SALVATORE FERRAGAMO Amo Flowerful Eau de Parfum<\/strong> est un parfum frais et vibrant qui c\u00e9l\u00e8bre la f\u00e9minit\u00e9 moderne avec \u00e9l\u00e9gance et spontan\u00e9it\u00e9. Amo Flowerful est con\u00e7u pour la femme qui souhaite un parfum alliant sophistication et joie, combinant la fra\u00eecheur florale \u00e0 une tra\u00een\u00e9e sensuelle.<\/p>\n<p class=\"\" data-start=\"3282\" data-end=\"3615\">Le parfum s&rsquo;ouvre sur des notes de t\u00eate fruit\u00e9es de poire et de cassis, offrant une introduction p\u00e9tillante et dynamique qui transmet \u00e9nergie et vitalit\u00e9. Le c\u0153ur r\u00e9v\u00e8le un bouquet floral d\u00e9licat et raffin\u00e9, avec de la lavande, de la rose, du jasmin et une touche de pivoine, offrant un m\u00e9lange harmonieux de fra\u00eecheur et de douceur.<\/p>\n<p class=\"\" data-start=\"3617\" data-end=\"3970\">La base est chaude et enveloppante, avec du bois de santal et du musc blanc, qui laissent une tra\u00een\u00e9e douce et sensuelle tout en conservant la l\u00e9g\u00e8ret\u00e9 qui caract\u00e9rise l&rsquo;ensemble de la composition. Cet \u00e9quilibre entre fra\u00eecheur et sensualit\u00e9 fait de <strong data-start=\"3867\" data-end=\"3884\">Amo Flowerful<\/strong> le parfum id\u00e9al pour chaque moment de la journ\u00e9e, du travail aux \u00e9v\u00e9nements sp\u00e9ciaux.<\/p>\n<p class=\"\" data-start=\"3972\" data-end=\"4194\">Le flacon, \u00e9l\u00e9gant et f\u00e9minin, est sublim\u00e9 par des d\u00e9tails dor\u00e9s qui mettent en valeur son luxe et sa raffinement. Un objet de design qui rend le parfum encore plus exclusif, parfait pour un cadeau \u00e0 une personne sp\u00e9ciale.<\/p>\n<p class=\"\" data-start=\"4196\" data-end=\"4407\"><strong data-start=\"4196\" data-end=\"4233\">SALVATORE FERRAGAMO Amo Flowerful<\/strong> est le choix id\u00e9al pour celles qui recherchent un parfum frais, \u00e9l\u00e9gant et joyeux, parfaitement adapt\u00e9 \u00e0 une femme qui aime exprimer sa personnalit\u00e9 avec l\u00e9g\u00e8ret\u00e9 et classe.<\/p>\n<p data-start=\"1264\" data-end=\"1489\">Follow us!\u00a0<a href=\"https:\/\/www.instagram.com\/freeshopswiss\/\" target=\"_blank\" rel=\"noopener\">@freeshopswiss<\/a><\/p>\n","protected":false},"excerpt":{"rendered":"<p><em><strong>Eau de Toilette<\/strong><\/em><\/p>\n","protected":false},"featured_media":24083,"comment_status":"open","ping_status":"closed","template":"","meta":[],"pwb-brand":[374],"product_brand":[],"product_cat":[87,109],"product_tag":[141,296,789,97],"class_list":{"0":"post-24087","1":"product","2":"type-product","3":"status-publish","4":"has-post-thumbnail","6":"pwb-brand-salvatore-ferragamo","7":"product_cat-parfums","8":"product_cat-pour-elle","9":"product_tag-eau-de-toilette-fr","10":"product_tag-femme","11":"product_tag-womens-fragrances-fr","12":"product_tag-parfums","14":"first","15":"outofstock","16":"sale","17":"taxable","18":"shipping-taxable","19":"purchasable","20":"product-type-simple"},"brands":[{"id":374,"name":"Salvatore Ferragamo","slug":"salvatore-ferragamo"}],"_links":{"self":[{"href":"https:\/\/www.freeshopfrontiera.ch\/fr\/wp-json\/wp\/v2\/product\/24087","targetHints":{"allow":["GET"]}}],"collection":[{"href":"https:\/\/www.freeshopfrontiera.ch\/fr\/wp-json\/wp\/v2\/product"}],"about":[{"href":"https:\/\/www.freeshopfrontiera.ch\/fr\/wp-json\/wp\/v2\/types\/product"}],"replies":[{"embeddable":true,"href":"https:\/\/www.freeshopfrontiera.ch\/fr\/wp-json\/wp\/v2\/comments?post=24087"}],"version-history":[{"count":1,"href":"https:\/\/www.freeshopfrontiera.ch\/fr\/wp-json\/wp\/v2\/product\/24087\/revisions"}],"predecessor-version":[{"id":24092,"href":"https:\/\/www.freeshopfrontiera.ch\/fr\/wp-json\/wp\/v2\/product\/24087\/revisions\/24092"}],"wp:featuredmedia":[{"embeddable":true,"href":"https:\/\/www.freeshopfrontiera.ch\/fr\/wp-json\/wp\/v2\/media\/24083"}],"wp:attachment":[{"href":"https:\/\/www.freeshopfrontiera.ch\/fr\/wp-json\/wp\/v2\/media?parent=24087"}],"wp:term":[{"taxonomy":"pwb-brand","embeddable":true,"href":"https:\/\/www.freeshopfrontiera.ch\/fr\/wp-json\/wp\/v2\/pwb-brand?post=24087"},{"taxonomy":"product_brand","embeddable":true,"href":"https:\/\/www.freeshopfrontiera.ch\/fr\/wp-json\/wp\/v2\/product_brand?post=24087"},{"taxonomy":"product_cat","embeddable":true,"href":"https:\/\/www.freeshopfrontiera.ch\/fr\/wp-json\/wp\/v2\/product_cat?post=24087"},{"taxonomy":"product_tag","embeddable":true,"href":"https:\/\/www.freeshopfrontiera.ch\/fr\/wp-json\/wp\/v2\/product_tag?post=24087"}],"curies":[{"name":"wp","href":"https:\/\/api.w.org\/{rel}","templated":true}]}}