{"id":24105,"date":"2025-04-08T10:39:51","date_gmt":"2025-04-08T10:39:51","guid":{"rendered":"https:\/\/freeshopswiss.alesca.org\/shop\/iceberg-twice-homme-eau-de-toilette-vapo-125ml\/"},"modified":"2025-04-08T10:48:15","modified_gmt":"2025-04-08T10:48:15","slug":"iceberg-twice-homme-eau-de-toilette-vapo-125ml","status":"publish","type":"product","link":"https:\/\/www.freeshopfrontiera.ch\/fr\/shop\/iceberg-twice-homme-eau-de-toilette-vapo-125ml\/","title":{"rendered":"ICEBERG Twice Homme Eau de Toilette 125ml"},"content":{"rendered":"<p class=\"\" data-start=\"3191\" data-end=\"3504\"><strong data-start=\"3191\" data-end=\"3241\">ICEBERG Twice Homme Eau de Toilette Vapo 125ml<\/strong> est un parfum sophistiqu\u00e9 et dynamique, con\u00e7u pour l&rsquo;homme qui recherche une exp\u00e9rience olfactive intense et inoubliable. Cette fragrance combine fra\u00eecheur et sensualit\u00e9, cr\u00e9ant un contraste parfait qui repr\u00e9sente la polyvalence et l&rsquo;\u00e9l\u00e9gance de l&rsquo;homme moderne.<\/p>\n<p class=\"\" data-start=\"3506\" data-end=\"3978\">L&rsquo;ouverture de <strong data-start=\"3521\" data-end=\"3536\">Twice Homme<\/strong> est fra\u00eeche et vive, avec des notes de t\u00eate agrum\u00e9es de citron, d&rsquo;orange et de menthe, offrant une introduction vibrante et rafra\u00eechissante. Au fur et \u00e0 mesure que le parfum se d\u00e9veloppe, le c\u0153ur r\u00e9v\u00e8le une combinaison d&rsquo;\u00e9pices telles que le poivre noir et la lavande, ajoutant une dimension aromatique et masculine. La base est caract\u00e9ris\u00e9e par du bois de c\u00e8dre, du patchouli et du musc, qui laissent une trace chaude, sensuelle et durable.<\/p>\n<p class=\"\" data-start=\"3980\" data-end=\"4316\"><strong data-start=\"3980\" data-end=\"3995\">Twice Homme<\/strong> est un parfum qui convient parfaitement \u00e0 toutes les occasions, du jour \u00e0 la soir\u00e9e, le rendant id\u00e9al pour l&rsquo;homme qui souhaite \u00eatre impeccable avec une touche d&rsquo;originalit\u00e9. Sa composition \u00e9quilibr\u00e9e et sa long\u00e9vit\u00e9 prolong\u00e9e en font le parfum parfait pour ceux qui recherchent une fragrance polyvalente et distinctive.<\/p>\n<p class=\"\" data-start=\"4318\" data-end=\"4539\">Le flacon de 125 ml est \u00e9l\u00e9gant et moderne, avec des lignes simples et raffin\u00e9es qui refl\u00e8tent le style de la marque Iceberg. Le design sobre et masculin en fait \u00e9galement un excellent cadeau pour des occasions sp\u00e9ciales.<\/p>\n<p class=\"\" data-start=\"4541\" data-end=\"4716\"><strong data-start=\"4541\" data-end=\"4580\">ICEBERG Twice Homme Eau de Toilette<\/strong> incarne la fra\u00eecheur et la sensualit\u00e9, parfait pour l&rsquo;homme qui souhaite exprimer sa personnalit\u00e9 avec un parfum unique et sophistiqu\u00e9.<\/p>\n<p data-start=\"1388\" data-end=\"1578\">Follow us! <a href=\"https:\/\/www.instagram.com\/freeshopswiss\/\" target=\"_blank\" rel=\"noopener\">@freeshopswiss<\/a><\/p>\n","protected":false},"excerpt":{"rendered":"<p><em><strong>Eau de Toilette<\/strong><\/em><\/p>\n","protected":false},"featured_media":24097,"comment_status":"open","ping_status":"closed","template":"","meta":[],"pwb-brand":[387],"product_brand":[],"product_cat":[87,89],"product_tag":[141,1629,143,97],"class_list":{"0":"post-24105","1":"product","2":"type-product","3":"status-publish","4":"has-post-thumbnail","6":"pwb-brand-iceberg","7":"product_cat-parfums","8":"product_cat-pour-lui","9":"product_tag-eau-de-toilette-fr","10":"product_tag-mens-fragrances-fr","11":"product_tag-homme","12":"product_tag-parfums","14":"first","15":"instock","16":"sale","17":"taxable","18":"shipping-taxable","19":"purchasable","20":"product-type-simple"},"brands":[{"id":387,"name":"Iceberg","slug":"iceberg"}],"_links":{"self":[{"href":"https:\/\/www.freeshopfrontiera.ch\/fr\/wp-json\/wp\/v2\/product\/24105","targetHints":{"allow":["GET"]}}],"collection":[{"href":"https:\/\/www.freeshopfrontiera.ch\/fr\/wp-json\/wp\/v2\/product"}],"about":[{"href":"https:\/\/www.freeshopfrontiera.ch\/fr\/wp-json\/wp\/v2\/types\/product"}],"replies":[{"embeddable":true,"href":"https:\/\/www.freeshopfrontiera.ch\/fr\/wp-json\/wp\/v2\/comments?post=24105"}],"version-history":[{"count":4,"href":"https:\/\/www.freeshopfrontiera.ch\/fr\/wp-json\/wp\/v2\/product\/24105\/revisions"}],"predecessor-version":[{"id":24124,"href":"https:\/\/www.freeshopfrontiera.ch\/fr\/wp-json\/wp\/v2\/product\/24105\/revisions\/24124"}],"wp:featuredmedia":[{"embeddable":true,"href":"https:\/\/www.freeshopfrontiera.ch\/fr\/wp-json\/wp\/v2\/media\/24097"}],"wp:attachment":[{"href":"https:\/\/www.freeshopfrontiera.ch\/fr\/wp-json\/wp\/v2\/media?parent=24105"}],"wp:term":[{"taxonomy":"pwb-brand","embeddable":true,"href":"https:\/\/www.freeshopfrontiera.ch\/fr\/wp-json\/wp\/v2\/pwb-brand?post=24105"},{"taxonomy":"product_brand","embeddable":true,"href":"https:\/\/www.freeshopfrontiera.ch\/fr\/wp-json\/wp\/v2\/product_brand?post=24105"},{"taxonomy":"product_cat","embeddable":true,"href":"https:\/\/www.freeshopfrontiera.ch\/fr\/wp-json\/wp\/v2\/product_cat?post=24105"},{"taxonomy":"product_tag","embeddable":true,"href":"https:\/\/www.freeshopfrontiera.ch\/fr\/wp-json\/wp\/v2\/product_tag?post=24105"}],"curies":[{"name":"wp","href":"https:\/\/api.w.org\/{rel}","templated":true}]}}