{"id":24168,"date":"2025-04-08T11:47:17","date_gmt":"2025-04-08T11:47:17","guid":{"rendered":"https:\/\/freeshopswiss.alesca.org\/shop\/lattafa-asad-eau-de-parfum-100ml\/"},"modified":"2025-04-08T11:50:18","modified_gmt":"2025-04-08T11:50:18","slug":"lattafa-asad-eau-de-parfum-100ml","status":"publish","type":"product","link":"https:\/\/www.freeshopfrontiera.ch\/fr\/shop\/lattafa-asad-eau-de-parfum-100ml\/","title":{"rendered":"LATTAFA Asad Eau de Parfum 100ml"},"content":{"rendered":"<p class=\"\" data-start=\"3540\" data-end=\"3961\"><strong data-start=\"3540\" data-end=\"3576\">LATTAFA Asad Eau de Parfum 100ml<\/strong> est un parfum oriental luxueux qui incarne la force et l&rsquo;\u00e9l\u00e9gance de l&rsquo;homme moderne. Avec une composition complexe et enveloppante, <strong data-start=\"3710\" data-end=\"3718\">Asad<\/strong> est parfait pour ceux qui recherchent un parfum distinctif qui exprime la puissance, l&rsquo;\u00e9l\u00e9gance et le myst\u00e8re. Chaque note est con\u00e7ue pour \u00e9voquer une sensation de sophistication et d&rsquo;attirance, laissant une tra\u00een\u00e9e qui dure toute la journ\u00e9e.<\/p>\n<p class=\"\" data-start=\"3963\" data-end=\"4442\">Les notes de t\u00eate fra\u00eeches de bergamote et de poivre noir offrent une fra\u00eecheur vive et vibrante, tandis que le c\u0153ur se d\u00e9veloppe avec un m\u00e9lange envo\u00fbtant de bois d&rsquo;oud, de fleurs d\u00e9licates et d&rsquo;\u00e9pices exotiques, donnant au parfum un caract\u00e8re riche et intrigant. Ce contraste entre fra\u00eecheur et chaleur ajoute de la profondeur, cr\u00e9ant un parfum luxueux et raffin\u00e9. La base de musc, d&rsquo;ambre et de vanille est chaude et enveloppante, laissant une trace sensuelle et longue dur\u00e9e.<\/p>\n<p class=\"\" data-start=\"4444\" data-end=\"4819\"><strong data-start=\"4444\" data-end=\"4474\">LATTAFA Asad Eau de Parfum<\/strong> est parfait pour toute occasion sp\u00e9ciale, qu&rsquo;il s&rsquo;agisse d&rsquo;un \u00e9v\u00e9nement \u00e9l\u00e9gant ou d&rsquo;une r\u00e9union importante. Gr\u00e2ce \u00e0 son intensit\u00e9 et \u00e0 sa polyvalence, il peut \u00eatre port\u00e9 aussi bien le jour que le soir, s&rsquo;adaptant \u00e0 chaque moment. Sa force et son \u00e9l\u00e9gance en font le parfum id\u00e9al pour l&rsquo;homme qui souhaite affirmer son style et sa personnalit\u00e9.<\/p>\n<p class=\"\" data-start=\"4821\" data-end=\"5231\">Le flacon \u00e9l\u00e9gant de 100 ml est un symbole de luxe, avec un design qui refl\u00e8te l&rsquo;essence sophistiqu\u00e9e et puissante du parfum. <strong data-start=\"4947\" data-end=\"4955\">Asad<\/strong> n&rsquo;est pas seulement un parfum, mais une exp\u00e9rience sensorielle qui laisse une impression durable. Chaque vaporisation enveloppe la peau d&rsquo;une aura myst\u00e9rieuse et irr\u00e9sistible, parfaite pour ceux qui recherchent un parfum qui refl\u00e8te leur confiance et leur \u00e9l\u00e9gance naturelle.<\/p>\n<p data-start=\"1398\" data-end=\"1809\">Follow us! <a href=\"https:\/\/www.instagram.com\/freeshopswiss\/\" target=\"_blank\" rel=\"noopener\">@freeshopswiss<\/a><\/p>\n","protected":false},"excerpt":{"rendered":"<p><em><strong>Eau de Parfum<\/strong><\/em><\/p>\n","protected":false},"featured_media":24158,"comment_status":"open","ping_status":"closed","template":"","meta":[],"pwb-brand":[772],"product_brand":[],"product_cat":[138,87,89],"product_tag":[252,1629,143,278,97],"class_list":{"0":"post-24168","1":"product","2":"type-product","3":"status-publish","4":"has-post-thumbnail","6":"pwb-brand-lattafa","7":"product_cat-offre","8":"product_cat-parfums","9":"product_cat-pour-lui","10":"product_tag-eau-de-parfum-fr","11":"product_tag-mens-fragrances-fr","12":"product_tag-homme","13":"product_tag-offre","14":"product_tag-parfums","16":"first","17":"instock","18":"sale","19":"taxable","20":"shipping-taxable","21":"purchasable","22":"product-type-simple"},"brands":[{"id":772,"name":"Lattafa","slug":"lattafa"}],"_links":{"self":[{"href":"https:\/\/www.freeshopfrontiera.ch\/fr\/wp-json\/wp\/v2\/product\/24168","targetHints":{"allow":["GET"]}}],"collection":[{"href":"https:\/\/www.freeshopfrontiera.ch\/fr\/wp-json\/wp\/v2\/product"}],"about":[{"href":"https:\/\/www.freeshopfrontiera.ch\/fr\/wp-json\/wp\/v2\/types\/product"}],"replies":[{"embeddable":true,"href":"https:\/\/www.freeshopfrontiera.ch\/fr\/wp-json\/wp\/v2\/comments?post=24168"}],"version-history":[{"count":2,"href":"https:\/\/www.freeshopfrontiera.ch\/fr\/wp-json\/wp\/v2\/product\/24168\/revisions"}],"predecessor-version":[{"id":24173,"href":"https:\/\/www.freeshopfrontiera.ch\/fr\/wp-json\/wp\/v2\/product\/24168\/revisions\/24173"}],"wp:featuredmedia":[{"embeddable":true,"href":"https:\/\/www.freeshopfrontiera.ch\/fr\/wp-json\/wp\/v2\/media\/24158"}],"wp:attachment":[{"href":"https:\/\/www.freeshopfrontiera.ch\/fr\/wp-json\/wp\/v2\/media?parent=24168"}],"wp:term":[{"taxonomy":"pwb-brand","embeddable":true,"href":"https:\/\/www.freeshopfrontiera.ch\/fr\/wp-json\/wp\/v2\/pwb-brand?post=24168"},{"taxonomy":"product_brand","embeddable":true,"href":"https:\/\/www.freeshopfrontiera.ch\/fr\/wp-json\/wp\/v2\/product_brand?post=24168"},{"taxonomy":"product_cat","embeddable":true,"href":"https:\/\/www.freeshopfrontiera.ch\/fr\/wp-json\/wp\/v2\/product_cat?post=24168"},{"taxonomy":"product_tag","embeddable":true,"href":"https:\/\/www.freeshopfrontiera.ch\/fr\/wp-json\/wp\/v2\/product_tag?post=24168"}],"curies":[{"name":"wp","href":"https:\/\/api.w.org\/{rel}","templated":true}]}}