{"id":24198,"date":"2025-04-08T13:56:18","date_gmt":"2025-04-08T13:56:18","guid":{"rendered":"https:\/\/freeshopswiss.alesca.org\/shop\/swissoxx-radiance-perfection-peel-lotion-150ml\/"},"modified":"2025-04-08T13:59:58","modified_gmt":"2025-04-08T13:59:58","slug":"swissoxx-radiance-perfection-peel-lotion-150ml","status":"publish","type":"product","link":"https:\/\/www.freeshopfrontiera.ch\/fr\/shop\/swissoxx-radiance-perfection-peel-lotion-150ml\/","title":{"rendered":"SWISSOXX Radiance Perfection Peel Lotion 150ml"},"content":{"rendered":"<p class=\"\" data-start=\"3306\" data-end=\"3729\"><strong data-start=\"3306\" data-end=\"3356\">SWISSOXX Radiance Perfection Peel Lotion 150ml<\/strong> est une lotion exfoliante de nouvelle g\u00e9n\u00e9ration, con\u00e7ue pour offrir un soin doux mais intensif, capable de transformer visiblement la qualit\u00e9 et l\u2019\u00e9clat de la peau. Gr\u00e2ce \u00e0 la synergie d\u2019AHA (acides alpha-hydroxyl\u00e9s) et d\u2019actifs d\u2019origine naturelle, elle \u00e9limine les cellules mortes et les impuret\u00e9s de la surface cutan\u00e9e, r\u00e9v\u00e9lant un teint plus clair, uniforme et lisse.<\/p>\n<p class=\"\" data-start=\"3731\" data-end=\"4169\">Avec une utilisation r\u00e9guli\u00e8re, cette lotion aide \u00e0 r\u00e9duire l\u2019apparence des pores dilat\u00e9s, des imperfections, des irr\u00e9gularit\u00e9s du teint et des signes de fatigue. Elle stimule le renouvellement cellulaire, affine le grain de peau et att\u00e9nue les premi\u00e8res rides et ridules. Elle est particuli\u00e8rement recommand\u00e9e pour les peaux ternes, stress\u00e9es ou expos\u00e9es aux agressions ext\u00e9rieures telles que la pollution ou les changements climatiques.<\/p>\n<p class=\"\" data-start=\"4171\" data-end=\"4418\">Sa texture fluide et l\u00e9g\u00e8re p\u00e9n\u00e8tre rapidement sans laisser de film gras ni collant. D\u00e8s l\u2019application, la peau para\u00eet plus douce, tonique et rafra\u00eechie. Elle est ainsi mieux pr\u00e9par\u00e9e \u00e0 recevoir les soins suivants, dont l\u2019efficacit\u00e9 est renforc\u00e9e.<\/p>\n<p class=\"\" data-start=\"4420\" data-end=\"4778\">Test\u00e9e dermatologiquement et non com\u00e9dog\u00e8ne, <strong data-start=\"4465\" data-end=\"4509\">SWISSOXX Radiance Perfection Peel Lotion<\/strong> convient \u00e0 tous les types de peau, m\u00eame les plus sensibles, gr\u00e2ce \u00e0 sa formule \u00e9quilibr\u00e9e et respectueuse. Utilis\u00e9e quotidiennement ou ponctuellement, elle devient un alli\u00e9 indispensable dans votre routine beaut\u00e9 pour une peau \u00e9clatante, saine et visiblement rajeunie.<\/p>\n<p data-start=\"1402\" data-end=\"1759\">Follow us! <a href=\"https:\/\/www.instagram.com\/freeshopswiss\/\" target=\"_blank\" rel=\"noopener\">@freeshopswiss\u00a0<\/a><\/p>\n","protected":false},"excerpt":{"rendered":"<p>SWISSOXX Radiance Perfection Peel Lotion 150ml est une lotion exfoliante de nouvelle g\u00e9n\u00e9ration, con\u00e7ue pour offrir un soin doux mais intensif, capable de transformer visiblement la qualit\u00e9 et l\u2019\u00e9clat de la peau. Gr\u00e2ce \u00e0 la synergie d\u2019AHA (acides alpha-hydroxyl\u00e9s) et d\u2019actifs d\u2019origine naturelle, elle \u00e9limine les cellules mortes et les impuret\u00e9s de la surface cutan\u00e9e, [&hellip;]<\/p>\n","protected":false},"featured_media":24194,"comment_status":"open","ping_status":"closed","template":"","meta":[],"pwb-brand":[432],"product_brand":[],"product_cat":[109,295,545],"product_tag":[296,417,301],"class_list":{"0":"post-24198","1":"product","2":"type-product","3":"status-publish","4":"has-post-thumbnail","6":"pwb-brand-swissoxx","7":"product_cat-pour-elle","8":"product_cat-traitements","9":"product_cat-soin-du-visage","10":"product_tag-femme","11":"product_tag-soins-fr","12":"product_tag-soins-du-visage","14":"first","15":"instock","16":"sale","17":"taxable","18":"shipping-taxable","19":"purchasable","20":"product-type-simple"},"brands":[{"id":432,"name":"Swissoxx","slug":"swissoxx"}],"_links":{"self":[{"href":"https:\/\/www.freeshopfrontiera.ch\/fr\/wp-json\/wp\/v2\/product\/24198","targetHints":{"allow":["GET"]}}],"collection":[{"href":"https:\/\/www.freeshopfrontiera.ch\/fr\/wp-json\/wp\/v2\/product"}],"about":[{"href":"https:\/\/www.freeshopfrontiera.ch\/fr\/wp-json\/wp\/v2\/types\/product"}],"replies":[{"embeddable":true,"href":"https:\/\/www.freeshopfrontiera.ch\/fr\/wp-json\/wp\/v2\/comments?post=24198"}],"version-history":[{"count":1,"href":"https:\/\/www.freeshopfrontiera.ch\/fr\/wp-json\/wp\/v2\/product\/24198\/revisions"}],"predecessor-version":[{"id":24202,"href":"https:\/\/www.freeshopfrontiera.ch\/fr\/wp-json\/wp\/v2\/product\/24198\/revisions\/24202"}],"wp:featuredmedia":[{"embeddable":true,"href":"https:\/\/www.freeshopfrontiera.ch\/fr\/wp-json\/wp\/v2\/media\/24194"}],"wp:attachment":[{"href":"https:\/\/www.freeshopfrontiera.ch\/fr\/wp-json\/wp\/v2\/media?parent=24198"}],"wp:term":[{"taxonomy":"pwb-brand","embeddable":true,"href":"https:\/\/www.freeshopfrontiera.ch\/fr\/wp-json\/wp\/v2\/pwb-brand?post=24198"},{"taxonomy":"product_brand","embeddable":true,"href":"https:\/\/www.freeshopfrontiera.ch\/fr\/wp-json\/wp\/v2\/product_brand?post=24198"},{"taxonomy":"product_cat","embeddable":true,"href":"https:\/\/www.freeshopfrontiera.ch\/fr\/wp-json\/wp\/v2\/product_cat?post=24198"},{"taxonomy":"product_tag","embeddable":true,"href":"https:\/\/www.freeshopfrontiera.ch\/fr\/wp-json\/wp\/v2\/product_tag?post=24198"}],"curies":[{"name":"wp","href":"https:\/\/api.w.org\/{rel}","templated":true}]}}