{"id":24230,"date":"2025-04-08T15:08:20","date_gmt":"2025-04-08T15:08:20","guid":{"rendered":"https:\/\/freeshopswiss.alesca.org\/shop\/clarins-brume-solaire-embellissante-spf50\/"},"modified":"2025-04-09T07:10:13","modified_gmt":"2025-04-09T07:10:13","slug":"clarins-brume-solaire-embellissante-spf50","status":"publish","type":"product","link":"https:\/\/www.freeshopfrontiera.ch\/fr\/shop\/clarins-brume-solaire-embellissante-spf50\/","title":{"rendered":"CLARINS Brume Solaire Embellissante SPF50+"},"content":{"rendered":"<p><strong>CLARINS Brume Solaire Embellissante SPF50+ 150 ml<\/strong> est une cr\u00e8me solaire avanc\u00e9e, con\u00e7ue pour offrir \u00e0 la peau une protection optimale contre les rayons UVA et UVB nocifs, tout en am\u00e9liorant sa luminosit\u00e9 et sa beaut\u00e9 naturelle. Cette brume solaire l\u00e9g\u00e8re et fra\u00eeche offre une haute protection avec SPF50+, la rendant id\u00e9ale pour toutes les situations d&rsquo;exposition au soleil, m\u00eame les jours les plus intenses.<\/p>\n<p>Sa formule innovante prot\u00e8ge non seulement la peau des dommages caus\u00e9s par le soleil, mais la nourrit et la rend visiblement plus lumineuse gr\u00e2ce \u00e0 la pr\u00e9sence d&rsquo;extraits v\u00e9g\u00e9taux qui l&rsquo;hydratent en profondeur. La texture ultra-l\u00e9g\u00e8re s&rsquo;applique facilement sans laisser de r\u00e9sidus, assurant un aspect soyeux et naturel. La peau para\u00eet prot\u00e9g\u00e9e, \u00e9clatante et fra\u00eeche, comme sublim\u00e9e par la lumi\u00e8re.<\/p>\n<p>Ce spray solaire est parfait pour tous les types de peau, m\u00eame les plus sensibles, et peut \u00eatre appliqu\u00e9 sur le visage et le corps, aussi bien avant l&rsquo;exposition au soleil que pendant la journ\u00e9e pour une dose suppl\u00e9mentaire de fra\u00eecheur. Sa formule r\u00e9sistante \u00e0 l&rsquo;eau le rend id\u00e9al pour les activit\u00e9s de plein air, comme les sports nautiques ou les promenades en bord de mer, sans sacrifier la protection et le confort.<\/p>\n<p>CLARINS Brume Solaire Embellissante SPF50+ est un incontournable pour celles qui souhaitent une peau prot\u00e9g\u00e9e des rayons du soleil sans sacrifier la beaut\u00e9 et l&rsquo;\u00e9clat naturel. Avec son packaging pratique de 150ml, c&rsquo;est l&rsquo;alli\u00e9 parfait de vos journ\u00e9es d&rsquo;\u00e9t\u00e9.<\/p>\n<p data-start=\"1386\" data-end=\"1648\">Follow us! <a href=\"https:\/\/www.instagram.com\/freeshopswiss\/\" target=\"_blank\" rel=\"noopener\">@freeshopswiss\u00a0<\/a><\/p>\n","protected":false},"excerpt":{"rendered":"<p>CLARINS Brume Solaire Embellissante SPF50+ 150 ml est une cr\u00e8me solaire avanc\u00e9e, con\u00e7ue pour offrir \u00e0 la peau une protection optimale contre les rayons UVA et UVB nocifs, tout en am\u00e9liorant sa luminosit\u00e9 et sa beaut\u00e9 naturelle. Cette brume solaire l\u00e9g\u00e8re et fra\u00eeche offre une haute protection avec SPF50+, la rendant id\u00e9ale pour toutes les [&hellip;]<\/p>\n","protected":false},"featured_media":24225,"comment_status":"open","ping_status":"closed","template":"","meta":[],"pwb-brand":[311],"product_brand":[],"product_cat":[295,424],"product_tag":[553,493,296,143],"class_list":{"0":"post-24230","1":"product","2":"type-product","3":"status-publish","4":"has-post-thumbnail","6":"pwb-brand-clarins","7":"product_cat-traitements","8":"product_cat-solari-fr","9":"product_tag-creme-solaire","10":"product_tag-ecrans-solaires","11":"product_tag-femme","12":"product_tag-homme","14":"first","15":"instock","16":"sale","17":"taxable","18":"shipping-taxable","19":"purchasable","20":"product-type-simple"},"brands":[{"id":311,"name":"Clarins","slug":"clarins"}],"_links":{"self":[{"href":"https:\/\/www.freeshopfrontiera.ch\/fr\/wp-json\/wp\/v2\/product\/24230","targetHints":{"allow":["GET"]}}],"collection":[{"href":"https:\/\/www.freeshopfrontiera.ch\/fr\/wp-json\/wp\/v2\/product"}],"about":[{"href":"https:\/\/www.freeshopfrontiera.ch\/fr\/wp-json\/wp\/v2\/types\/product"}],"replies":[{"embeddable":true,"href":"https:\/\/www.freeshopfrontiera.ch\/fr\/wp-json\/wp\/v2\/comments?post=24230"}],"version-history":[{"count":1,"href":"https:\/\/www.freeshopfrontiera.ch\/fr\/wp-json\/wp\/v2\/product\/24230\/revisions"}],"predecessor-version":[{"id":24246,"href":"https:\/\/www.freeshopfrontiera.ch\/fr\/wp-json\/wp\/v2\/product\/24230\/revisions\/24246"}],"wp:featuredmedia":[{"embeddable":true,"href":"https:\/\/www.freeshopfrontiera.ch\/fr\/wp-json\/wp\/v2\/media\/24225"}],"wp:attachment":[{"href":"https:\/\/www.freeshopfrontiera.ch\/fr\/wp-json\/wp\/v2\/media?parent=24230"}],"wp:term":[{"taxonomy":"pwb-brand","embeddable":true,"href":"https:\/\/www.freeshopfrontiera.ch\/fr\/wp-json\/wp\/v2\/pwb-brand?post=24230"},{"taxonomy":"product_brand","embeddable":true,"href":"https:\/\/www.freeshopfrontiera.ch\/fr\/wp-json\/wp\/v2\/product_brand?post=24230"},{"taxonomy":"product_cat","embeddable":true,"href":"https:\/\/www.freeshopfrontiera.ch\/fr\/wp-json\/wp\/v2\/product_cat?post=24230"},{"taxonomy":"product_tag","embeddable":true,"href":"https:\/\/www.freeshopfrontiera.ch\/fr\/wp-json\/wp\/v2\/product_tag?post=24230"}],"curies":[{"name":"wp","href":"https:\/\/api.w.org\/{rel}","templated":true}]}}