{"id":24390,"date":"2025-04-09T11:13:31","date_gmt":"2025-04-09T11:13:31","guid":{"rendered":"https:\/\/freeshopswiss.alesca.org\/shop\/clarins-hydra-essentiel-bi-serum-30ml\/"},"modified":"2025-04-09T11:26:02","modified_gmt":"2025-04-09T11:26:02","slug":"clarins-hydra-essentiel-bi-serum-30ml","status":"publish","type":"product","link":"https:\/\/www.freeshopfrontiera.ch\/fr\/shop\/clarins-hydra-essentiel-bi-serum-30ml\/","title":{"rendered":"CLARINS Hydra-Essentiel Bi-Serum 30ml"},"content":{"rendered":"<p class=\"\" data-start=\"1692\" data-end=\"2117\">Le <strong data-start=\"1695\" data-end=\"1760\">Bi-S\u00e9rum Intensif \u00ab\u00a0Anti-Soif\u00a0\u00bb Hydra-Essentiel de Clarins 30ml<\/strong> est un soin bifas\u00e9 intensif con\u00e7u pour offrir une hydratation profonde et imm\u00e9diate \u00e0 la peau d\u00e9shydrat\u00e9e, tout en lui redonnant douceur, confort et \u00e9clat. Sa formule avanc\u00e9e a \u00e9t\u00e9 d\u00e9velopp\u00e9e pour lutter contre les effets n\u00e9fastes des changements de temp\u00e9rature, de la pollution, du stress et des agressions ext\u00e9rieures qui fragilisent la barri\u00e8re cutan\u00e9e.<\/p>\n<p class=\"\" data-start=\"2119\" data-end=\"2486\">Sa texture ultra-l\u00e9g\u00e8re mais hautement efficace combine <strong data-start=\"2175\" data-end=\"2218\">une phase aqueuse et une phase huileuse<\/strong>, qui s\u2019activent en secouant le flacon, pour offrir un parfait \u00e9quilibre entre fra\u00eecheur et nutrition. Au c\u0153ur de la formule, l\u2019<strong data-start=\"2346\" data-end=\"2384\">extrait bio de kalancho\u00e9 officinal<\/strong> stimule la production naturelle d\u2019acide hyaluronique, favorisant une hydratation durable et autonome.<\/p>\n<p class=\"\" data-start=\"2488\" data-end=\"2786\">La texture fra\u00eeche et soyeuse p\u00e9n\u00e8tre rapidement sans laisser de film gras. La peau est instantan\u00e9ment plus repulp\u00e9e, souple et lumineuse. Jour apr\u00e8s jour, le teint devient plus uniforme, les ridules de d\u00e9shydratation s\u2019estompent et la peau devient plus r\u00e9sistante face aux agressions quotidiennes.<\/p>\n<p class=\"\" data-start=\"2788\" data-end=\"3036\">Convient \u00e0 tous les types de peau et \u00e0 tous les \u00e2ges, en particulier les peaux ternes ou en manque d\u2019eau. S\u2019utilise matin et soir avant votre soin habituel. D\u00e8s la premi\u00e8re application, la peau para\u00eet plus lisse, rafra\u00eechie et intens\u00e9ment hydrat\u00e9e.<\/p>\n<p class=\"\" data-start=\"3038\" data-end=\"3186\">Avec le <strong data-start=\"3046\" data-end=\"3074\">Bi-S\u00e9rum Hydra-Essentiel<\/strong>, Clarins offre un soin hydratant professionnel qui recharge la peau en eau et r\u00e9v\u00e8le toute sa beaut\u00e9 naturelle.<\/p>\n<p data-start=\"1637\" data-end=\"1793\">Follow us!\u00a0<a href=\"https:\/\/www.instagram.com\/freeshopswiss\/\" target=\"_blank\" rel=\"noopener\">@freeshopswiss<\/a><\/p>\n","protected":false},"excerpt":{"rendered":"<p>Le Bi-S\u00e9rum Intensif \u00ab\u00a0Anti-Soif\u00a0\u00bb Hydra-Essentiel de Clarins 30ml est un soin bifas\u00e9 intensif con\u00e7u pour offrir une hydratation profonde et imm\u00e9diate \u00e0 la peau d\u00e9shydrat\u00e9e, tout en lui redonnant douceur, confort et \u00e9clat. Sa formule avanc\u00e9e a \u00e9t\u00e9 d\u00e9velopp\u00e9e pour lutter contre les effets n\u00e9fastes des changements de temp\u00e9rature, de la pollution, du stress et [&hellip;]<\/p>\n","protected":false},"featured_media":24382,"comment_status":"open","ping_status":"closed","template":"","meta":[],"pwb-brand":[311],"product_brand":[],"product_cat":[109,295,545],"product_tag":[296,417,301],"class_list":{"0":"post-24390","1":"product","2":"type-product","3":"status-publish","4":"has-post-thumbnail","6":"pwb-brand-clarins","7":"product_cat-pour-elle","8":"product_cat-traitements","9":"product_cat-soin-du-visage","10":"product_tag-femme","11":"product_tag-soins-fr","12":"product_tag-soins-du-visage","14":"first","15":"instock","16":"sale","17":"taxable","18":"shipping-taxable","19":"purchasable","20":"product-type-simple"},"brands":[{"id":311,"name":"Clarins","slug":"clarins"}],"_links":{"self":[{"href":"https:\/\/www.freeshopfrontiera.ch\/fr\/wp-json\/wp\/v2\/product\/24390","targetHints":{"allow":["GET"]}}],"collection":[{"href":"https:\/\/www.freeshopfrontiera.ch\/fr\/wp-json\/wp\/v2\/product"}],"about":[{"href":"https:\/\/www.freeshopfrontiera.ch\/fr\/wp-json\/wp\/v2\/types\/product"}],"replies":[{"embeddable":true,"href":"https:\/\/www.freeshopfrontiera.ch\/fr\/wp-json\/wp\/v2\/comments?post=24390"}],"version-history":[{"count":3,"href":"https:\/\/www.freeshopfrontiera.ch\/fr\/wp-json\/wp\/v2\/product\/24390\/revisions"}],"predecessor-version":[{"id":24399,"href":"https:\/\/www.freeshopfrontiera.ch\/fr\/wp-json\/wp\/v2\/product\/24390\/revisions\/24399"}],"wp:featuredmedia":[{"embeddable":true,"href":"https:\/\/www.freeshopfrontiera.ch\/fr\/wp-json\/wp\/v2\/media\/24382"}],"wp:attachment":[{"href":"https:\/\/www.freeshopfrontiera.ch\/fr\/wp-json\/wp\/v2\/media?parent=24390"}],"wp:term":[{"taxonomy":"pwb-brand","embeddable":true,"href":"https:\/\/www.freeshopfrontiera.ch\/fr\/wp-json\/wp\/v2\/pwb-brand?post=24390"},{"taxonomy":"product_brand","embeddable":true,"href":"https:\/\/www.freeshopfrontiera.ch\/fr\/wp-json\/wp\/v2\/product_brand?post=24390"},{"taxonomy":"product_cat","embeddable":true,"href":"https:\/\/www.freeshopfrontiera.ch\/fr\/wp-json\/wp\/v2\/product_cat?post=24390"},{"taxonomy":"product_tag","embeddable":true,"href":"https:\/\/www.freeshopfrontiera.ch\/fr\/wp-json\/wp\/v2\/product_tag?post=24390"}],"curies":[{"name":"wp","href":"https:\/\/api.w.org\/{rel}","templated":true}]}}