{"id":24486,"date":"2025-04-10T09:59:12","date_gmt":"2025-04-10T09:59:12","guid":{"rendered":"https:\/\/freeshopswiss.alesca.org\/shop\/nabeel-desert-leather-eau-de-parfum\/"},"modified":"2025-05-28T08:15:03","modified_gmt":"2025-05-28T08:15:03","slug":"nabeel-desert-leather-eau-de-parfum","status":"publish","type":"product","link":"https:\/\/www.freeshopfrontiera.ch\/fr\/shop\/nabeel-desert-leather-eau-de-parfum\/","title":{"rendered":"NABEEL Desert Leather Eau de Parfum 100ml"},"content":{"rendered":"<p class=\"\" data-start=\"3133\" data-end=\"3398\"><strong data-start=\"3133\" data-end=\"3151\">Desert Leather<\/strong> de <strong data-start=\"3155\" data-end=\"3165\">NABEEL<\/strong> est un parfum qui s\u00e9duit d\u00e8s la premi\u00e8re inspiration. Une Eau de Parfum \u00e9l\u00e9gante, qui capture l\u2019intensit\u00e9 du d\u00e9sert et la puissance d\u2019un esprit libre. Pour celles et ceux qui aiment les fragrances intenses, raffin\u00e9es et envo\u00fbtantes.<\/p>\n<p class=\"\" data-start=\"3400\" data-end=\"3652\">L\u2019ouverture r\u00e9v\u00e8le des notes \u00e9pic\u00e9es et d\u2019agrumes, apportant fra\u00eecheur et \u00e9nergie. Le c\u0153ur d\u00e9voile des accords de cuir noble, envelopp\u00e9s d\u2019ambre chaud et de bois pr\u00e9cieux. Le fond, profond et persistant, laisse un sillage chaud, sensuel et inoubliable.<\/p>\n<p class=\"\" data-start=\"3654\" data-end=\"3917\"><strong data-start=\"3654\" data-end=\"3672\">Desert Leather<\/strong> est bien plus qu\u2019un parfum : c\u2019est une exp\u00e9rience olfactive intense. Il \u00e9voque les voyages, les grands espaces et une \u00e9l\u00e9gance authentique. Son caract\u00e8re affirm\u00e9 le rend parfait pour les femmes et les hommes qui veulent se d\u00e9marquer avec style.<\/p>\n<p class=\"\" data-start=\"3919\" data-end=\"4130\">Le flacon de <strong data-start=\"3932\" data-end=\"3941\">100ml<\/strong>, moderne et raffin\u00e9, renferme un parfum de haute qualit\u00e9, \u00e9labor\u00e9 avec soin. Id\u00e9al pour les occasions sp\u00e9ciales, mais aussi pour sublimer le quotidien de ceux qui aiment se sentir uniques.<\/p>\n<p class=\"\" data-start=\"4132\" data-end=\"4294\">Avec son excellente tenue et son \u00e9quilibre entre intensit\u00e9 et sophistication, ce parfum est un incontournable pour les amateurs de senteurs orientales et cuir\u00e9es.<\/p>\n<p class=\"\" data-start=\"4296\" data-end=\"4421\"><strong data-start=\"4296\" data-end=\"4321\">NABEEL Desert Leather<\/strong> est le choix parfait pour ceux qui recherchent une fragrance enveloppante, affirm\u00e9e et myst\u00e9rieuse.<\/p>\n<p class=\"\" data-start=\"4423\" data-end=\"4572\">Laissez-vous emporter par la magie du d\u00e9sert.<br data-start=\"4468\" data-end=\"4471\" \/>Choisissez <strong data-start=\"4482\" data-end=\"4532\">NABEEL Desert Leather Eau de Parfum Vapo 100ml<\/strong> \u2013 le parfum qui raconte votre histoire.<\/p>\n<p data-start=\"1468\" data-end=\"1603\">Follow us!\u00a0<a href=\"https:\/\/www.instagram.com\/freeshopswiss\/\" target=\"_blank\" rel=\"noopener\">@freeshopswiss<\/a><\/p>\n","protected":false},"excerpt":{"rendered":"<p><em><strong>Eau de Parfum<\/strong><\/em><\/p>\n","protected":false},"featured_media":24477,"comment_status":"open","ping_status":"closed","template":"","meta":[],"pwb-brand":[721],"product_brand":[],"product_cat":[109,89],"product_tag":[252,296,789,1629,143,97,594],"class_list":{"0":"post-24486","1":"product","2":"type-product","3":"status-publish","4":"has-post-thumbnail","6":"pwb-brand-nabeel","7":"product_cat-pour-elle","8":"product_cat-pour-lui","9":"product_tag-eau-de-parfum-fr","10":"product_tag-femme","11":"product_tag-womens-fragrances-fr","12":"product_tag-mens-fragrances-fr","13":"product_tag-homme","14":"product_tag-parfums","15":"product_tag-unisex-fr-2","17":"first","18":"outofstock","19":"sale","20":"taxable","21":"shipping-taxable","22":"purchasable","23":"product-type-simple"},"brands":[{"id":721,"name":"Nabeel","slug":"nabeel"}],"_links":{"self":[{"href":"https:\/\/www.freeshopfrontiera.ch\/fr\/wp-json\/wp\/v2\/product\/24486","targetHints":{"allow":["GET"]}}],"collection":[{"href":"https:\/\/www.freeshopfrontiera.ch\/fr\/wp-json\/wp\/v2\/product"}],"about":[{"href":"https:\/\/www.freeshopfrontiera.ch\/fr\/wp-json\/wp\/v2\/types\/product"}],"replies":[{"embeddable":true,"href":"https:\/\/www.freeshopfrontiera.ch\/fr\/wp-json\/wp\/v2\/comments?post=24486"}],"version-history":[{"count":4,"href":"https:\/\/www.freeshopfrontiera.ch\/fr\/wp-json\/wp\/v2\/product\/24486\/revisions"}],"predecessor-version":[{"id":31377,"href":"https:\/\/www.freeshopfrontiera.ch\/fr\/wp-json\/wp\/v2\/product\/24486\/revisions\/31377"}],"wp:featuredmedia":[{"embeddable":true,"href":"https:\/\/www.freeshopfrontiera.ch\/fr\/wp-json\/wp\/v2\/media\/24477"}],"wp:attachment":[{"href":"https:\/\/www.freeshopfrontiera.ch\/fr\/wp-json\/wp\/v2\/media?parent=24486"}],"wp:term":[{"taxonomy":"pwb-brand","embeddable":true,"href":"https:\/\/www.freeshopfrontiera.ch\/fr\/wp-json\/wp\/v2\/pwb-brand?post=24486"},{"taxonomy":"product_brand","embeddable":true,"href":"https:\/\/www.freeshopfrontiera.ch\/fr\/wp-json\/wp\/v2\/product_brand?post=24486"},{"taxonomy":"product_cat","embeddable":true,"href":"https:\/\/www.freeshopfrontiera.ch\/fr\/wp-json\/wp\/v2\/product_cat?post=24486"},{"taxonomy":"product_tag","embeddable":true,"href":"https:\/\/www.freeshopfrontiera.ch\/fr\/wp-json\/wp\/v2\/product_tag?post=24486"}],"curies":[{"name":"wp","href":"https:\/\/api.w.org\/{rel}","templated":true}]}}