{"id":24514,"date":"2025-04-10T10:59:51","date_gmt":"2025-04-10T10:59:51","guid":{"rendered":"https:\/\/freeshopswiss.alesca.org\/shop\/guess-man-eau-de-toilette-75ml\/"},"modified":"2025-04-10T13:03:51","modified_gmt":"2025-04-10T13:03:51","slug":"guess-man-eau-de-toilette-75ml","status":"publish","type":"product","link":"https:\/\/www.freeshopfrontiera.ch\/fr\/shop\/guess-man-eau-de-toilette-75ml\/","title":{"rendered":"GUESS Man Eau de Toilette 75ml"},"content":{"rendered":"<p class=\"\" data-start=\"3800\" data-end=\"4137\"><strong data-start=\"3800\" data-end=\"3829\">GUESS Man Eau de Toilette<\/strong> est un parfum qui incarne la confiance, l\u2019\u00e9l\u00e9gance et la masculinit\u00e9 moderne. Con\u00e7u pour l\u2019homme dynamique et charismatique, il allie fra\u00eecheur, \u00e9nergie et profondeur \u00e0 chaque instant de la journ\u00e9e. C\u2019est le choix id\u00e9al pour celui qui veut se d\u00e9marquer avec style et authenticit\u00e9, sans avoir besoin de mots.<\/p>\n<p class=\"\" data-start=\"4139\" data-end=\"4546\">Les notes de t\u00eate s\u2019ouvrent sur un m\u00e9lange vibrant de <strong data-start=\"4193\" data-end=\"4206\">bergamote<\/strong> et <strong data-start=\"4210\" data-end=\"4232\">herbes aromatiques<\/strong>, offrant une sensation imm\u00e9diate de fra\u00eecheur et d\u2019\u00e9nergie. Au c\u0153ur de la fragrance, des touches \u00e9pic\u00e9es de <strong data-start=\"4341\" data-end=\"4352\">muscade<\/strong>, <strong data-start=\"4354\" data-end=\"4370\">poivre blanc<\/strong> et une subtile note de <strong data-start=\"4394\" data-end=\"4405\">lavande<\/strong> apportent un \u00e9quilibre fascinant. Cette combinaison parfaite donne au parfum une complexit\u00e9 et une profondeur qui ne passent pas inaper\u00e7ues.<\/p>\n<p class=\"\" data-start=\"4548\" data-end=\"4788\">Les notes de fond r\u00e9v\u00e8lent des <strong data-start=\"4579\" data-end=\"4594\">bois chauds<\/strong>, de l\u2019<strong data-start=\"4601\" data-end=\"4610\">ambre<\/strong> et du <strong data-start=\"4617\" data-end=\"4625\">cuir<\/strong>, cr\u00e9ant un sillage sensuel et masculin qui dure toute la journ\u00e9e. Un parfum raffin\u00e9 et accessible \u00e0 la fois, id\u00e9al pour \u00eatre port\u00e9 aussi bien le jour que le soir.<\/p>\n<p class=\"\" data-start=\"4790\" data-end=\"5004\">Le flacon de <strong data-start=\"4803\" data-end=\"4811\">75ml<\/strong>, au design \u00e9pur\u00e9 et moderne, refl\u00e8te parfaitement l\u2019\u00e9l\u00e9gance intemporelle de la marque GUESS. Son format est id\u00e9al pour un usage quotidien, tout en \u00e9tant un cadeau parfait pour toute occasion.<\/p>\n<p class=\"\" data-start=\"5006\" data-end=\"5345\"><strong data-start=\"5006\" data-end=\"5035\">GUESS Man Eau de Toilette<\/strong> n\u2019est pas seulement un parfum : c\u2019est une v\u00e9ritable d\u00e9claration. Il s\u2019adresse \u00e0 l\u2019homme passionn\u00e9, confiant et naturellement s\u00e9duisant, qui recherche un parfum \u00e0 la hauteur de son style de vie. Que ce soit pour le travail, une sortie d\u00e9contract\u00e9e ou un \u00e9v\u00e9nement en soir\u00e9e, ce parfum est un compagnon parfait.<\/p>\n<p class=\"\" data-start=\"5347\" data-end=\"5528\">Rendez chaque jour inoubliable avec un parfum qui exprime qui vous \u00eates.<br data-start=\"5419\" data-end=\"5422\" \/>Choisissez <strong data-start=\"5433\" data-end=\"5467\">GUESS Man Eau de Toilette 75ml<\/strong> \u2013 l\u2019\u00e9quilibre parfait entre fra\u00eecheur, force et raffinement.<\/p>\n<p data-start=\"1362\" data-end=\"1522\">Follow us!\u00a0<a href=\"https:\/\/www.instagram.com\/freeshopswiss\/\" target=\"_blank\" rel=\"noopener\">@freeshopswiss<\/a><\/p>\n","protected":false},"excerpt":{"rendered":"<p><em><strong>Eau de Toilette<\/strong><\/em><\/p>\n","protected":false},"featured_media":24506,"comment_status":"open","ping_status":"closed","template":"","meta":[],"pwb-brand":[264],"product_brand":[],"product_cat":[87,89],"product_tag":[141,1629,143,97],"class_list":{"0":"post-24514","1":"product","2":"type-product","3":"status-publish","4":"has-post-thumbnail","6":"pwb-brand-guess","7":"product_cat-parfums","8":"product_cat-pour-lui","9":"product_tag-eau-de-toilette-fr","10":"product_tag-mens-fragrances-fr","11":"product_tag-homme","12":"product_tag-parfums","14":"first","15":"outofstock","16":"sale","17":"taxable","18":"shipping-taxable","19":"purchasable","20":"product-type-simple"},"brands":[{"id":264,"name":"Guess","slug":"guess"}],"_links":{"self":[{"href":"https:\/\/www.freeshopfrontiera.ch\/fr\/wp-json\/wp\/v2\/product\/24514","targetHints":{"allow":["GET"]}}],"collection":[{"href":"https:\/\/www.freeshopfrontiera.ch\/fr\/wp-json\/wp\/v2\/product"}],"about":[{"href":"https:\/\/www.freeshopfrontiera.ch\/fr\/wp-json\/wp\/v2\/types\/product"}],"replies":[{"embeddable":true,"href":"https:\/\/www.freeshopfrontiera.ch\/fr\/wp-json\/wp\/v2\/comments?post=24514"}],"version-history":[{"count":9,"href":"https:\/\/www.freeshopfrontiera.ch\/fr\/wp-json\/wp\/v2\/product\/24514\/revisions"}],"predecessor-version":[{"id":24576,"href":"https:\/\/www.freeshopfrontiera.ch\/fr\/wp-json\/wp\/v2\/product\/24514\/revisions\/24576"}],"wp:featuredmedia":[{"embeddable":true,"href":"https:\/\/www.freeshopfrontiera.ch\/fr\/wp-json\/wp\/v2\/media\/24506"}],"wp:attachment":[{"href":"https:\/\/www.freeshopfrontiera.ch\/fr\/wp-json\/wp\/v2\/media?parent=24514"}],"wp:term":[{"taxonomy":"pwb-brand","embeddable":true,"href":"https:\/\/www.freeshopfrontiera.ch\/fr\/wp-json\/wp\/v2\/pwb-brand?post=24514"},{"taxonomy":"product_brand","embeddable":true,"href":"https:\/\/www.freeshopfrontiera.ch\/fr\/wp-json\/wp\/v2\/product_brand?post=24514"},{"taxonomy":"product_cat","embeddable":true,"href":"https:\/\/www.freeshopfrontiera.ch\/fr\/wp-json\/wp\/v2\/product_cat?post=24514"},{"taxonomy":"product_tag","embeddable":true,"href":"https:\/\/www.freeshopfrontiera.ch\/fr\/wp-json\/wp\/v2\/product_tag?post=24514"}],"curies":[{"name":"wp","href":"https:\/\/api.w.org\/{rel}","templated":true}]}}