{"id":24556,"date":"2025-04-10T12:36:50","date_gmt":"2025-04-10T12:36:50","guid":{"rendered":"https:\/\/freeshopswiss.alesca.org\/shop\/lattafa-fakhar-black-man-100ml\/"},"modified":"2025-04-10T12:54:11","modified_gmt":"2025-04-10T12:54:11","slug":"lattafa-fakhar-black-man-100ml","status":"publish","type":"product","link":"https:\/\/www.freeshopfrontiera.ch\/fr\/shop\/lattafa-fakhar-black-man-100ml\/","title":{"rendered":"LATTAFA Fakhar Black (Man) 100ml"},"content":{"rendered":"<p class=\"\" data-start=\"3244\" data-end=\"3599\"><strong data-start=\"3244\" data-end=\"3268\">LATTAFA Fakhar Black<\/strong> est un parfum audacieux et intense, con\u00e7u pour l&rsquo;homme s\u00fbr de lui qui recherche une fragrance exprimant puissance, \u00e9l\u00e9gance et myst\u00e8re. Chaque vaporisation de cet <strong data-start=\"3432\" data-end=\"3449\">Eau de Parfum<\/strong> vous enveloppe dans un nuage de notes orientales, en faisant le choix id\u00e9al pour l&rsquo;homme qui souhaite se distinguer avec un parfum unique et durable.<\/p>\n<p class=\"\" data-start=\"3601\" data-end=\"4017\">Le parfum s&rsquo;ouvre sur un m\u00e9lange de <strong data-start=\"3637\" data-end=\"3666\">notes fra\u00eeches et \u00e9pic\u00e9es<\/strong>, vous infusant imm\u00e9diatement d&rsquo;\u00e9nergie. Son intensit\u00e9 se d\u00e9veloppe avec un c\u0153ur riche et enveloppant, o\u00f9 l\u2019<strong data-start=\"3774\" data-end=\"3783\">ambre<\/strong> et les <strong data-start=\"3791\" data-end=\"3809\">\u00e9pices chaudes<\/strong> s\u2019entrelacent, cr\u00e9ant un \u00e9quilibre parfait entre fra\u00eecheur et profondeur. La base, avec son m\u00e9lange de <strong data-start=\"3913\" data-end=\"3930\">bois pr\u00e9cieux<\/strong> et de <strong data-start=\"3937\" data-end=\"3945\">musc<\/strong>, laisse une tra\u00een\u00e9e captivante et durable qui persiste au fil du temps.<\/p>\n<p class=\"\" data-start=\"4019\" data-end=\"4305\">Le flacon de <strong data-start=\"4032\" data-end=\"4041\">100ml<\/strong>, avec son design \u00e9l\u00e9gant et distinctif, repr\u00e9sente la force et la classe d&rsquo;un homme d\u00e9termin\u00e9 et raffin\u00e9. Ce parfum est parfait pour toutes les occasions, aussi bien de jour que de nuit, id\u00e9al pour ceux qui recherchent une fragrance qui dure et se fait remarquer.<\/p>\n<p class=\"\" data-start=\"4307\" data-end=\"4515\"><strong data-start=\"4307\" data-end=\"4331\">LATTAFA Fakhar Black<\/strong> est un parfum polyvalent, parfait pour l\u2019homme qui cherche un parfum qui parle de lui sans mots. Une fragrance qui allie puissance et finesse, pour un homme qui ne passe pas inaper\u00e7u.<\/p>\n<p class=\"\" data-start=\"4517\" data-end=\"4706\">Rendez chaque moment inoubliable avec un parfum qui incarne votre style et votre force.<br data-start=\"4604\" data-end=\"4607\" \/>Choisissez <strong data-start=\"4618\" data-end=\"4668\">LATTAFA Fakhar Black (Man) Eau de Parfum 100ml<\/strong> \u2013 le parfum qui laisse une empreinte.<\/p>\n<p data-start=\"1420\" data-end=\"1599\">Follow us!\u00a0<a href=\"https:\/\/www.instagram.com\/freeshopswiss\/\" target=\"_blank\" rel=\"noopener\">@freeshopswiss<\/a><\/p>\n","protected":false},"excerpt":{"rendered":"<p><em><strong>Eau de Parfum<\/strong><\/em><\/p>\n","protected":false},"featured_media":24543,"comment_status":"open","ping_status":"closed","template":"","meta":[],"pwb-brand":[772],"product_brand":[],"product_cat":[87,89],"product_tag":[252,1629,143,97],"class_list":{"0":"post-24556","1":"product","2":"type-product","3":"status-publish","4":"has-post-thumbnail","6":"pwb-brand-lattafa","7":"product_cat-parfums","8":"product_cat-pour-lui","9":"product_tag-eau-de-parfum-fr","10":"product_tag-mens-fragrances-fr","11":"product_tag-homme","12":"product_tag-parfums","14":"first","15":"instock","16":"sale","17":"taxable","18":"shipping-taxable","19":"purchasable","20":"product-type-simple"},"brands":[{"id":772,"name":"Lattafa","slug":"lattafa"}],"_links":{"self":[{"href":"https:\/\/www.freeshopfrontiera.ch\/fr\/wp-json\/wp\/v2\/product\/24556","targetHints":{"allow":["GET"]}}],"collection":[{"href":"https:\/\/www.freeshopfrontiera.ch\/fr\/wp-json\/wp\/v2\/product"}],"about":[{"href":"https:\/\/www.freeshopfrontiera.ch\/fr\/wp-json\/wp\/v2\/types\/product"}],"replies":[{"embeddable":true,"href":"https:\/\/www.freeshopfrontiera.ch\/fr\/wp-json\/wp\/v2\/comments?post=24556"}],"version-history":[{"count":4,"href":"https:\/\/www.freeshopfrontiera.ch\/fr\/wp-json\/wp\/v2\/product\/24556\/revisions"}],"predecessor-version":[{"id":24569,"href":"https:\/\/www.freeshopfrontiera.ch\/fr\/wp-json\/wp\/v2\/product\/24556\/revisions\/24569"}],"wp:featuredmedia":[{"embeddable":true,"href":"https:\/\/www.freeshopfrontiera.ch\/fr\/wp-json\/wp\/v2\/media\/24543"}],"wp:attachment":[{"href":"https:\/\/www.freeshopfrontiera.ch\/fr\/wp-json\/wp\/v2\/media?parent=24556"}],"wp:term":[{"taxonomy":"pwb-brand","embeddable":true,"href":"https:\/\/www.freeshopfrontiera.ch\/fr\/wp-json\/wp\/v2\/pwb-brand?post=24556"},{"taxonomy":"product_brand","embeddable":true,"href":"https:\/\/www.freeshopfrontiera.ch\/fr\/wp-json\/wp\/v2\/product_brand?post=24556"},{"taxonomy":"product_cat","embeddable":true,"href":"https:\/\/www.freeshopfrontiera.ch\/fr\/wp-json\/wp\/v2\/product_cat?post=24556"},{"taxonomy":"product_tag","embeddable":true,"href":"https:\/\/www.freeshopfrontiera.ch\/fr\/wp-json\/wp\/v2\/product_tag?post=24556"}],"curies":[{"name":"wp","href":"https:\/\/api.w.org\/{rel}","templated":true}]}}