{"id":24623,"date":"2025-04-10T13:50:04","date_gmt":"2025-04-10T13:50:04","guid":{"rendered":"https:\/\/freeshopswiss.alesca.org\/shop\/babor-ampoules-3d-firming-7x2ml\/"},"modified":"2025-04-10T13:56:24","modified_gmt":"2025-04-10T13:56:24","slug":"babor-ampoules-3d-firming-7x2ml","status":"publish","type":"product","link":"https:\/\/www.freeshopfrontiera.ch\/fr\/shop\/babor-ampoules-3d-firming-7x2ml\/","title":{"rendered":"BABOR Ampoules 3D Firming 7x2ml"},"content":{"rendered":"<p class=\"\" data-start=\"4244\" data-end=\"4624\">Les <strong data-start=\"4248\" data-end=\"4277\">BABOR Ampoules 3D Firming<\/strong> sont un soin intensif con\u00e7u pour ceux qui recherchent un effet liftant et raffermissant imm\u00e9diat. Ces ampoules contiennent une formule concentr\u00e9e d&rsquo;<strong data-start=\"4426\" data-end=\"4458\">ingr\u00e9dients actifs puissants<\/strong>, formul\u00e9e pour lutter contre les signes du vieillissement, tonifier et am\u00e9liorer l&rsquo;\u00e9lasticit\u00e9 de la peau, offrant des r\u00e9sultats visibles d\u00e8s la premi\u00e8re application.<\/p>\n<p class=\"\" data-start=\"4626\" data-end=\"5016\">Chaque ampoule combine une <strong data-start=\"4653\" data-end=\"4679\">technologie 3D avanc\u00e9e<\/strong>, agissant sur les trois niveaux principaux de la peau : de la surface aux couches plus profondes, stimulant la production de <strong data-start=\"4805\" data-end=\"4818\">collag\u00e8ne<\/strong> et favorisant une <strong data-start=\"4837\" data-end=\"4872\">hydratation profonde et durable<\/strong>. Ce traitement offre un effet liftant qui red\u00e9finit les contours du visage, rendant la peau plus ferme, plus tonique et visiblement plus jeune.<\/p>\n<p class=\"\" data-start=\"5018\" data-end=\"5476\">Les <strong data-start=\"5022\" data-end=\"5051\">BABOR Ampoules 3D Firming<\/strong> sont faciles \u00e0 appliquer gr\u00e2ce \u00e0 leur formule liquide qui p\u00e9n\u00e8tre rapidement sans laisser de r\u00e9sidus. La peau appara\u00eet imm\u00e9diatement plus lisse, plus raffermie et \u00e9clatante, avec une r\u00e9duction visible des rides et ridules. Id\u00e9ales pour un soin intensif avant un \u00e9v\u00e9nement sp\u00e9cial ou comme partie de votre routine de soins hebdomadaire, ces ampoules redonnent \u00e0 votre visage une \u00e9nergie nouvelle et un aspect sain et vibrant.<\/p>\n<p class=\"\" data-start=\"5478\" data-end=\"5797\">Le format de <strong data-start=\"5491\" data-end=\"5500\">7x2ml<\/strong> est id\u00e9al pour ceux qui recherchent un soin intensif et cibl\u00e9, tout en \u00e9tant une alternative parfaite aux traitements professionnels. Ces ampoules conviennent \u00e0 tous les types de peau et peuvent \u00eatre facilement int\u00e9gr\u00e9es \u00e0 votre routine beaut\u00e9 quotidienne pour des r\u00e9sultats visibles et durables.<\/p>\n<p class=\"\" data-start=\"5799\" data-end=\"6016\"><strong data-start=\"5799\" data-end=\"5834\">BABOR Ampoules 3D Firming 7x2ml<\/strong> est la solution id\u00e9ale pour ceux qui souhaitent une peau plus ferme, plus tonique et d\u2019apparence plus jeune. D\u00e9couvrez l\u2019efficacit\u00e9 des soins professionnels directement \u00e0 la maison.<\/p>\n<p class=\"\" data-start=\"6018\" data-end=\"6234\">Red\u00e9couvrez le plaisir d&rsquo;une peau plus lisse, plus \u00e9lastique et plus \u00e9clatante avec les <strong data-start=\"6106\" data-end=\"6124\">BABOR Ampoules<\/strong>.<br data-start=\"6125\" data-end=\"6128\" \/>Choisissez <strong data-start=\"6139\" data-end=\"6174\">BABOR Ampoules 3D Firming 7x2ml<\/strong> \u2013 le soin raffermissant et liftant que votre visage m\u00e9rite.<\/p>\n<p data-start=\"2051\" data-end=\"2242\">Follow us!\u00a0<a href=\"https:\/\/www.instagram.com\/freeshopswiss\/\" target=\"_blank\" rel=\"noopener\">@freeshopswiss<\/a><\/p>\n","protected":false},"excerpt":{"rendered":"<p>Les BABOR Ampoules 3D Firming sont un soin intensif con\u00e7u pour ceux qui recherchent un effet liftant et raffermissant imm\u00e9diat. Ces ampoules contiennent une formule concentr\u00e9e d&rsquo;ingr\u00e9dients actifs puissants, formul\u00e9e pour lutter contre les signes du vieillissement, tonifier et am\u00e9liorer l&rsquo;\u00e9lasticit\u00e9 de la peau, offrant des r\u00e9sultats visibles d\u00e8s la premi\u00e8re application. Chaque ampoule combine [&hellip;]<\/p>\n","protected":false},"featured_media":26982,"comment_status":"open","ping_status":"closed","template":"","meta":[],"pwb-brand":[808],"product_brand":[],"product_cat":[295,545],"product_tag":[481,296,417,301],"class_list":{"0":"post-24623","1":"product","2":"type-product","3":"status-publish","4":"has-post-thumbnail","6":"pwb-brand-babor","7":"product_cat-traitements","8":"product_cat-soin-du-visage","9":"product_tag-anti-rides-fr","10":"product_tag-femme","11":"product_tag-soins-fr","12":"product_tag-soins-du-visage","14":"first","15":"instock","16":"sale","17":"taxable","18":"shipping-taxable","19":"purchasable","20":"product-type-simple"},"brands":[{"id":808,"name":"Babor","slug":"babor"}],"_links":{"self":[{"href":"https:\/\/www.freeshopfrontiera.ch\/fr\/wp-json\/wp\/v2\/product\/24623","targetHints":{"allow":["GET"]}}],"collection":[{"href":"https:\/\/www.freeshopfrontiera.ch\/fr\/wp-json\/wp\/v2\/product"}],"about":[{"href":"https:\/\/www.freeshopfrontiera.ch\/fr\/wp-json\/wp\/v2\/types\/product"}],"replies":[{"embeddable":true,"href":"https:\/\/www.freeshopfrontiera.ch\/fr\/wp-json\/wp\/v2\/comments?post=24623"}],"version-history":[{"count":3,"href":"https:\/\/www.freeshopfrontiera.ch\/fr\/wp-json\/wp\/v2\/product\/24623\/revisions"}],"predecessor-version":[{"id":24639,"href":"https:\/\/www.freeshopfrontiera.ch\/fr\/wp-json\/wp\/v2\/product\/24623\/revisions\/24639"}],"wp:featuredmedia":[{"embeddable":true,"href":"https:\/\/www.freeshopfrontiera.ch\/fr\/wp-json\/wp\/v2\/media\/26982"}],"wp:attachment":[{"href":"https:\/\/www.freeshopfrontiera.ch\/fr\/wp-json\/wp\/v2\/media?parent=24623"}],"wp:term":[{"taxonomy":"pwb-brand","embeddable":true,"href":"https:\/\/www.freeshopfrontiera.ch\/fr\/wp-json\/wp\/v2\/pwb-brand?post=24623"},{"taxonomy":"product_brand","embeddable":true,"href":"https:\/\/www.freeshopfrontiera.ch\/fr\/wp-json\/wp\/v2\/product_brand?post=24623"},{"taxonomy":"product_cat","embeddable":true,"href":"https:\/\/www.freeshopfrontiera.ch\/fr\/wp-json\/wp\/v2\/product_cat?post=24623"},{"taxonomy":"product_tag","embeddable":true,"href":"https:\/\/www.freeshopfrontiera.ch\/fr\/wp-json\/wp\/v2\/product_tag?post=24623"}],"curies":[{"name":"wp","href":"https:\/\/api.w.org\/{rel}","templated":true}]}}