{"id":24845,"date":"2025-04-11T08:39:04","date_gmt":"2025-04-11T08:39:04","guid":{"rendered":"https:\/\/freeshopswiss.alesca.org\/shop\/mont-blanc-vetiver-glacier-frozen-santal-125ml\/"},"modified":"2025-04-11T08:47:28","modified_gmt":"2025-04-11T08:47:28","slug":"mont-blanc-vetiver-glacier-frozen-santal-125ml","status":"publish","type":"product","link":"https:\/\/www.freeshopfrontiera.ch\/fr\/shop\/mont-blanc-vetiver-glacier-frozen-santal-125ml\/","title":{"rendered":"MONT BLANC Vetiver Glacier Frozen Santal 125ml"},"content":{"rendered":"<p class=\"\" data-start=\"223\" data-end=\"1901\"><strong data-start=\"1828\" data-end=\"1878\">MONT BLANC Vetiver Glacier Frozen Santal 125ml<\/strong> est une fragrance \u00e9l\u00e9gante et moderne qui capture la puissance de la nature dans un \u00e9lan de fra\u00eecheur et d\u2019intensit\u00e9. Ce parfum masculin rend hommage \u00e0 la puret\u00e9 des montagnes \u00e9lev\u00e9es, o\u00f9 l\u2019air est cristallin et les paysages \u00e0 couper le souffle se fondent dans le silence de la neige.<\/p>\n<p class=\"\" data-start=\"223\" data-end=\"1901\">Au c\u0153ur de la composition, on retrouve le v\u00e9tiver, raffin\u00e9 et terreux, associ\u00e9 \u00e0 une note glac\u00e9e surprenante qui \u00e9voque la sensation d\u2019un glacier. L\u2019ouverture est lumineuse, avec des accents p\u00e9tillants qui apportent une \u00e9nergie imm\u00e9diate, tandis que le fond est chaleureux et enveloppant gr\u00e2ce \u00e0 la pr\u00e9sence du bois de santal gel\u00e9, une note in\u00e9dite qui m\u00eale fra\u00eecheur et sensualit\u00e9. Son \u00e9volution est \u00e9quilibr\u00e9e, intense sans \u00eatre envahissante, parfaite pour l\u2019homme qui recherche un parfum distinctif mais subtil, capable de laisser une trace sans \u00eatre trop fort.<\/p>\n<p class=\"\" data-start=\"223\" data-end=\"1901\">Le flacon, au style \u00e9pur\u00e9 et \u00e9l\u00e9gant, \u00e9voque l\u2019esth\u00e9tique des cimes enneig\u00e9es avec des lignes simples et des tons glac\u00e9s. Montblanc, synonyme de classe et d\u2019excellence, signe cette fragrance avec un \u00e9quilibre parfait entre sophistication et modernit\u00e9. Id\u00e9al en toute saison, mais particuli\u00e8rement \u00e9vocateur pendant les mois plus froids, Vetiver Glacier Frozen Santal est un excellent choix pour ceux qui recherchent une senteur fra\u00eeche, sophistiqu\u00e9e et originale. Une essence pens\u00e9e pour ceux qui aiment la nature, la libert\u00e9 et l\u2019authenticit\u00e9, captur\u00e9e dans un parfum au caract\u00e8re distinctif et harmonieux. Parfait pour un usage quotidien mais aussi pour des occasions sp\u00e9ciales, il incarne une d\u00e9claration de style sobre et contemporain. Avec MONT BLANC Vetiver Glacier, laissez-vous transporter dans un voyage olfactif qui allie \u00e9l\u00e9gance, force et fra\u00eecheur dans chaque note.<\/p>\n<p data-start=\"223\" data-end=\"1901\">Follow us! \u00a0<a href=\"https:\/\/www.instagram.com\/freeshopswiss\/\" target=\"_blank\" rel=\"noopener\">@freeshopswiss<\/a><\/p>\n","protected":false},"excerpt":{"rendered":"<p><em><strong>Eau de Parfum<\/strong><\/em><\/p>\n","protected":false},"featured_media":24836,"comment_status":"open","ping_status":"closed","template":"","meta":[],"pwb-brand":[283],"product_brand":[],"product_cat":[87,89],"product_tag":[252,1629,143,97],"class_list":{"0":"post-24845","1":"product","2":"type-product","3":"status-publish","4":"has-post-thumbnail","6":"pwb-brand-mont-blanc","7":"product_cat-parfums","8":"product_cat-pour-lui","9":"product_tag-eau-de-parfum-fr","10":"product_tag-mens-fragrances-fr","11":"product_tag-homme","12":"product_tag-parfums","14":"first","15":"instock","16":"sale","17":"taxable","18":"shipping-taxable","19":"purchasable","20":"product-type-simple"},"brands":[{"id":283,"name":"Mont Blanc","slug":"mont-blanc"}],"_links":{"self":[{"href":"https:\/\/www.freeshopfrontiera.ch\/fr\/wp-json\/wp\/v2\/product\/24845","targetHints":{"allow":["GET"]}}],"collection":[{"href":"https:\/\/www.freeshopfrontiera.ch\/fr\/wp-json\/wp\/v2\/product"}],"about":[{"href":"https:\/\/www.freeshopfrontiera.ch\/fr\/wp-json\/wp\/v2\/types\/product"}],"replies":[{"embeddable":true,"href":"https:\/\/www.freeshopfrontiera.ch\/fr\/wp-json\/wp\/v2\/comments?post=24845"}],"version-history":[{"count":1,"href":"https:\/\/www.freeshopfrontiera.ch\/fr\/wp-json\/wp\/v2\/product\/24845\/revisions"}],"predecessor-version":[{"id":24850,"href":"https:\/\/www.freeshopfrontiera.ch\/fr\/wp-json\/wp\/v2\/product\/24845\/revisions\/24850"}],"wp:featuredmedia":[{"embeddable":true,"href":"https:\/\/www.freeshopfrontiera.ch\/fr\/wp-json\/wp\/v2\/media\/24836"}],"wp:attachment":[{"href":"https:\/\/www.freeshopfrontiera.ch\/fr\/wp-json\/wp\/v2\/media?parent=24845"}],"wp:term":[{"taxonomy":"pwb-brand","embeddable":true,"href":"https:\/\/www.freeshopfrontiera.ch\/fr\/wp-json\/wp\/v2\/pwb-brand?post=24845"},{"taxonomy":"product_brand","embeddable":true,"href":"https:\/\/www.freeshopfrontiera.ch\/fr\/wp-json\/wp\/v2\/product_brand?post=24845"},{"taxonomy":"product_cat","embeddable":true,"href":"https:\/\/www.freeshopfrontiera.ch\/fr\/wp-json\/wp\/v2\/product_cat?post=24845"},{"taxonomy":"product_tag","embeddable":true,"href":"https:\/\/www.freeshopfrontiera.ch\/fr\/wp-json\/wp\/v2\/product_tag?post=24845"}],"curies":[{"name":"wp","href":"https:\/\/api.w.org\/{rel}","templated":true}]}}