{"id":24871,"date":"2025-04-11T09:11:43","date_gmt":"2025-04-11T09:11:43","guid":{"rendered":"https:\/\/freeshopswiss.alesca.org\/shop\/prada-luna-rossa-ocean-le-parfum\/"},"modified":"2025-04-11T09:38:12","modified_gmt":"2025-04-11T09:38:12","slug":"prada-luna-rossa-ocean-le-parfum","status":"publish","type":"product","link":"https:\/\/www.freeshopfrontiera.ch\/fr\/shop\/prada-luna-rossa-ocean-le-parfum\/","title":{"rendered":"PRADA Luna Rossa Ocean Le Parfum"},"content":{"rendered":"<p class=\"\" data-start=\"1373\" data-end=\"2054\"><strong data-start=\"1373\" data-end=\"1409\">PRADA Luna Rossa Ocean Le Parfum<\/strong> est une fragrance masculine moderne et \u00e9l\u00e9gante, con\u00e7ue pour l\u2019homme qui recherche l\u2019aventure et la libert\u00e9 sans renoncer \u00e0 la raffinement. Inspir\u00e9e par l\u2019immensit\u00e9 des oc\u00e9ans et la puissance de la nature, cette essence allie fra\u00eecheur, \u00e9nergie et sensualit\u00e9 enveloppante. La composition olfactive s\u2019ouvre sur des notes fra\u00eeches et aromatiques d\u2019agrumes et de lavande, offrant imm\u00e9diatement une sensation de fra\u00eecheur et de vitalit\u00e9. Le c\u0153ur de la fragrance r\u00e9v\u00e8le un contraste intrigant d\u2019accords marins et \u00e9pic\u00e9s, tandis que la base se d\u00e9veloppe en une essence chaude et sensuelle gr\u00e2ce au musc, \u00e0 la vanille et \u00e0 une touche de bois de c\u00e8dre.<\/p>\n<p class=\"\" data-start=\"2056\" data-end=\"2769\">PRADA Luna Rossa Ocean Le Parfum est l\u2019\u00e9quilibre parfait entre l\u2019\u00e9l\u00e9gance contemporaine et la puissance de la nature, id\u00e9al pour un homme dynamique qui aime vivre chaque instant avec passion. Le flacon \u00e9l\u00e9gant et moderne, avec son design en verre bleu et son logo grav\u00e9, \u00e9voque l\u2019infini de la profondeur de l\u2019oc\u00e9an et sa majest\u00e9. Cette fragrance, qui transmet force et s\u00e9r\u00e9nit\u00e9, est parfaite pour l\u2019homme qui recherche un parfum distinctif et raffin\u00e9, id\u00e9al pour une utilisation quotidienne ou des occasions sp\u00e9ciales. Avec PRADA Luna Rossa Ocean Le Parfum, chaque moment devient une exp\u00e9rience sensorielle unique, o\u00f9 la fra\u00eecheur, l\u2019intensit\u00e9 et la douceur se fondent dans une seule et m\u00eame tra\u00een\u00e9e enveloppante.<\/p>\n<p data-start=\"779\" data-end=\"1451\">Follow us! \u00a0<a href=\"https:\/\/www.instagram.com\/freeshopswiss\/\" target=\"_blank\" rel=\"noopener\">@freeshopswiss<\/a><\/p>\n","protected":false},"excerpt":{"rendered":"<p><em><strong>Eau de Parfum<\/strong><\/em><\/p>\n","protected":false},"featured_media":24855,"comment_status":"open","ping_status":"closed","template":"","meta":[],"pwb-brand":[285],"product_brand":[],"product_cat":[87,89],"product_tag":[252,1629,143,97],"class_list":{"0":"post-24871","1":"product","2":"type-product","3":"status-publish","4":"has-post-thumbnail","6":"pwb-brand-prada","7":"product_cat-parfums","8":"product_cat-pour-lui","9":"product_tag-eau-de-parfum-fr","10":"product_tag-mens-fragrances-fr","11":"product_tag-homme","12":"product_tag-parfums","14":"first","15":"instock","16":"sale","17":"taxable","18":"shipping-taxable","19":"purchasable","20":"product-type-variable"},"brands":[{"id":285,"name":"Prada","slug":"prada"}],"_links":{"self":[{"href":"https:\/\/www.freeshopfrontiera.ch\/fr\/wp-json\/wp\/v2\/product\/24871","targetHints":{"allow":["GET"]}}],"collection":[{"href":"https:\/\/www.freeshopfrontiera.ch\/fr\/wp-json\/wp\/v2\/product"}],"about":[{"href":"https:\/\/www.freeshopfrontiera.ch\/fr\/wp-json\/wp\/v2\/types\/product"}],"replies":[{"embeddable":true,"href":"https:\/\/www.freeshopfrontiera.ch\/fr\/wp-json\/wp\/v2\/comments?post=24871"}],"version-history":[{"count":5,"href":"https:\/\/www.freeshopfrontiera.ch\/fr\/wp-json\/wp\/v2\/product\/24871\/revisions"}],"predecessor-version":[{"id":24887,"href":"https:\/\/www.freeshopfrontiera.ch\/fr\/wp-json\/wp\/v2\/product\/24871\/revisions\/24887"}],"wp:featuredmedia":[{"embeddable":true,"href":"https:\/\/www.freeshopfrontiera.ch\/fr\/wp-json\/wp\/v2\/media\/24855"}],"wp:attachment":[{"href":"https:\/\/www.freeshopfrontiera.ch\/fr\/wp-json\/wp\/v2\/media?parent=24871"}],"wp:term":[{"taxonomy":"pwb-brand","embeddable":true,"href":"https:\/\/www.freeshopfrontiera.ch\/fr\/wp-json\/wp\/v2\/pwb-brand?post=24871"},{"taxonomy":"product_brand","embeddable":true,"href":"https:\/\/www.freeshopfrontiera.ch\/fr\/wp-json\/wp\/v2\/product_brand?post=24871"},{"taxonomy":"product_cat","embeddable":true,"href":"https:\/\/www.freeshopfrontiera.ch\/fr\/wp-json\/wp\/v2\/product_cat?post=24871"},{"taxonomy":"product_tag","embeddable":true,"href":"https:\/\/www.freeshopfrontiera.ch\/fr\/wp-json\/wp\/v2\/product_tag?post=24871"}],"curies":[{"name":"wp","href":"https:\/\/api.w.org\/{rel}","templated":true}]}}