{"id":25151,"date":"2025-04-11T14:23:28","date_gmt":"2025-04-11T14:23:28","guid":{"rendered":"https:\/\/freeshopswiss.alesca.org\/shop\/clarins-men-anti-rides-baume-yeux-20ml\/"},"modified":"2025-04-11T14:28:42","modified_gmt":"2025-04-11T14:28:42","slug":"clarins-men-anti-rides-baume-yeux-20ml","status":"publish","type":"product","link":"https:\/\/www.freeshopfrontiera.ch\/fr\/shop\/clarins-men-anti-rides-baume-yeux-20ml\/","title":{"rendered":"CLARINS Men Anti-Rides Baume Yeux 20ml"},"content":{"rendered":"<p class=\"\" data-start=\"1796\" data-end=\"2253\"><strong data-start=\"1796\" data-end=\"1833\">CLARINS Men Anti-Rides Baume Yeux<\/strong> est un soin cibl\u00e9 con\u00e7u pour lutter contre les signes du vieillissement au niveau du contour des yeux, sp\u00e9cialement formul\u00e9 pour la peau masculine. Cette zone, fine et fragile, est souvent la premi\u00e8re \u00e0 trahir les effets de la fatigue, du stress et de l&rsquo;\u00e2ge. Ce baume, d\u00e9velopp\u00e9 par les laboratoires Clarins, associe efficacit\u00e9 anti-\u00e2ge et texture l\u00e9g\u00e8re, fra\u00eeche et non grasse, id\u00e9ale pour une utilisation quotidienne.<\/p>\n<p class=\"\" data-start=\"2255\" data-end=\"2659\">Sa texture gel-baume s&rsquo;applique facilement et p\u00e9n\u00e8tre rapidement, procurant un confort imm\u00e9diat et une sensation de fra\u00eecheur. Son action anti-rides repose sur un complexe d\u2019extraits v\u00e9g\u00e9taux performants, dont la <strong data-start=\"2468\" data-end=\"2481\">Paracress<\/strong>, qui aide \u00e0 lisser la peau et \u00e0 att\u00e9nuer visiblement les rides et ridules. L&rsquo;<strong data-start=\"2559\" data-end=\"2581\">extrait de Gymnema<\/strong> renforce la structure de la peau et am\u00e9liore la tonicit\u00e9 du contour de l\u2019\u0153il.<\/p>\n<p class=\"\" data-start=\"2661\" data-end=\"2962\">En plus de son effet lissant, le <strong data-start=\"2694\" data-end=\"2719\">Baume Yeux Anti-Rides<\/strong> agit \u00e9galement contre les poches et les cernes, deux pr\u00e9occupations fr\u00e9quentes chez les hommes. D\u00e8s l&rsquo;application, le regard semble plus repos\u00e9, frais et rajeuni. Jour apr\u00e8s jour, le contour des yeux devient plus lisse, tonique et revitalis\u00e9.<\/p>\n<p class=\"\" data-start=\"2964\" data-end=\"3223\">Convient \u00e0 tous les types de peau, m\u00eame les plus sensibles, ce soin s\u2019int\u00e8gre facilement dans une routine de soin masculine simple et efficace. Il ne pique pas, ne laisse aucun r\u00e9sidu et est parfaitement adapt\u00e9 aux porteurs de lentilles et aux yeux sensibles.<\/p>\n<p class=\"\" data-start=\"3225\" data-end=\"3493\">Avec <strong data-start=\"3230\" data-end=\"3267\">CLARINS Men Anti-Rides Baume Yeux<\/strong>, prendre soin de son regard devient un geste essentiel pour pr\u00e9server une apparence jeune, dynamique et pleine d\u2019assurance. Un alli\u00e9 indispensable pour l\u2019homme moderne qui veut afficher un regard frais et repos\u00e9, chaque jour.<\/p>\n<p data-start=\"1635\" data-end=\"1924\">Follow us! \u00a0<a href=\"https:\/\/www.instagram.com\/freeshopswiss\/\" target=\"_blank\" rel=\"noopener\">@freeshopswiss<\/a><\/p>\n","protected":false},"excerpt":{"rendered":"<p>CLARINS Men Anti-Rides Baume Yeux est un soin cibl\u00e9 con\u00e7u pour lutter contre les signes du vieillissement au niveau du contour des yeux, sp\u00e9cialement formul\u00e9 pour la peau masculine. Cette zone, fine et fragile, est souvent la premi\u00e8re \u00e0 trahir les effets de la fatigue, du stress et de l&rsquo;\u00e2ge. Ce baume, d\u00e9velopp\u00e9 par les [&hellip;]<\/p>\n","protected":false},"featured_media":27192,"comment_status":"open","ping_status":"closed","template":"","meta":[],"pwb-brand":[311],"product_brand":[],"product_cat":[89,295,548],"product_tag":[143,417,479],"class_list":{"0":"post-25151","1":"product","2":"type-product","3":"status-publish","4":"has-post-thumbnail","6":"pwb-brand-clarins","7":"product_cat-pour-lui","8":"product_cat-traitements","9":"product_cat-soin-contour","10":"product_tag-homme","11":"product_tag-soins-fr","12":"product_tag-soins-des-yeux","14":"first","15":"outofstock","16":"sale","17":"taxable","18":"shipping-taxable","19":"purchasable","20":"product-type-simple"},"brands":[{"id":311,"name":"Clarins","slug":"clarins"}],"_links":{"self":[{"href":"https:\/\/www.freeshopfrontiera.ch\/fr\/wp-json\/wp\/v2\/product\/25151","targetHints":{"allow":["GET"]}}],"collection":[{"href":"https:\/\/www.freeshopfrontiera.ch\/fr\/wp-json\/wp\/v2\/product"}],"about":[{"href":"https:\/\/www.freeshopfrontiera.ch\/fr\/wp-json\/wp\/v2\/types\/product"}],"replies":[{"embeddable":true,"href":"https:\/\/www.freeshopfrontiera.ch\/fr\/wp-json\/wp\/v2\/comments?post=25151"}],"version-history":[{"count":1,"href":"https:\/\/www.freeshopfrontiera.ch\/fr\/wp-json\/wp\/v2\/product\/25151\/revisions"}],"predecessor-version":[{"id":25154,"href":"https:\/\/www.freeshopfrontiera.ch\/fr\/wp-json\/wp\/v2\/product\/25151\/revisions\/25154"}],"wp:featuredmedia":[{"embeddable":true,"href":"https:\/\/www.freeshopfrontiera.ch\/fr\/wp-json\/wp\/v2\/media\/27192"}],"wp:attachment":[{"href":"https:\/\/www.freeshopfrontiera.ch\/fr\/wp-json\/wp\/v2\/media?parent=25151"}],"wp:term":[{"taxonomy":"pwb-brand","embeddable":true,"href":"https:\/\/www.freeshopfrontiera.ch\/fr\/wp-json\/wp\/v2\/pwb-brand?post=25151"},{"taxonomy":"product_brand","embeddable":true,"href":"https:\/\/www.freeshopfrontiera.ch\/fr\/wp-json\/wp\/v2\/product_brand?post=25151"},{"taxonomy":"product_cat","embeddable":true,"href":"https:\/\/www.freeshopfrontiera.ch\/fr\/wp-json\/wp\/v2\/product_cat?post=25151"},{"taxonomy":"product_tag","embeddable":true,"href":"https:\/\/www.freeshopfrontiera.ch\/fr\/wp-json\/wp\/v2\/product_tag?post=25151"}],"curies":[{"name":"wp","href":"https:\/\/api.w.org\/{rel}","templated":true}]}}