{"id":25364,"date":"2025-04-14T10:53:09","date_gmt":"2025-04-14T10:53:09","guid":{"rendered":"https:\/\/freeshopswiss.alesca.org\/shop\/pupa-im-loveproof-matt-liquid-lip-colour-2-7ml\/"},"modified":"2025-04-14T11:11:18","modified_gmt":"2025-04-14T11:11:18","slug":"pupa-im-loveproof-matt-liquid-lip-colour-2-7ml","status":"publish","type":"product","link":"https:\/\/www.freeshopfrontiera.ch\/fr\/shop\/pupa-im-loveproof-matt-liquid-lip-colour-2-7ml\/","title":{"rendered":"PUPA I&rsquo;m Loveproof Matt Liquid Lip Colour 2.7ml"},"content":{"rendered":"<p class=\"\" data-start=\"2967\" data-end=\"3262\"><strong data-start=\"2967\" data-end=\"3019\">PUPA I\u2019m Loveproof Matt Liquid Lip Colour 2,7 ml<\/strong> est le rouge \u00e0 l\u00e8vres liquide mat qui allie couleur intense, tenue longue dur\u00e9e et confort absolu. Con\u00e7u pour celles qui veulent des l\u00e8vres parfaitement dessin\u00e9es et qui durent, c\u2019est le choix id\u00e9al pour un look sophistiqu\u00e9 et sans compromis.<\/p>\n<p class=\"\" data-start=\"3264\" data-end=\"3525\">Sa texture fluide et l\u00e9g\u00e8re s\u2019applique facilement, adh\u00e8re parfaitement aux l\u00e8vres et s\u00e8che rapidement pour un fini mat velout\u00e9 qui ne dess\u00e8che pas. La couleur est intense d\u00e8s le premier passage et reste impeccable pendant des heures, sans bavures ni transferts.<\/p>\n<p class=\"\" data-start=\"3527\" data-end=\"3769\">Sa formule est enrichie en ingr\u00e9dients \u00e9mollients qui maintiennent les l\u00e8vres douces et hydrat\u00e9es, assurant un confort durable. Son applicateur doux et pr\u00e9cis permet une pose facile et uniforme, en \u00e9pousant parfaitement le contour des l\u00e8vres.<\/p>\n<p class=\"\" data-start=\"3771\" data-end=\"4011\">Disponible dans une large gamme de teintes tendance et \u00e9l\u00e9gantes, des nudes naturels aux rouges profonds en passant par des nuances plus audacieuses. Quel que soit votre style, vous trouverez la couleur parfaite pour sublimer votre sourire.<\/p>\n<p class=\"\" data-start=\"4013\" data-end=\"4210\"><strong data-start=\"4013\" data-end=\"4035\">PUPA I\u2019m Loveproof<\/strong> est id\u00e9al en toute occasion : rendez-vous amoureux, journ\u00e9e de travail ou soir\u00e9e sp\u00e9ciale. R\u00e9siste aux baisers, \u00e0 la nourriture, aux boissons&#8230; et aux impr\u00e9vus du quotidien.<\/p>\n<p class=\"\" data-start=\"4212\" data-end=\"4273\">Test\u00e9 dermatologiquement. Non com\u00e9dog\u00e8ne. Fabriqu\u00e9 en Italie.<\/p>\n<p class=\"\" data-start=\"4275\" data-end=\"4385\"><strong data-start=\"4275\" data-end=\"4385\">Avec I\u2019m Loveproof Matt, la couleur reste\u2026 et l\u2019amour aussi. Offrez \u00e0 vos l\u00e8vres l\u2019intensit\u00e9 qu\u2019elles m\u00e9ritent.<\/strong><\/p>\n<p data-start=\"4275\" data-end=\"4385\">\n<p data-start=\"1414\" data-end=\"1472\">Follow us! \u00a0<a href=\"https:\/\/www.instagram.com\/freeshopswiss\/\" target=\"_blank\" rel=\"noopener\">@freeshopswiss<\/a><\/p>\n","protected":false},"excerpt":{"rendered":"<p>PUPA I\u2019m Loveproof Matt Liquid Lip Colour 2,7 ml est le rouge \u00e0 l\u00e8vres liquide mat qui allie couleur intense, tenue longue dur\u00e9e et confort absolu. Con\u00e7u pour celles qui veulent des l\u00e8vres parfaitement dessin\u00e9es et qui durent, c\u2019est le choix id\u00e9al pour un look sophistiqu\u00e9 et sans compromis. Sa texture fluide et l\u00e9g\u00e8re s\u2019applique [&hellip;]<\/p>\n","protected":false},"featured_media":25284,"comment_status":"open","ping_status":"closed","template":"","meta":[],"pwb-brand":[581],"product_brand":[],"product_cat":[566,586],"product_tag":[296,477,587],"class_list":{"0":"post-25364","1":"product","2":"type-product","3":"status-publish","4":"has-post-thumbnail","6":"pwb-brand-pupa","7":"product_cat-make-up-fr-2","8":"product_cat-maquillage-de-slevres-fr","9":"product_tag-femme","10":"product_tag-maquillage","11":"product_tag-maquillage-des-levres-fr","13":"first","14":"instock","15":"sale","16":"taxable","17":"shipping-taxable","18":"purchasable","19":"product-type-variable","20":"has-default-attributes"},"brands":[{"id":581,"name":"Pupa","slug":"pupa"}],"_links":{"self":[{"href":"https:\/\/www.freeshopfrontiera.ch\/fr\/wp-json\/wp\/v2\/product\/25364","targetHints":{"allow":["GET"]}}],"collection":[{"href":"https:\/\/www.freeshopfrontiera.ch\/fr\/wp-json\/wp\/v2\/product"}],"about":[{"href":"https:\/\/www.freeshopfrontiera.ch\/fr\/wp-json\/wp\/v2\/types\/product"}],"replies":[{"embeddable":true,"href":"https:\/\/www.freeshopfrontiera.ch\/fr\/wp-json\/wp\/v2\/comments?post=25364"}],"version-history":[{"count":4,"href":"https:\/\/www.freeshopfrontiera.ch\/fr\/wp-json\/wp\/v2\/product\/25364\/revisions"}],"predecessor-version":[{"id":25400,"href":"https:\/\/www.freeshopfrontiera.ch\/fr\/wp-json\/wp\/v2\/product\/25364\/revisions\/25400"}],"wp:featuredmedia":[{"embeddable":true,"href":"https:\/\/www.freeshopfrontiera.ch\/fr\/wp-json\/wp\/v2\/media\/25284"}],"wp:attachment":[{"href":"https:\/\/www.freeshopfrontiera.ch\/fr\/wp-json\/wp\/v2\/media?parent=25364"}],"wp:term":[{"taxonomy":"pwb-brand","embeddable":true,"href":"https:\/\/www.freeshopfrontiera.ch\/fr\/wp-json\/wp\/v2\/pwb-brand?post=25364"},{"taxonomy":"product_brand","embeddable":true,"href":"https:\/\/www.freeshopfrontiera.ch\/fr\/wp-json\/wp\/v2\/product_brand?post=25364"},{"taxonomy":"product_cat","embeddable":true,"href":"https:\/\/www.freeshopfrontiera.ch\/fr\/wp-json\/wp\/v2\/product_cat?post=25364"},{"taxonomy":"product_tag","embeddable":true,"href":"https:\/\/www.freeshopfrontiera.ch\/fr\/wp-json\/wp\/v2\/product_tag?post=25364"}],"curies":[{"name":"wp","href":"https:\/\/api.w.org\/{rel}","templated":true}]}}