{"id":25791,"date":"2025-04-16T07:25:02","date_gmt":"2025-04-16T07:25:02","guid":{"rendered":"https:\/\/www.freeshopfrontiera.ch\/shop\/yves-saint-laurent-libre-body-balm-200ml\/"},"modified":"2025-04-16T07:48:17","modified_gmt":"2025-04-16T07:48:17","slug":"yves-saint-laurent-libre-body-balm-200ml","status":"publish","type":"product","link":"https:\/\/www.freeshopfrontiera.ch\/fr\/shop\/yves-saint-laurent-libre-body-balm-200ml\/","title":{"rendered":"YVES SAINT LAURENT Libre Body Balm 200ml"},"content":{"rendered":"<p class=\"\" data-start=\"2992\" data-end=\"3253\">D\u00e9couvrez l\u2019\u00e9l\u00e9gance au quotidien avec le <strong data-start=\"3034\" data-end=\"3053\">Libre Body Balm<\/strong> de <strong data-start=\"3057\" data-end=\"3079\">Yves Saint Laurent<\/strong>. Un baume corps soyeux, con\u00e7u pour offrir un moment de plaisir et de raffinement. Sa texture douce fond instantan\u00e9ment sur la peau, la laissant souple, nourrie et lumineuse.<\/p>\n<p class=\"\" data-start=\"3255\" data-end=\"3516\">Enrichi en actifs hydratants, ce baume procure un confort durable. Chaque application parfume d\u00e9licatement la peau avec les notes embl\u00e9matiques de <strong data-start=\"3402\" data-end=\"3411\">Libre<\/strong> : lavande fran\u00e7aise, fleur d\u2019oranger et vanille de Madagascar. Un m\u00e9lange audacieux, f\u00e9minin et moderne.<\/p>\n<p class=\"\" data-start=\"3518\" data-end=\"3757\">Parfait apr\u00e8s la douche ou \u00e0 tout moment de la journ\u00e9e, le <strong data-start=\"3577\" data-end=\"3596\">Libre Body Balm<\/strong> transforme la routine corporelle en une exp\u00e9rience sensorielle. Le parfum se diffuse subtilement, laissant un sillage \u00e9l\u00e9gant et sensuel, sans \u00eatre envahissant.<\/p>\n<p class=\"\" data-start=\"3759\" data-end=\"3960\">Le flacon de <strong data-start=\"3772\" data-end=\"3781\">200ml<\/strong> est id\u00e9al pour une utilisation r\u00e9guli\u00e8re, gardant la peau douce et hydrat\u00e9e m\u00eame pendant l\u2019hiver. Le design \u00e9pur\u00e9 refl\u00e8te toute la sophistication de la maison Yves Saint Laurent.<\/p>\n<p class=\"\" data-start=\"3962\" data-end=\"4100\">Convient \u00e0 tous les types de peau, ce baume est aussi une excellente id\u00e9e cadeau pour celles qui aiment prendre soin d\u2019elles avec style.<\/p>\n<p class=\"\" data-start=\"4102\" data-end=\"4192\">Avec le <strong data-start=\"4110\" data-end=\"4129\">Libre Body Balm<\/strong>, le soin du corps devient un moment de beaut\u00e9 et de libert\u00e9.<\/p>\n<p class=\"\" data-start=\"4194\" data-end=\"4265\"><strong data-start=\"4194\" data-end=\"4227\">\u00c9l\u00e9gance, f\u00e9minit\u00e9 et confort<\/strong>, r\u00e9unis dans un soin corps luxueux.<\/p>\n<p class=\"\" data-start=\"4267\" data-end=\"4314\">Choisissez YSL. Choisissez le luxe sur la peau.<\/p>\n<p data-start=\"1520\" data-end=\"1560\">Follow us!\u00a0<a href=\"https:\/\/www.instagram.com\/freeshopswiss\/\" target=\"_blank\" rel=\"noopener\">@freeshopswiss<\/a><\/p>\n","protected":false},"excerpt":{"rendered":"<p>D\u00e9couvrez l\u2019\u00e9l\u00e9gance au quotidien avec le Libre Body Balm de Yves Saint Laurent. Un baume corps soyeux, con\u00e7u pour offrir un moment de plaisir et de raffinement. Sa texture douce fond instantan\u00e9ment sur la peau, la laissant souple, nourrie et lumineuse. Enrichi en actifs hydratants, ce baume procure un confort durable. Chaque application parfume d\u00e9licatement [&hellip;]<\/p>\n","protected":false},"featured_media":25783,"comment_status":"open","ping_status":"closed","template":"","meta":[],"pwb-brand":[268],"product_brand":[],"product_cat":[109,295],"product_tag":[296,417],"class_list":{"0":"post-25791","1":"product","2":"type-product","3":"status-publish","4":"has-post-thumbnail","6":"pwb-brand-yves-saint-laurent","7":"product_cat-pour-elle","8":"product_cat-traitements","9":"product_tag-femme","10":"product_tag-soins-fr","12":"first","13":"instock","14":"sale","15":"taxable","16":"shipping-taxable","17":"purchasable","18":"product-type-simple"},"brands":[{"id":268,"name":"Yves Saint Laurent","slug":"yves-saint-laurent"}],"_links":{"self":[{"href":"https:\/\/www.freeshopfrontiera.ch\/fr\/wp-json\/wp\/v2\/product\/25791","targetHints":{"allow":["GET"]}}],"collection":[{"href":"https:\/\/www.freeshopfrontiera.ch\/fr\/wp-json\/wp\/v2\/product"}],"about":[{"href":"https:\/\/www.freeshopfrontiera.ch\/fr\/wp-json\/wp\/v2\/types\/product"}],"replies":[{"embeddable":true,"href":"https:\/\/www.freeshopfrontiera.ch\/fr\/wp-json\/wp\/v2\/comments?post=25791"}],"version-history":[{"count":1,"href":"https:\/\/www.freeshopfrontiera.ch\/fr\/wp-json\/wp\/v2\/product\/25791\/revisions"}],"predecessor-version":[{"id":25799,"href":"https:\/\/www.freeshopfrontiera.ch\/fr\/wp-json\/wp\/v2\/product\/25791\/revisions\/25799"}],"wp:featuredmedia":[{"embeddable":true,"href":"https:\/\/www.freeshopfrontiera.ch\/fr\/wp-json\/wp\/v2\/media\/25783"}],"wp:attachment":[{"href":"https:\/\/www.freeshopfrontiera.ch\/fr\/wp-json\/wp\/v2\/media?parent=25791"}],"wp:term":[{"taxonomy":"pwb-brand","embeddable":true,"href":"https:\/\/www.freeshopfrontiera.ch\/fr\/wp-json\/wp\/v2\/pwb-brand?post=25791"},{"taxonomy":"product_brand","embeddable":true,"href":"https:\/\/www.freeshopfrontiera.ch\/fr\/wp-json\/wp\/v2\/product_brand?post=25791"},{"taxonomy":"product_cat","embeddable":true,"href":"https:\/\/www.freeshopfrontiera.ch\/fr\/wp-json\/wp\/v2\/product_cat?post=25791"},{"taxonomy":"product_tag","embeddable":true,"href":"https:\/\/www.freeshopfrontiera.ch\/fr\/wp-json\/wp\/v2\/product_tag?post=25791"}],"curies":[{"name":"wp","href":"https:\/\/api.w.org\/{rel}","templated":true}]}}