{"id":25818,"date":"2025-04-16T08:16:03","date_gmt":"2025-04-16T08:16:03","guid":{"rendered":"https:\/\/www.freeshopfrontiera.ch\/shop\/yves-saint-laurent-la-nuit-de-lhomme-deodorante-stick\/"},"modified":"2025-04-16T08:23:35","modified_gmt":"2025-04-16T08:23:35","slug":"yves-saint-laurent-la-nuit-de-lhomme-deodorante-stick","status":"publish","type":"product","link":"https:\/\/www.freeshopfrontiera.ch\/fr\/shop\/yves-saint-laurent-la-nuit-de-lhomme-deodorante-stick\/","title":{"rendered":"YVES SAINT LAURENT La Nuit de l&rsquo;Homme Deo Stick"},"content":{"rendered":"<p class=\"\" data-start=\"3096\" data-end=\"3361\">Le <strong data-start=\"3099\" data-end=\"3158\">D\u00e9odorant Stick La Nuit de l\u2019Homme d\u2019Yves Saint Laurent<\/strong> offre une protection efficace tout en prolongeant l\u2019\u00e9l\u00e9gance d\u2019un parfum iconique. Son format stick de 75g est pratique, facile \u00e0 appliquer, et garantit une fra\u00eecheur durable tout au long de la journ\u00e9e.<\/p>\n<p class=\"\" data-start=\"3363\" data-end=\"3629\">Inspir\u00e9 par la c\u00e9l\u00e8bre fragrance <strong data-start=\"3396\" data-end=\"3418\">La Nuit de l\u2019Homme<\/strong>, ce d\u00e9odorant allie soin et raffinement. Sa formule sans alcool respecte les peaux sensibles et laisse une empreinte parfum\u00e9e subtile mais reconnaissable, fid\u00e8le aux notes bois\u00e9es et \u00e9pic\u00e9es du parfum original. Le D\u00e9odorant Stick\u00a0 d\u2019Yves Saint Laurent offre une protection efficace tout en prolongeant l\u2019\u00e9l\u00e9gance d\u2019un parfum iconique.<\/p>\n<p class=\"\" data-start=\"3631\" data-end=\"3851\">Les notes de t\u00eate r\u00e9v\u00e8lent la fra\u00eecheur du <strong data-start=\"3674\" data-end=\"3687\">cardamome<\/strong>, suivie d\u2019un c\u0153ur chaud de <strong data-start=\"3715\" data-end=\"3741\">lavande et bois \u00e9pic\u00e9s<\/strong>, puis d\u2019un fond profond de <strong data-start=\"3769\" data-end=\"3793\">v\u00e9tiver et coumarine<\/strong>. Le r\u00e9sultat est un sillage masculin, sensuel et \u00e9l\u00e9gant.<\/p>\n<p class=\"\" data-start=\"3853\" data-end=\"4033\">Le design sobre et raffin\u00e9 du stick refl\u00e8te l\u2019esth\u00e9tique intemporelle de la maison <strong data-start=\"3936\" data-end=\"3958\">Yves Saint Laurent<\/strong>. Compact et pratique, il s\u2019emporte partout, du bureau \u00e0 la salle de sport.<\/p>\n<p class=\"\" data-start=\"4035\" data-end=\"4263\">Le <strong data-start=\"4038\" data-end=\"4076\">D\u00e9odorant Stick La Nuit de l\u2019Homme<\/strong> est bien plus qu\u2019un simple geste d\u2019hygi\u00e8ne : c\u2019est un rituel de style, un moyen discret de prolonger l\u2019intensit\u00e9 de votre parfum pr\u00e9f\u00e9r\u00e9 et d\u2019affirmer votre pr\u00e9sence avec sophistication.<\/p>\n<p data-start=\"1633\" data-end=\"1846\">Follow us!\u00a0<a href=\"https:\/\/www.instagram.com\/freeshopswiss\/\" target=\"_blank\" rel=\"noopener\">@freeshopswiss<\/a><\/p>\n","protected":false},"excerpt":{"rendered":"<p>Le D\u00e9odorant Stick La Nuit de l\u2019Homme d\u2019Yves Saint Laurent offre une protection efficace tout en prolongeant l\u2019\u00e9l\u00e9gance d\u2019un parfum iconique. Son format stick de 75g est pratique, facile \u00e0 appliquer, et garantit une fra\u00eecheur durable tout au long de la journ\u00e9e. Inspir\u00e9 par la c\u00e9l\u00e8bre fragrance La Nuit de l\u2019Homme, ce d\u00e9odorant allie soin [&hellip;]<\/p>\n","protected":false},"featured_media":25814,"comment_status":"open","ping_status":"closed","template":"","meta":[],"pwb-brand":[268],"product_brand":[],"product_cat":[89,435],"product_tag":[407,143],"class_list":{"0":"post-25818","1":"product","2":"type-product","3":"status-publish","4":"has-post-thumbnail","6":"pwb-brand-yves-saint-laurent","7":"product_cat-pour-lui","8":"product_cat-deodorant","9":"product_tag-deodoranti-fr","10":"product_tag-homme","12":"first","13":"instock","14":"sale","15":"taxable","16":"shipping-taxable","17":"purchasable","18":"product-type-simple"},"brands":[{"id":268,"name":"Yves Saint Laurent","slug":"yves-saint-laurent"}],"_links":{"self":[{"href":"https:\/\/www.freeshopfrontiera.ch\/fr\/wp-json\/wp\/v2\/product\/25818","targetHints":{"allow":["GET"]}}],"collection":[{"href":"https:\/\/www.freeshopfrontiera.ch\/fr\/wp-json\/wp\/v2\/product"}],"about":[{"href":"https:\/\/www.freeshopfrontiera.ch\/fr\/wp-json\/wp\/v2\/types\/product"}],"replies":[{"embeddable":true,"href":"https:\/\/www.freeshopfrontiera.ch\/fr\/wp-json\/wp\/v2\/comments?post=25818"}],"version-history":[{"count":3,"href":"https:\/\/www.freeshopfrontiera.ch\/fr\/wp-json\/wp\/v2\/product\/25818\/revisions"}],"predecessor-version":[{"id":25828,"href":"https:\/\/www.freeshopfrontiera.ch\/fr\/wp-json\/wp\/v2\/product\/25818\/revisions\/25828"}],"wp:featuredmedia":[{"embeddable":true,"href":"https:\/\/www.freeshopfrontiera.ch\/fr\/wp-json\/wp\/v2\/media\/25814"}],"wp:attachment":[{"href":"https:\/\/www.freeshopfrontiera.ch\/fr\/wp-json\/wp\/v2\/media?parent=25818"}],"wp:term":[{"taxonomy":"pwb-brand","embeddable":true,"href":"https:\/\/www.freeshopfrontiera.ch\/fr\/wp-json\/wp\/v2\/pwb-brand?post=25818"},{"taxonomy":"product_brand","embeddable":true,"href":"https:\/\/www.freeshopfrontiera.ch\/fr\/wp-json\/wp\/v2\/product_brand?post=25818"},{"taxonomy":"product_cat","embeddable":true,"href":"https:\/\/www.freeshopfrontiera.ch\/fr\/wp-json\/wp\/v2\/product_cat?post=25818"},{"taxonomy":"product_tag","embeddable":true,"href":"https:\/\/www.freeshopfrontiera.ch\/fr\/wp-json\/wp\/v2\/product_tag?post=25818"}],"curies":[{"name":"wp","href":"https:\/\/api.w.org\/{rel}","templated":true}]}}